{"id":1275,"date":"2022-09-19T13:35:21","date_gmt":"2022-09-19T13:35:21","guid":{"rendered":"https:\/\/bocamspain.com\/aviso-legal\/"},"modified":"2024-08-02T09:50:23","modified_gmt":"2024-08-02T09:50:23","slug":"aviso-legal","status":"publish","type":"page","link":"https:\/\/bocamspain.com\/es\/aviso-legal\/","title":{"rendered":"Aviso Legal"},"content":{"rendered":"\t\t<div data-elementor-type=\"wp-page\" data-elementor-id=\"1275\" class=\"elementor elementor-1275 elementor-445\">\n\t\t\t\t\t\t<section class=\"elementor-section elementor-top-section elementor-element elementor-element-effa053 elementor-section-content-middle elementor-section-boxed elementor-section-height-default elementor-section-height-default\" data-id=\"effa053\" data-element_type=\"section\" data-e-type=\"section\" data-settings=\"{&quot;background_background&quot;:&quot;classic&quot;}\">\n\t\t\t\t\t\t\t<div class=\"elementor-background-overlay\"><\/div>\n\t\t\t\t\t\t\t<div class=\"elementor-container elementor-column-gap-default\">\n\t\t\t\t\t<div class=\"elementor-column elementor-col-100 elementor-top-column elementor-element elementor-element-9870d9b\" data-id=\"9870d9b\" data-element_type=\"column\" data-e-type=\"column\">\n\t\t\t<div class=\"elementor-widget-wrap elementor-element-populated\">\n\t\t\t\t\t\t<div class=\"elementor-element elementor-element-80b3f5e elementor-widget elementor-widget-heading\" data-id=\"80b3f5e\" data-element_type=\"widget\" data-e-type=\"widget\" data-widget_type=\"heading.default\">\n\t\t\t\t<div class=\"elementor-widget-container\">\n\t\t\t\t\t<h1 class=\"elementor-heading-title elementor-size-default\">Bocam Spain Aviso Legal: Informaci\u00f3n Importante para Usuarios<\/h1>\t\t\t\t<\/div>\n\t\t\t\t<\/div>\n\t\t\t\t\t<\/div>\n\t\t<\/div>\n\t\t\t\t\t<\/div>\n\t\t<\/section>\n\t\t\t\t<section class=\"elementor-section elementor-top-section elementor-element elementor-element-d40400e elementor-section-content-middle elementor-section-boxed elementor-section-height-default elementor-section-height-default\" data-id=\"d40400e\" data-element_type=\"section\" data-e-type=\"section\" data-settings=\"{&quot;background_background&quot;:&quot;classic&quot;}\">\n\t\t\t\t\t\t<div class=\"elementor-container elementor-column-gap-default\">\n\t\t\t\t\t<div class=\"elementor-column elementor-col-100 elementor-top-column elementor-element elementor-element-4628c36\" data-id=\"4628c36\" data-element_type=\"column\" data-e-type=\"column\">\n\t\t\t<div class=\"elementor-widget-wrap elementor-element-populated\">\n\t\t\t\t\t\t<div class=\"elementor-element elementor-element-4540239 elementor-widget elementor-widget-text-editor\" data-id=\"4540239\" data-element_type=\"widget\" data-e-type=\"widget\" data-widget_type=\"text-editor.default\">\n\t\t\t\t<div class=\"elementor-widget-container\">\n\t\t\t\t\t\t\t\t\t<p>El sitio web <em>www.bocamspain.com<\/em> est\u00e1 gestionado por la empresa BOCAM HOME S.L., y pone a disposici\u00f3n de los usuarios de Internet el presente documento, cuyo objeto es dar cumplimiento a las obligaciones dispuestas en la <a href=\"http:\/\/app.vlex.com\/#vid\/172670\">Ley 34\/2002, de 11 de junio, de Servicios de la Sociedad de la Informaci\u00f3n y del Comercio Electr\u00f3nico (LSSICE)<\/a>, como en la <a href=\"http:\/\/app.vlex.com\/#vid\/748336069\">LO 3\/2018, de 5 de diciembre<\/a>, de Protecci\u00f3n de Datos de Car\u00e1cter Personal y garant\u00eda de los derechos digitales, y en el <a href=\"http:\/\/app.vlex.com\/#vid\/637528825\">Reglamento (UE) 2016\/679 <\/a>del Parlamento Europeo y del Consejo de 27 de abril de 2016 y dem\u00e1s normativa aplicable, as\u00ed como informar sobre las condiciones de uso.<\/p>\n\t\t\t\t\t\t\t\t<\/div>\n\t\t\t\t<\/div>\n\t\t\t\t<div class=\"elementor-element elementor-element-e64202d elementor-widget elementor-widget-heading\" data-id=\"e64202d\" data-element_type=\"widget\" data-e-type=\"widget\" data-widget_type=\"heading.default\">\n\t\t\t\t<div class=\"elementor-widget-container\">\n\t\t\t\t\t<h2 class=\"elementor-heading-title elementor-size-default\">DATOS IDENTIFICATIVOS<\/h2>\t\t\t\t<\/div>\n\t\t\t\t<\/div>\n\t\t\t\t<div class=\"elementor-element elementor-element-d84b438 elementor-widget elementor-widget-text-editor\" data-id=\"d84b438\" data-element_type=\"widget\" data-e-type=\"widget\" data-widget_type=\"text-editor.default\">\n\t\t\t\t<div class=\"elementor-widget-container\">\n\t\t\t\t\t\t\t\t\t<p>En cumplimiento del deber de informaci\u00f3n regulado en el <a href=\"http:\/\/app.vlex.com\/#vid\/172670\/node\/10\">art. 10 LSSICE<\/a>, a continuaci\u00f3n se facilitan los datos necesarios del titular de la p\u00e1gina web:<\/p>\n<p>La empresa que gestiona los servicios y el dominio web es BOCAM HOME S.L. con N.I.F. B10722668, con domicilio social a estos efectos en Calle \u00c1ngel Mu\u00f1oz 22 , 28043<\/p>\n<p>Tel\u00e9fono +34 613009644, direcci\u00f3n de correo electr\u00f3nico de contacto info@bocamspain.com, inscrita en el Registro Mercantil de Madrid con n\u00famero de inscripci\u00f3n 1\/2022\/91153<\/p>\n\t\t\t\t\t\t\t\t<\/div>\n\t\t\t\t<\/div>\n\t\t\t\t<div class=\"elementor-element elementor-element-637db5c elementor-widget elementor-widget-heading\" data-id=\"637db5c\" data-element_type=\"widget\" data-e-type=\"widget\" data-widget_type=\"heading.default\">\n\t\t\t\t<div class=\"elementor-widget-container\">\n\t\t\t\t\t<h2 class=\"elementor-heading-title elementor-size-default\">USUARIOS<\/h2>\t\t\t\t<\/div>\n\t\t\t\t<\/div>\n\t\t\t\t<div class=\"elementor-element elementor-element-91dce5b elementor-widget elementor-widget-text-editor\" data-id=\"91dce5b\" data-element_type=\"widget\" data-e-type=\"widget\" data-widget_type=\"text-editor.default\">\n\t\t\t\t<div class=\"elementor-widget-container\">\n\t\t\t\t\t\t\t\t\t<p>Toda persona, ya sea f\u00edsica o jur\u00eddica, que acceda, navegue, utilice o participe en los servicios y actividades, gratuitas u onerosas, desarrolladas mediante esta p\u00e1gina web asume la condici\u00f3n de USUARIO, y como tal, a trav\u00e9s de dicho acceso, se compromete a la observancia y riguroso cumplimiento de las disposiciones aqu\u00ed presentes, as\u00ed como a cualquier otra disposici\u00f3n legal que resulte de aplicaci\u00f3n, oblig\u00e1ndose as\u00ed a hacer un uso correcto del sitio web. El usuario responder\u00e1 frente a BOCAM HOME SL. o frente a terceros, de cualesquiera da\u00f1os y perjuicios que pudieran causarse como consecuencia del incumplimiento de dicha obligaci\u00f3n.<\/p>\n\t\t\t\t\t\t\t\t<\/div>\n\t\t\t\t<\/div>\n\t\t\t\t<div class=\"elementor-element elementor-element-7e2bb71 elementor-widget elementor-widget-heading\" data-id=\"7e2bb71\" data-element_type=\"widget\" data-e-type=\"widget\" data-widget_type=\"heading.default\">\n\t\t\t\t<div class=\"elementor-widget-container\">\n\t\t\t\t\t<h2 class=\"elementor-heading-title elementor-size-default\">MODIFICACIONES<\/h2>\t\t\t\t<\/div>\n\t\t\t\t<\/div>\n\t\t\t\t<div class=\"elementor-element elementor-element-b1306e4 elementor-widget elementor-widget-text-editor\" data-id=\"b1306e4\" data-element_type=\"widget\" data-e-type=\"widget\" data-widget_type=\"text-editor.default\">\n\t\t\t\t<div class=\"elementor-widget-container\">\n\t\t\t\t\t\t\t\t\t<p>BOCAM HOME S.L. se reserva el derecho de realizar unilateralmente las modificaciones que estime pertinentes en su portal, pudiendo cambiar, suprimir o a\u00f1adir tanto los contenidos como los servicios que se presten a trav\u00e9s del mismo, sin que exista obligaci\u00f3n de preavisar o poner en conocimiento de los usuarios dichas modificaciones, entendi\u00e9ndose como suficiente con la publicaci\u00f3n en el sitio web del prestador.<\/p>\n<p>La duraci\u00f3n de la prestaci\u00f3n del servicio del portal se limita al momento en que el usuario est\u00e9 conectado al sitio web o a alguno de los servicios que \u00e9ste proporciona. Por ello, el usuario, en cada ocasi\u00f3n que pretenda utilizar el portal, debe leer detenidamente este Aviso Legal, ya que el mismo y sus respectivas condiciones de uso pueden verse alteradas en cualquier momento. Por tanto, la vigencia de las citadas condiciones variar\u00e1 en funci\u00f3n de su exposici\u00f3n y se mantendr\u00e1 mientras est\u00e9n debidamente publicadas, hasta que se vean sustituidas por otras.<\/p>\n\t\t\t\t\t\t\t\t<\/div>\n\t\t\t\t<\/div>\n\t\t\t\t<div class=\"elementor-element elementor-element-07129d0 elementor-widget elementor-widget-heading\" data-id=\"07129d0\" data-element_type=\"widget\" data-e-type=\"widget\" data-widget_type=\"heading.default\">\n\t\t\t\t<div class=\"elementor-widget-container\">\n\t\t\t\t\t<h2 class=\"elementor-heading-title elementor-size-default\">CONDICIONES DE USO DEL SITIO WEB<\/h2>\t\t\t\t<\/div>\n\t\t\t\t<\/div>\n\t\t\t\t<div class=\"elementor-element elementor-element-c01dcf5 elementor-widget elementor-widget-text-editor\" data-id=\"c01dcf5\" data-element_type=\"widget\" data-e-type=\"widget\" data-widget_type=\"text-editor.default\">\n\t\t\t\t<div class=\"elementor-widget-container\">\n\t\t\t\t\t\t\t\t\t<p>Las presentes condiciones de uso y navegaci\u00f3n tienen como finalidad regular la relaci\u00f3n entre el titular de la p\u00e1gina web, BOCAM HOME S.L., como prestador del servicio, y los usuarios que acceden, navegan y disfrutan del servicio ofrecido.<\/p>\n<p>www.bocamspain.com, proporciona el acceso libre y gratuito a gran cantidad de informaci\u00f3n, servicios y datos (en adelante, \u201clos contenidos\u201d), cuya propiedad pertenece a BOCAM HOME S.L. o a sus licenciantes a los que el usuario puede tener acceso.<\/p>\n<p>El usuario asume la responsabilidad del uso adecuado del portal de conformidad con la Ley y las presentes condiciones, responsabilidad que se extiende al registro necesario para acceder a determinados servicios y contenidos que se prestan. Dicho registro conlleva la cumplimentaci\u00f3n del correspondiente formulario, en el cual el usuario garantiza la autenticidad y actualidad de todos aquellos datos que comunique y se compromete a no proporcionar informaci\u00f3n o documentaci\u00f3n falsa, fraudulenta o il\u00edcita. A ra\u00edz del mismo puede surgir la creaci\u00f3n de una contrase\u00f1a que el usuario deber\u00e1 conservar diligentemente y de manera confidencial. El usuario ser\u00e1 el \u00fanico responsable de las manifestaciones falsas o inexactas que realice y de los perjuicios que cause a BOCAM HOME S.L. o a terceros por la informaci\u00f3n que facilite.<\/p>\n<p>El usuario se compromete expresamente a hacer un adecuado uso de los contenidos y servicios [por ejemplo, servicios de chat, foros de discusi\u00f3n, grupos de noticias\u2026] que www.gestiondeinquilinos.com ofrece, conforme a lo establecido en la ley, la moral, el orden p\u00fablico y las presentes condiciones y, con car\u00e1cter enunciativo pero no limitativo, a no emplearlos para:<\/p>\n<ul>\n<li>Difundir contenidos delictivos, violentos, pornogr\u00e1ficos, racistas, xen\u00f3fobos, ofensivos, de apolog\u00eda al terrorismo, que atenten contra los derechos humanos o, en general, contrarios a la ley o al orden p\u00fablico.<\/li>\n<li>Introducir intencionadamente en la red virus inform\u00e1ticos o realizar actuaciones susceptibles de alterar, estropear, interrumpir o generar errores o da\u00f1os en los sistemas f\u00edsicos y l\u00f3gicos de BOCAM HOME S.L.], creadora del sitio web, o de terceras personas; as\u00ed como obstaculizar el acceso de otros usuarios al sitio web y a sus servicios mediante el consumo masivo de los recursos inform\u00e1ticos a trav\u00e9s de los cuales BOCAM HOME S.L. presta sus servicios.<\/li>\n<li>Intentar acceder a las cuentas de correo electr\u00f3nico de otros usuarios o a \u00e1reas restringidas de los sistemas inform\u00e1ticos de BOCAM HOME S.L. o de terceros y, en su caso, extraer informaci\u00f3n.<\/li>\n<li>Vulnerar los derechos de propiedad intelectual o industrial, as\u00ed como difundir, transmitir o poner a disposici\u00f3n de terceros cualquier tipo de informaci\u00f3n, elemento o contenido que suponga una violaci\u00f3n del secreto de las comunicaciones y la legislaci\u00f3n sobre protecci\u00f3n de datos de car\u00e1cter personal.<\/li>\n<li>Suplantar la identidad de otro usuario, de las administraciones p\u00fablicas o de un tercero, utilizando sus claves de registro a los distintos servicios y\/o contenidos del sitio web.<\/li>\n<li>Reproducir, copiar, distribuir, poner a disposici\u00f3n o de cualquier otra forma comunicar p\u00fablicamente, transformar o modificar los contenidos, a menos que se cuente con la autorizaci\u00f3n del titular de los correspondientes derechos de explotaci\u00f3n o ello resulte legalmente permitido.<\/li>\n<li>Recabar datos con finalidad publicitaria y remitir publicidad de cualquier clase y comunicaciones con fines de venta u otra de naturaleza comercial sin que medie previa solicitud o consentimiento.<\/li>\n<\/ul>\n<p>Cualquier incumplimiento de las cl\u00e1usulas contenidas en el presente sitio web (Aviso Legal, Pol\u00edtica de Privacidad, Pol\u00edtica de Cookies, as\u00ed como otros contenidos que supongan obligaciones para el usuario) y en general de la legalidad vigente en Espa\u00f1a, se comunicar\u00e1 inmediatamente por parte de BOCAM HOME S.L. a las autoridades pertinentes, comprometi\u00e9ndose \u00e9sta a cooperar con las mismas. En tal caso, el usuario responder\u00e1 frente a BOCAM HOME S.L. o frente a terceros, de cualesquiera da\u00f1os y perjuicios que pudieran causarse como consecuencia del incumplimiento de estas obligaciones.<\/p>\n<p>BOCAM HOME S.L. no garantiza que su p\u00e1gina web cumpla, total o parcialmente, con las legislaciones de otros pa\u00edses. Por tanto, si el usuario reside o se encuentra domiciliado en cualquier otro lugar que no sea Espa\u00f1a, y decide acceder y\/o navegar en el presente sitio web, lo har\u00e1 bajo su propia responsabilidad y riesgo, debiendo asegurarse de que tal acceso y\/o navegaci\u00f3n cumple con la legislaci\u00f3n local aplicable en su caso.<\/p>\n<p>BOCAM HOME S.L. no se hace responsable de ning\u00fan da\u00f1o o p\u00e9rdida que se derive de un ataque de denegaci\u00f3n de servicio, virus o cualquier otro programa o material tecnol\u00f3gicamente perjudicial que pueda afectar a su ordenador, equipo inform\u00e1tico, datos o materiales como consecuencia del uso de esta p\u00e1gina web o de la descarga de contenidos de la misma o a los que la misma redireccione.<\/p>\n\t\t\t\t\t\t\t\t<\/div>\n\t\t\t\t<\/div>\n\t\t\t\t<div class=\"elementor-element elementor-element-9cc0709 elementor-widget elementor-widget-heading\" data-id=\"9cc0709\" data-element_type=\"widget\" data-e-type=\"widget\" data-widget_type=\"heading.default\">\n\t\t\t\t<div class=\"elementor-widget-container\">\n\t\t\t\t\t<h2 class=\"elementor-heading-title elementor-size-default\">NOTIFICACIONES <\/h2>\t\t\t\t<\/div>\n\t\t\t\t<\/div>\n\t\t\t\t<div class=\"elementor-element elementor-element-5c2c755 elementor-widget elementor-widget-text-editor\" data-id=\"5c2c755\" data-element_type=\"widget\" data-e-type=\"widget\" data-widget_type=\"text-editor.default\">\n\t\t\t\t<div class=\"elementor-widget-container\">\n\t\t\t\t\t\t\t\t\t<p>Todas las notificaciones y comunicaciones entre los usuarios y BOCAM HOME S.L. se considerar\u00e1n eficaces, a todos los efectos, cuando se realicen a trav\u00e9s de correo postal, correo electr\u00f3nico o comunicaci\u00f3n telef\u00f3nica. Los usuarios deber\u00e1n dirigirse a BOCAM HOME S.L. mediante:<\/p>\n<ol>\n<li>Env\u00edo por correo postal a la siguiente direcci\u00f3n<br \/>BOCAM HOME S.L., Calle Angel Mu\u00f1oz 22, 28043 Madrid.<\/li>\n<li>Comunicaci\u00f3n por medio de llamada telef\u00f3nica al n\u00famero: +34 613009644<\/li>\n<li>Env\u00edo de correo electr\u00f3nico a la siguiente direcci\u00f3n: info@bocamspain.com<\/li>\n<\/ol>\n<p>Mediante el uso de esta p\u00e1gina web, el usuario acepta impl\u00edcitamente que la mayor parte de las comunicaciones se realizar\u00e1n por v\u00eda electr\u00f3nica. A efectos contractuales, el usuario consiente usar este medio electr\u00f3nico de comunicaci\u00f3n y reconoce que toda comunicaci\u00f3n que se le env\u00ede de forma electr\u00f3nica cumple con los requisitos legales.<\/p>\n\t\t\t\t\t\t\t\t<\/div>\n\t\t\t\t<\/div>\n\t\t\t\t<div class=\"elementor-element elementor-element-7af20a3 elementor-widget elementor-widget-heading\" data-id=\"7af20a3\" data-element_type=\"widget\" data-e-type=\"widget\" data-widget_type=\"heading.default\">\n\t\t\t\t<div class=\"elementor-widget-container\">\n\t\t\t\t\t<h2 class=\"elementor-heading-title elementor-size-default\">PROTECCI\u00d3N DE DATOS DE CAR\u00c1CTER PERSONAL<\/h2>\t\t\t\t<\/div>\n\t\t\t\t<\/div>\n\t\t\t\t<div class=\"elementor-element elementor-element-69d57f8 elementor-widget elementor-widget-text-editor\" data-id=\"69d57f8\" data-element_type=\"widget\" data-e-type=\"widget\" data-widget_type=\"text-editor.default\">\n\t\t\t\t<div class=\"elementor-widget-container\">\n\t\t\t\t\t\t\t\t\t<p>El titular de la p\u00e1gina web se compromete a tratar los datos personales del usuario de conformidad con lo establecido en la legislaci\u00f3n vigente en la materia. Concretamente, se compromete a aplicar lo dispuesto en la <a href=\"http:\/\/app.vlex.com\/#vid\/748336069\">LO 3\/2018, de 5 de diciembre<\/a>, de Protecci\u00f3n de Datos de Car\u00e1cter Personal y garant\u00eda de los derechos digitales, y en el <a href=\"http:\/\/app.vlex.com\/#vid\/637528825\">Reglamento (UE) 2016\/679<\/a> del Parlamento Europeo y del Consejo de 27 de abril de 2016.<\/p>\n<p>Para m\u00e1s informaci\u00f3n sobre el tratamiento de sus datos personales en el portal, dir\u00edjase a la <a href=\"https:\/\/bocamspain.com\/es\/politica-de-privacidad\/\">Pol\u00edtica de Privacidad<\/a>.<\/p>\n\t\t\t\t\t\t\t\t<\/div>\n\t\t\t\t<\/div>\n\t\t\t\t<div class=\"elementor-element elementor-element-e8b5b61 elementor-widget elementor-widget-heading\" data-id=\"e8b5b61\" data-element_type=\"widget\" data-e-type=\"widget\" data-widget_type=\"heading.default\">\n\t\t\t\t<div class=\"elementor-widget-container\">\n\t\t\t\t\t<h2 class=\"elementor-heading-title elementor-size-default\">PROPIEDAD INTELECTUAL E INDUSTRIAL <\/h2>\t\t\t\t<\/div>\n\t\t\t\t<\/div>\n\t\t\t\t<div class=\"elementor-element elementor-element-ec35aac elementor-widget elementor-widget-text-editor\" data-id=\"ec35aac\" data-element_type=\"widget\" data-e-type=\"widget\" data-widget_type=\"text-editor.default\">\n\t\t\t\t<div class=\"elementor-widget-container\">\n\t\t\t\t\t\t\t\t\t<p>Todos los contenidos del sitio web, entre otros, textos, fotograf\u00edas, gr\u00e1ficos, im\u00e1genes, iconos, tecnolog\u00eda, software, links y dem\u00e1s contenidos audiovisuales, as\u00ed como su dise\u00f1o gr\u00e1fico y c\u00f3digos fuente, constituyen una obra cuya propiedad pertenece a BOCAM HOME S.L., sin que puedan entenderse cedidos al usuario ninguno de los derechos de explotaci\u00f3n sobre los mismos m\u00e1s all\u00e1 de lo estrictamente necesario para el correcto uso de la web, y con independencia de que sean susceptibles o no de propiedad intelectual.<\/p>\n<p>Asimismo, todas las marcas, nombres comerciales o signos distintivos de cualquier clase que aparecen en el sitio web son propiedad de BOCAM HOME S.L., sin que pueda entenderse que el uso o acceso al mismo atribuya al usuario derecho alguno sobre los mismos.<\/p>\n<p>Queda prohibida la reproducci\u00f3n total o parcial, explotaci\u00f3n, distribuci\u00f3n, modificaci\u00f3n, cesi\u00f3n o comunicaci\u00f3n p\u00fablica de los contenidos y cualquier otro acto que no haya sido expresamente autorizado por el titular de los derechos de explotaci\u00f3n. Cualquier uso no autorizado previamente se considera un incumplimiento grave de los derechos de propiedad intelectual o industrial del autor.<\/p>\n<p>Para realizar cualquier tipo de observaci\u00f3n respecto a posibles incumplimientos de los derechos de propiedad intelectual o industrial, as\u00ed como sobre cualquiera de los contenidos del sitio web, el usuario deber\u00e1 notificar dicha circunstancia a BOCAM HOME S.L., adjuntando la informaci\u00f3n pertinente.<\/p>\n<p>En cualquier caso, BOCAM HOME S.L. no asume responsabilidad alguna respecto de los derechos de propiedad intelectual o industrial titularidad de terceros que se vean infringidos por un tercero o por el usuario.<\/p>\n\t\t\t\t\t\t\t\t<\/div>\n\t\t\t\t<\/div>\n\t\t\t\t<div class=\"elementor-element elementor-element-c3da9d8 elementor-widget elementor-widget-heading\" data-id=\"c3da9d8\" data-element_type=\"widget\" data-e-type=\"widget\" data-widget_type=\"heading.default\">\n\t\t\t\t<div class=\"elementor-widget-container\">\n\t\t\t\t\t<h2 class=\"elementor-heading-title elementor-size-default\">ENLACES<\/h2>\t\t\t\t<\/div>\n\t\t\t\t<\/div>\n\t\t\t\t<div class=\"elementor-element elementor-element-b0bb788 elementor-widget elementor-widget-text-editor\" data-id=\"b0bb788\" data-element_type=\"widget\" data-e-type=\"widget\" data-widget_type=\"text-editor.default\">\n\t\t\t\t<div class=\"elementor-widget-container\">\n\t\t\t\t\t\t\t\t\t<p>El sitio web de www.bocamspain.com propiedad de BOCAM HOME S.L. puede contener enlaces o hiperv\u00ednculos a otros sitios de Internet, respecto a los cuales no ejerce ning\u00fan tipo de control. Por tanto, una vez que el usuario acceda a los enlaces de terceros y abandone el sitio web, tanto el presente Aviso Legal, como la Pol\u00edtica de Privacidad y la Pol\u00edtica de Cookies dejar\u00e1n de surtir efecto, ya que los sitios web a los que el usuario acceda est\u00e1n sujetos a sus propias pol\u00edticas.<\/p>\n<p>BOCAM HOME S.L. no puede asumir responsabilidad alguna por el contenido que pueda aparecer en p\u00e1ginas de terceros, ni garantiza la disponibilidad t\u00e9cnica, calidad, fiabilidad, exactitud, amplitud, veracidad, validez y constitucionalidad de cualquier material o informaci\u00f3n contenida en ninguno de dichos enlaces o hiperv\u00ednculos. Asimismo, la inclusi\u00f3n de estas conexiones externas a sitios web ajenos no implica ning\u00fan tipo de asociaci\u00f3n, fusi\u00f3n o participaci\u00f3n con las entidades conectadas.<\/p>\n\t\t\t\t\t\t\t\t<\/div>\n\t\t\t\t<\/div>\n\t\t\t\t<div class=\"elementor-element elementor-element-3bb83e8 elementor-widget elementor-widget-heading\" data-id=\"3bb83e8\" data-element_type=\"widget\" data-e-type=\"widget\" data-widget_type=\"heading.default\">\n\t\t\t\t<div class=\"elementor-widget-container\">\n\t\t\t\t\t<h2 class=\"elementor-heading-title elementor-size-default\">EXCLUSI\u00d3N DE GARANT\u00cdAS Y RESPONSABILIDAD<\/h2>\t\t\t\t<\/div>\n\t\t\t\t<\/div>\n\t\t\t\t<div class=\"elementor-element elementor-element-30c757c elementor-widget elementor-widget-text-editor\" data-id=\"30c757c\" data-element_type=\"widget\" data-e-type=\"widget\" data-widget_type=\"text-editor.default\">\n\t\t\t\t<div class=\"elementor-widget-container\">\n\t\t\t\t\t\t\t\t\t<p>La informaci\u00f3n suministrada por el presente sitio web es de car\u00e1cter general y tiene una finalidad meramente informativa, sin que se garantice plenamente el acceso a todos los contenidos, ni su exactitud, exhaustividad, correcci\u00f3n, vigencia o actualidad, ni su idoneidad o utilidad para un objetivo espec\u00edfico.<\/p>\n<p>BOCAM HOME S.L. no se hace responsable, en ning\u00fan caso, de los da\u00f1os y perjuicios de cualquier naturaleza derivados de, a t\u00edtulo enunciativo:<\/p>\n<ul>\n<li>Errores u omisiones en los contenidos. BOCAM HOME S.L. no garantiza que los contenidos vayan a estar actualizados permanentemente, ni que carezcan de cualquier tipo de error.<\/li>\n<li>Ausencia de disponibilidad del portal. BOCAM HOME S.L. no se hace responsable de los posibles da\u00f1os o perjuicios generados al usuario como consecuencia de fallos o desconexiones en las redes de telecomunicaciones que supongan la suspensi\u00f3n, cancelaci\u00f3n o interrupci\u00f3n del servicio del sitio web, ya que el funcionamiento de estas redes depende de terceros.<\/li>\n<li>Presencia de virus o programas maliciosos o lesivos en los contenidos que puedan alterar los sistemas inform\u00e1ticos, documentos electr\u00f3nicos o datos de los usuarios, a pesar de haber adoptado todas las medidas tecnol\u00f3gicas necesarias para prevenirlo. Corresponde al usuario, en todo caso, estar provisto de herramientas adecuadas que le protejan ante programas inform\u00e1ticos da\u00f1inos.<\/li>\n<\/ul>\n\t\t\t\t\t\t\t\t<\/div>\n\t\t\t\t<\/div>\n\t\t\t\t<div class=\"elementor-element elementor-element-ce26f13 elementor-widget elementor-widget-heading\" data-id=\"ce26f13\" data-element_type=\"widget\" data-e-type=\"widget\" data-widget_type=\"heading.default\">\n\t\t\t\t<div class=\"elementor-widget-container\">\n\t\t\t\t\t<h2 class=\"elementor-heading-title elementor-size-default\">LEY APLICABLE Y JURISDICCI\u00d3N<\/h2>\t\t\t\t<\/div>\n\t\t\t\t<\/div>\n\t\t\t\t<div class=\"elementor-element elementor-element-b9dee4e elementor-widget elementor-widget-text-editor\" data-id=\"b9dee4e\" data-element_type=\"widget\" data-e-type=\"widget\" data-widget_type=\"text-editor.default\">\n\t\t\t\t<div class=\"elementor-widget-container\">\n\t\t\t\t\t\t\t\t\t<p>Las relaciones establecidas entre BOCAM HOME S.L., titular de la p\u00e1gina web, y el usuario se regir\u00e1n por la normativa espa\u00f1ola vigente.<\/p>\n\t\t\t\t\t\t\t\t<\/div>\n\t\t\t\t<\/div>\n\t\t\t\t\t<\/div>\n\t\t<\/div>\n\t\t\t\t\t<\/div>\n\t\t<\/section>\n\t\t\t\t<\/div>\n\t\t","protected":false},"excerpt":{"rendered":"<p>Bocam Spain Aviso Legal: Informaci\u00f3n Importante para Usuarios El sitio web www.bocamspain.com est\u00e1 gestionado por la empresa BOCAM HOME S.L., y pone a disposici\u00f3n de los usuarios de Internet el presente documento, cuyo objeto es dar cumplimiento a las obligaciones dispuestas en la Ley 34\/2002, de 11 de junio, de Servicios de la Sociedad de [&hellip;]<\/p>\n","protected":false},"author":1,"featured_media":0,"parent":0,"menu_order":0,"comment_status":"closed","ping_status":"closed","template":"elementor_header_footer","meta":{"_acf_changed":false,"_joinchat":[],"footnotes":""},"class_list":["post-1275","page","type-page","status-publish","hentry"],"acf":[],"aioseo_notices":[],"_links":{"self":[{"href":"https:\/\/bocamspain.com\/es\/wp-json\/wp\/v2\/pages\/1275","targetHints":{"allow":["GET"]}}],"collection":[{"href":"https:\/\/bocamspain.com\/es\/wp-json\/wp\/v2\/pages"}],"about":[{"href":"https:\/\/bocamspain.com\/es\/wp-json\/wp\/v2\/types\/page"}],"author":[{"embeddable":true,"href":"https:\/\/bocamspain.com\/es\/wp-json\/wp\/v2\/users\/1"}],"replies":[{"embeddable":true,"href":"https:\/\/bocamspain.com\/es\/wp-json\/wp\/v2\/comments?post=1275"}],"version-history":[{"count":2,"href":"https:\/\/bocamspain.com\/es\/wp-json\/wp\/v2\/pages\/1275\/revisions"}],"predecessor-version":[{"id":618122,"href":"https:\/\/bocamspain.com\/es\/wp-json\/wp\/v2\/pages\/1275\/revisions\/618122"}],"wp:attachment":[{"href":"https:\/\/bocamspain.com\/es\/wp-json\/wp\/v2\/media?parent=1275"}],"curies":[{"name":"wp","href":"https:\/\/api.w.org\/{rel}","templated":true}]}}