{"id":1283,"date":"2022-09-19T13:43:15","date_gmt":"2022-09-19T13:43:15","guid":{"rendered":"https:\/\/bocamspain.com\/politica-de-privacidad\/"},"modified":"2024-07-31T11:45:55","modified_gmt":"2024-07-31T11:45:55","slug":"politica-de-privacidad","status":"publish","type":"page","link":"https:\/\/bocamspain.com\/es\/politica-de-privacidad\/","title":{"rendered":"Pol\u00edtica de privacidad"},"content":{"rendered":"\t\t<div data-elementor-type=\"wp-page\" data-elementor-id=\"1283\" class=\"elementor elementor-1283\">\n\t\t\t\t\t\t<section class=\"elementor-section elementor-top-section elementor-element elementor-element-5096761 elementor-section-content-middle elementor-section-boxed elementor-section-height-default elementor-section-height-default\" data-id=\"5096761\" data-element_type=\"section\" data-e-type=\"section\" data-settings=\"{&quot;background_background&quot;:&quot;classic&quot;}\">\n\t\t\t\t\t\t\t<div class=\"elementor-background-overlay\"><\/div>\n\t\t\t\t\t\t\t<div class=\"elementor-container elementor-column-gap-default\">\n\t\t\t\t\t<div class=\"elementor-column elementor-col-100 elementor-top-column elementor-element elementor-element-163b352\" data-id=\"163b352\" data-element_type=\"column\" data-e-type=\"column\">\n\t\t\t<div class=\"elementor-widget-wrap elementor-element-populated\">\n\t\t\t\t\t\t<div class=\"elementor-element elementor-element-2a6f24d elementor-widget elementor-widget-heading\" data-id=\"2a6f24d\" data-element_type=\"widget\" data-e-type=\"widget\" data-widget_type=\"heading.default\">\n\t\t\t\t<div class=\"elementor-widget-container\">\n\t\t\t\t\t<h1 class=\"elementor-heading-title elementor-size-default\">Pol\u00edtica de privacidad: Protecci\u00f3n de datos de nuestros usuarios<\/h1>\t\t\t\t<\/div>\n\t\t\t\t<\/div>\n\t\t\t\t\t<\/div>\n\t\t<\/div>\n\t\t\t\t\t<\/div>\n\t\t<\/section>\n\t\t\t\t<section class=\"elementor-section elementor-top-section elementor-element elementor-element-5d721a7 elementor-section-content-middle elementor-section-boxed elementor-section-height-default elementor-section-height-default\" data-id=\"5d721a7\" data-element_type=\"section\" data-e-type=\"section\" data-settings=\"{&quot;background_background&quot;:&quot;classic&quot;}\">\n\t\t\t\t\t\t<div class=\"elementor-container elementor-column-gap-default\">\n\t\t\t\t\t<div class=\"elementor-column elementor-col-100 elementor-top-column elementor-element elementor-element-ee923ff\" data-id=\"ee923ff\" data-element_type=\"column\" data-e-type=\"column\">\n\t\t\t<div class=\"elementor-widget-wrap elementor-element-populated\">\n\t\t\t\t\t\t<div class=\"elementor-element elementor-element-743bcb8 elementor-widget elementor-widget-heading\" data-id=\"743bcb8\" data-element_type=\"widget\" data-e-type=\"widget\" data-widget_type=\"heading.default\">\n\t\t\t\t<div class=\"elementor-widget-container\">\n\t\t\t\t\t<h2 class=\"elementor-heading-title elementor-size-default\">Conoce nuestra Pol\u00edtica de privacidad<\/h2>\t\t\t\t<\/div>\n\t\t\t\t<\/div>\n\t\t\t\t<div class=\"elementor-element elementor-element-8f435e2 elementor-widget elementor-widget-text-editor\" data-id=\"8f435e2\" data-element_type=\"widget\" data-e-type=\"widget\" data-widget_type=\"text-editor.default\">\n\t\t\t\t<div class=\"elementor-widget-container\">\n\t\t\t\t\t\t\t\t\t<p>Somos una empresa en la que la transparencia en la informaci\u00f3n es fundamental para establecer una relaci\u00f3n de confianza con las personas que forman nuestro proyecto y con nuestros proveedores y clientes, siendo la protecci\u00f3n de los datos personales de las personas que conf\u00edan en nosotros de vital importancia, por lo que queremos mediante la presente Pol\u00edtica de privacidad informarte de c\u00f3mo recabamos y c\u00f3mo tratamos o utilizamos dichos datos.<\/p>\n<p>En esta pol\u00edtica de privacidad se establecen las bases sobre las que la empresa trata los datos de car\u00e1cter personal que voluntariamente nos facilitan nuestros usuarios a trav\u00e9s de la p\u00e1gina web.<\/p>\n<p>Esta Pol\u00edtica siempre ser\u00e1 aplicable cuando se faciliten datos a la empresa, el cual ser\u00e1 responsable de sus datos (Responsable del Tratamiento de los Datos), y a trav\u00e9s de cualquiera de los formularios de contacto o suscripci\u00f3n donde se recojan datos de car\u00e1cter personal (nombre, email, etc.).<\/p>\n\t\t\t\t\t\t\t\t<\/div>\n\t\t\t\t<\/div>\n\t\t\t\t<div class=\"elementor-element elementor-element-1bce10e elementor-widget elementor-widget-heading\" data-id=\"1bce10e\" data-element_type=\"widget\" data-e-type=\"widget\" data-widget_type=\"heading.default\">\n\t\t\t\t<div class=\"elementor-widget-container\">\n\t\t\t\t\t<h2 class=\"elementor-heading-title elementor-size-default\">A QU\u00c9 NOS COMPROMETEMOS<\/h2>\t\t\t\t<\/div>\n\t\t\t\t<\/div>\n\t\t\t\t<div class=\"elementor-element elementor-element-c92d9da elementor-widget elementor-widget-text-editor\" data-id=\"c92d9da\" data-element_type=\"widget\" data-e-type=\"widget\" data-widget_type=\"text-editor.default\">\n\t\t\t\t<div class=\"elementor-widget-container\">\n\t\t\t\t\t\t\t\t\t<ul>\n<li>A respetar la privacidad de nuestros usuarios y tratar los datos personales con el consentimiento de los mismos.<\/li>\n<li>A tratar los datos personales que estrictamente necesitemos para dar el servicio solicitado, y tratarlos de forma segura y confidencial, tomando las medidas necesarias para evitar el acceso no autorizado y el uso indebido de los mismos.<\/li>\n<li>A no utilizar los datos personales para finalidades para las que no hemos obtenido previamente el consentimiento.<\/li>\n<li>A no dar los datos personales a terceros ni compartirlos.<\/li>\n<li>A conservar los datos personales durante el tiempo estrictamente necesario para la finalidad concreta para la que han sido proporcionados.<\/li>\n<\/ul>\n\t\t\t\t\t\t\t\t<\/div>\n\t\t\t\t<\/div>\n\t\t\t\t<div class=\"elementor-element elementor-element-9c9a9ed elementor-widget elementor-widget-heading\" data-id=\"9c9a9ed\" data-element_type=\"widget\" data-e-type=\"widget\" data-widget_type=\"heading.default\">\n\t\t\t\t<div class=\"elementor-widget-container\">\n\t\t\t\t\t<h2 class=\"elementor-heading-title elementor-size-default\">QUI\u00c9N ES EL RESPONSABLE DE TUS DATOS PERSONALES<\/h2>\t\t\t\t<\/div>\n\t\t\t\t<\/div>\n\t\t\t\t<div class=\"elementor-element elementor-element-edc7413 elementor-widget elementor-widget-text-editor\" data-id=\"edc7413\" data-element_type=\"widget\" data-e-type=\"widget\" data-widget_type=\"text-editor.default\">\n\t\t\t\t<div class=\"elementor-widget-container\">\n\t\t\t\t\t\t\t\t\t<p><strong>Nombre de la empresa:<\/strong> BOCAM HOME S.L.<br \/><strong>CIF:<\/strong> B10722668<br \/><strong>Direcci\u00f3n:<\/strong> Calle \u00c1ngel Mu\u00f1oz 22 3L, 28043 Madrid<\/p>\n\t\t\t\t\t\t\t\t<\/div>\n\t\t\t\t<\/div>\n\t\t\t\t<div class=\"elementor-element elementor-element-5e14a19 elementor-widget elementor-widget-heading\" data-id=\"5e14a19\" data-element_type=\"widget\" data-e-type=\"widget\" data-widget_type=\"heading.default\">\n\t\t\t\t<div class=\"elementor-widget-container\">\n\t\t\t\t\t<h2 class=\"elementor-heading-title elementor-size-default\">QU\u00c9 ES UN DATO PERSONAL Y EL TRATAMIENTO DE DATOS PERSONALES<\/h2>\t\t\t\t<\/div>\n\t\t\t\t<\/div>\n\t\t\t\t<div class=\"elementor-element elementor-element-57a73f8 elementor-widget elementor-widget-text-editor\" data-id=\"57a73f8\" data-element_type=\"widget\" data-e-type=\"widget\" data-widget_type=\"text-editor.default\">\n\t\t\t\t<div class=\"elementor-widget-container\">\n\t\t\t\t\t\t\t\t\t<p>Un dato personal es toda informaci\u00f3n sobre una persona f\u00edsica identificada o identificable. Se considera persona f\u00edsica identificable toda persona cuya identidad pueda determinarse directa o indirectamente, en particular mediante un identificador, como por ejemplo un nombre, un n\u00famero de identificaci\u00f3n, datos de localizaci\u00f3n, un identificador en l\u00ednea o uno o varios elementos propios de la identidad f\u00edsica, fisiol\u00f3gica, gen\u00e9tica, ps\u00edquica, econ\u00f3mica, cultural o social de dicha persona.<\/p>\n<p>Asimismo, el tratamiento de datos personales implica cualquier operaci\u00f3n o conjunto de operaciones realizadas sobre datos personales o conjuntos de datos personales, ya sea por procedimientos automatizados o no, como la recogida, registro, organizaci\u00f3n, estructuraci\u00f3n, conservaci\u00f3n, adaptaci\u00f3n o modificaci\u00f3n, extracci\u00f3n, consulta, utilizaci\u00f3n, comunicaci\u00f3n por transmisi\u00f3n, difusi\u00f3n o cualquier otra forma de habilitaci\u00f3n de acceso, cotejo o interconexi\u00f3n, limitaci\u00f3n, supresi\u00f3n o destrucci\u00f3n.<\/p>\n\t\t\t\t\t\t\t\t<\/div>\n\t\t\t\t<\/div>\n\t\t\t\t<div class=\"elementor-element elementor-element-46e70d1 elementor-widget elementor-widget-heading\" data-id=\"46e70d1\" data-element_type=\"widget\" data-e-type=\"widget\" data-widget_type=\"heading.default\">\n\t\t\t\t<div class=\"elementor-widget-container\">\n\t\t\t\t\t<h2 class=\"elementor-heading-title elementor-size-default\">QU\u00c9 TRATAMIENTOS REALIZAMOS SOBRE SUS DATOS PERSONALES Y PARA QU\u00c9 FINALIDADES<\/h2>\t\t\t\t<\/div>\n\t\t\t\t<\/div>\n\t\t\t\t<div class=\"elementor-element elementor-element-d8b4fb3 elementor-widget elementor-widget-text-editor\" data-id=\"d8b4fb3\" data-element_type=\"widget\" data-e-type=\"widget\" data-widget_type=\"text-editor.default\">\n\t\t\t\t<div class=\"elementor-widget-container\">\n\t\t\t\t\t\t\t\t\t<ul>\n<li><strong>Solicitud de informaci\u00f3n por parte del usuario<\/strong><br \/>Gestionar la solicitud de informaci\u00f3n enviada por el usuario a trav\u00e9s del formulario de contacto y\/o direcci\u00f3n de correo electr\u00f3nico, direcci\u00f3n postal y\/o n\u00famero de tel\u00e9fono facilitados a trav\u00e9s del sitio web.<\/li>\n<li><strong>Registro y acceso al perfil de usuario<\/strong><br \/>Gesti\u00f3n del registro y acceso al portal de usuario a trav\u00e9s de la cuenta de usuario y contrase\u00f1a correspondientes.<\/li>\n<li><strong>Gesti\u00f3n de comentarios en el blog.<\/strong><br \/>Gestiona el env\u00edo y recepci\u00f3n de los comentarios que el usuario ha dejado en el blog.<\/li>\n<\/ul>\n\t\t\t\t\t\t\t\t<\/div>\n\t\t\t\t<\/div>\n\t\t\t\t<div class=\"elementor-element elementor-element-a8d0861 elementor-widget elementor-widget-heading\" data-id=\"a8d0861\" data-element_type=\"widget\" data-e-type=\"widget\" data-widget_type=\"heading.default\">\n\t\t\t\t<div class=\"elementor-widget-container\">\n\t\t\t\t\t<h2 class=\"elementor-heading-title elementor-size-default\">QU\u00c9 DATOS PERSONALES CAPTAMOS<\/h2>\t\t\t\t<\/div>\n\t\t\t\t<\/div>\n\t\t\t\t<div class=\"elementor-element elementor-element-8ff6e60 elementor-widget elementor-widget-text-editor\" data-id=\"8ff6e60\" data-element_type=\"widget\" data-e-type=\"widget\" data-widget_type=\"text-editor.default\">\n\t\t\t\t<div class=\"elementor-widget-container\">\n\t\t\t\t\t\t\t\t\t<p>A trav\u00e9s de nuestra p\u00e1gina web podemos recabar datos personales para diferentes finalidades:<\/p>\n<ul>\n<li><strong>Solicitud de informaci\u00f3n por parte del usuario.<\/strong><br \/>Recopilamos los datos personales que nos ha facilitado a efectos de la consulta planteada.<\/li>\n<li><strong>Registro y acceso al perfil de usuario.<\/strong><br \/>Nombre de usuario y contrase\u00f1a, as\u00ed como cualquier otro dato que se haya facilitado para crear la cuenta o perfil.<\/li>\n<li><strong>Gesti\u00f3n de comentarios en el blog.<\/strong><br \/>Cualquier dato que se haya facilitado al publicar el comentario correspondiente.\n<\/li>\n<\/ul>\n<p>Dependiendo de la finalidad para la que se aportan los datos, ser\u00e1n requeridos los datos estrictamente necesarios. Es importante que el usuario sea consciente de los datos que aporta y la finalidad para la que lo hace porque en el momento que los facilita, est\u00e1 aceptando que recopilemos, almacenemos y usemos dichos datos para la finalidad requerida, pudiendo en cualquier momento retirar el consentimiento prestado por los cauces oportunos siendo el consentimiento del interesado la base legal y legitimaci\u00f3n para el tratamiento de sus datos personales.<\/p>\n\t\t\t\t\t\t\t\t<\/div>\n\t\t\t\t<\/div>\n\t\t\t\t<div class=\"elementor-element elementor-element-2e353ab elementor-widget elementor-widget-heading\" data-id=\"2e353ab\" data-element_type=\"widget\" data-e-type=\"widget\" data-widget_type=\"heading.default\">\n\t\t\t\t<div class=\"elementor-widget-container\">\n\t\t\t\t\t<h2 class=\"elementor-heading-title elementor-size-default\">CU\u00c1L ES LA LEGITIMACI\u00d3N PARA EL TRATAMIENTO DE LOS DATOS PERSONALES<\/h2>\t\t\t\t<\/div>\n\t\t\t\t<\/div>\n\t\t\t\t<div class=\"elementor-element elementor-element-e588d8c elementor-widget elementor-widget-text-editor\" data-id=\"e588d8c\" data-element_type=\"widget\" data-e-type=\"widget\" data-widget_type=\"text-editor.default\">\n\t\t\t\t<div class=\"elementor-widget-container\">\n\t\t\t\t\t\t\t\t\t<p>De acuerdo con la normativa vigente en materia de protecci\u00f3n de datos, necesitamos una base de legitimaci\u00f3n para el tratamiento de sus datos personales. La base de legitimaci\u00f3n es su consentimiento.<\/p>\n\t\t\t\t\t\t\t\t<\/div>\n\t\t\t\t<\/div>\n\t\t\t\t<div class=\"elementor-element elementor-element-54bd142 elementor-widget elementor-widget-heading\" data-id=\"54bd142\" data-element_type=\"widget\" data-e-type=\"widget\" data-widget_type=\"heading.default\">\n\t\t\t\t<div class=\"elementor-widget-container\">\n\t\t\t\t\t<h2 class=\"elementor-heading-title elementor-size-default\">QU\u00c9 DERECHOS TIENE SOBRE LOS DATOS PERSONALES APORTADOS<\/h2>\t\t\t\t<\/div>\n\t\t\t\t<\/div>\n\t\t\t\t<div class=\"elementor-element elementor-element-04008b7 elementor-widget elementor-widget-text-editor\" data-id=\"04008b7\" data-element_type=\"widget\" data-e-type=\"widget\" data-widget_type=\"text-editor.default\">\n\t\t\t\t<div class=\"elementor-widget-container\">\n\t\t\t\t\t\t\t\t\t<p>Como usuario, puedes ejercitar los siguientes derechos:<\/p>\n<ul>\n<li><strong>Derecho de acceso: <\/strong> Tiene derecho a obtener por parte de la empresa confirmaci\u00f3n de si se est\u00e1n tratando o no sus datos personales, y en su caso, qu\u00e9 datos trata.<\/li>\n<li><strong>Derecho de rectificaci\u00f3n:<\/strong> Tiene derecho a obtener por parte de BOCAM HOME S.L., la rectificaci\u00f3n de los datos personales inexactos que le conciernan. En la solicitud de rectificaci\u00f3n deber\u00e1s indicar los datos que deseas que se modifiquen.<\/li>\n<li><strong>Derecho de oposici\u00f3n: <\/strong> Tiene derecho a oponerse en cualquier momento, por motivos relacionados con su situaci\u00f3n particular, a qu\u00e9 datos personales que le conciernan sean objeto de un tratamiento basado en el inter\u00e9s leg\u00edtimo de la empresa. En ese caso, la empresa dejar\u00e1 de tratar los datos personales, salvo que acreditemos motivos leg\u00edtimos imperiosos para el tratamiento que prevalezcan sobre sus intereses, derechos y libertades, o para la formulaci\u00f3n, el ejercicio o la defensa de reclamaciones.<\/li>\n<li><strong>Derecho de supresi\u00f3n:<\/strong> Tiene derecho a obtener por parte de <em>BOCAM HOME S.L.<\/em>, la supresi\u00f3n de los datos personales que le conciernan.<\/li>\n<li><strong>Derecho a la portabilidad de los datos: <\/strong> Tienes derecho a que la empresa transfiera tus datos personales a otro responsable del tratamiento. Solo es posible ejercer este derecho cuando el tratamiento est\u00e9 basado en la ejecuci\u00f3n de un contrato o en su consentimiento y el tratamiento se realice por medios automatizados.<\/li>\n<li><strong>Derecho a la limitaci\u00f3n del tratamiento:<\/strong> Tienes derecho a solicitarnos la suspensi\u00f3n del tratamiento de tus datos cuando: impugnes la exactitud de los datos, mientras <em>BOCAM HOME S.L.<\/em> verifica dicha exactitud; hayas ejercido el derecho de oposici\u00f3n al tratamiento de tus datos, mientras se verifica si los motivos leg\u00edtimos de <em>BOCAM HOME S.L.<\/em> prevalecen sobre los tuyos como interesado.<\/li>\n<\/ul>\n\t\t\t\t\t\t\t\t<\/div>\n\t\t\t\t<\/div>\n\t\t\t\t<div class=\"elementor-element elementor-element-d2d0ff1 elementor-widget elementor-widget-text-editor\" data-id=\"d2d0ff1\" data-element_type=\"widget\" data-e-type=\"widget\" data-widget_type=\"text-editor.default\">\n\t\t\t\t<div class=\"elementor-widget-container\">\n\t\t\t\t\t\t\t\t\t<p>En cualquier momento, podr\u00e1 ejercitar estos Derechos, mediante un escrito y acreditando su personalidad dirigido al responsable del tratamiento a la direcci\u00f3n se\u00f1alada anteriormente, o a trav\u00e9s de la direcci\u00f3n de correo electr\u00f3nico: <em>info@bocamspain.com.<\/em><\/p>\n<p>Adem\u00e1s, podr\u00e1 presentar una reclamaci\u00f3n ante la autoridad de control, en este caso, la Agencia Espa\u00f1ola de Protecci\u00f3n de Datos, si considera que el tratamiento de datos personales infringe la legislaci\u00f3n aplicable.<\/p>\n\t\t\t\t\t\t\t\t<\/div>\n\t\t\t\t<\/div>\n\t\t\t\t<div class=\"elementor-element elementor-element-30af6cb elementor-widget elementor-widget-heading\" data-id=\"30af6cb\" data-element_type=\"widget\" data-e-type=\"widget\" data-widget_type=\"heading.default\">\n\t\t\t\t<div class=\"elementor-widget-container\">\n\t\t\t\t\t<h2 class=\"elementor-heading-title elementor-size-default\">SEGURIDAD Y ALMACENAMIENTO DE LOS DATOS <\/h2>\t\t\t\t<\/div>\n\t\t\t\t<\/div>\n\t\t\t\t<div class=\"elementor-element elementor-element-f487d69 elementor-widget elementor-widget-text-editor\" data-id=\"f487d69\" data-element_type=\"widget\" data-e-type=\"widget\" data-widget_type=\"text-editor.default\">\n\t\t\t\t<div class=\"elementor-widget-container\">\n\t\t\t\t\t\t\t\t\t<p>Mantendremos los datos durante el tiempo estrictamente necesario para la prestaci\u00f3n del servicio solicitado y mientras el titular no solicite su eliminaci\u00f3n, adoptando las medidas adecuadas de car\u00e1cter t\u00e9cnico y organizativo contra el tratamiento no autorizado o il\u00edcito y contra su p\u00e9rdida, destrucci\u00f3n o da\u00f1o accidentales, haciendo todo lo posible por protegerlos y mantenerlos de forma segura.<\/p>\n\t\t\t\t\t\t\t\t<\/div>\n\t\t\t\t<\/div>\n\t\t\t\t<div class=\"elementor-element elementor-element-2b76db0 elementor-widget elementor-widget-heading\" data-id=\"2b76db0\" data-element_type=\"widget\" data-e-type=\"widget\" data-widget_type=\"heading.default\">\n\t\t\t\t<div class=\"elementor-widget-container\">\n\t\t\t\t\t<h2 class=\"elementor-heading-title elementor-size-default\">QU\u00c9 DATOS PERSONALES COMPARTIMOS CON TERCEROS<\/h2>\t\t\t\t<\/div>\n\t\t\t\t<\/div>\n\t\t\t\t<div class=\"elementor-element elementor-element-b1a9359 elementor-widget elementor-widget-text-editor\" data-id=\"b1a9359\" data-element_type=\"widget\" data-e-type=\"widget\" data-widget_type=\"text-editor.default\">\n\t\t\t\t<div class=\"elementor-widget-container\">\n\t\t\t\t\t\t\t\t\t<p>No se prev\u00e9n cesiones de datos salvo en aquellos casos en que exista una obligaci\u00f3n legal o comunicaci\u00f3n necesaria para poder prestarle el servicio solicitado adecuadamente. No hay previsi\u00f3n de transferencias de datos internacionales.<\/p>\n\t\t\t\t\t\t\t\t<\/div>\n\t\t\t\t<\/div>\n\t\t\t\t\t<\/div>\n\t\t<\/div>\n\t\t\t\t\t<\/div>\n\t\t<\/section>\n\t\t\t\t<\/div>\n\t\t","protected":false},"excerpt":{"rendered":"<p>Pol\u00edtica de privacidad: Protecci\u00f3n de datos de nuestros usuarios Conoce nuestra Pol\u00edtica de privacidad Somos una empresa en la que la transparencia en la informaci\u00f3n es fundamental para establecer una relaci\u00f3n de confianza con las personas que forman nuestro proyecto y con nuestros proveedores y clientes, siendo la protecci\u00f3n de los datos personales de las [&hellip;]<\/p>\n","protected":false},"author":1,"featured_media":0,"parent":0,"menu_order":0,"comment_status":"closed","ping_status":"closed","template":"elementor_header_footer","meta":{"_acf_changed":false,"_joinchat":[],"footnotes":""},"class_list":["post-1283","page","type-page","status-publish","hentry"],"acf":[],"aioseo_notices":[],"_links":{"self":[{"href":"https:\/\/bocamspain.com\/es\/wp-json\/wp\/v2\/pages\/1283","targetHints":{"allow":["GET"]}}],"collection":[{"href":"https:\/\/bocamspain.com\/es\/wp-json\/wp\/v2\/pages"}],"about":[{"href":"https:\/\/bocamspain.com\/es\/wp-json\/wp\/v2\/types\/page"}],"author":[{"embeddable":true,"href":"https:\/\/bocamspain.com\/es\/wp-json\/wp\/v2\/users\/1"}],"replies":[{"embeddable":true,"href":"https:\/\/bocamspain.com\/es\/wp-json\/wp\/v2\/comments?post=1283"}],"version-history":[{"count":2,"href":"https:\/\/bocamspain.com\/es\/wp-json\/wp\/v2\/pages\/1283\/revisions"}],"predecessor-version":[{"id":618088,"href":"https:\/\/bocamspain.com\/es\/wp-json\/wp\/v2\/pages\/1283\/revisions\/618088"}],"wp:attachment":[{"href":"https:\/\/bocamspain.com\/es\/wp-json\/wp\/v2\/media?parent=1283"}],"curies":[{"name":"wp","href":"https:\/\/api.w.org\/{rel}","templated":true}]}}