{"id":53642,"date":"2024-03-18T09:34:28","date_gmt":"2024-03-18T09:34:28","guid":{"rendered":"https:\/\/bocamspain.com\/blog\/"},"modified":"2024-08-02T09:53:00","modified_gmt":"2024-08-02T09:53:00","slug":"blog","status":"publish","type":"page","link":"https:\/\/bocamspain.com\/es\/blog\/","title":{"rendered":"Blog"},"content":{"rendered":"\t\t<div data-elementor-type=\"wp-page\" data-elementor-id=\"53642\" class=\"elementor elementor-53642 elementor-2747\">\n\t\t\t\t\t\t<section class=\"elementor-section elementor-top-section elementor-element elementor-element-15275c1 elementor-section-content-middle elementor-section-boxed elementor-section-height-default elementor-section-height-default\" data-id=\"15275c1\" data-element_type=\"section\" data-e-type=\"section\" data-settings=\"{&quot;background_background&quot;:&quot;classic&quot;}\">\n\t\t\t\t\t\t\t<div class=\"elementor-background-overlay\"><\/div>\n\t\t\t\t\t\t\t<div class=\"elementor-container elementor-column-gap-default\">\n\t\t\t\t\t<div class=\"elementor-column elementor-col-100 elementor-top-column elementor-element elementor-element-8c5c2f3\" data-id=\"8c5c2f3\" data-element_type=\"column\" data-e-type=\"column\">\n\t\t\t<div class=\"elementor-widget-wrap elementor-element-populated\">\n\t\t\t\t\t\t<div class=\"elementor-element elementor-element-1dbd170 elementor-widget elementor-widget-heading\" data-id=\"1dbd170\" data-element_type=\"widget\" data-e-type=\"widget\" data-widget_type=\"heading.default\">\n\t\t\t\t<div class=\"elementor-widget-container\">\n\t\t\t\t\t<h1 class=\"elementor-heading-title elementor-size-default\">Blog inmobiliario: Gu\u00edas para inversores y residentes extranjeros<\/h1>\t\t\t\t<\/div>\n\t\t\t\t<\/div>\n\t\t\t\t\t<\/div>\n\t\t<\/div>\n\t\t\t\t\t<\/div>\n\t\t<\/section>\n\t\t\t\t<section class=\"elementor-section elementor-top-section elementor-element elementor-element-bbd248f elementor-section-boxed elementor-section-height-default elementor-section-height-default\" data-id=\"bbd248f\" data-element_type=\"section\" data-e-type=\"section\">\n\t\t\t\t\t\t<div class=\"elementor-container elementor-column-gap-default\">\n\t\t\t\t\t<div class=\"elementor-column elementor-col-100 elementor-top-column elementor-element elementor-element-9294e45\" data-id=\"9294e45\" data-element_type=\"column\" data-e-type=\"column\">\n\t\t\t<div class=\"elementor-widget-wrap elementor-element-populated\">\n\t\t\t\t\t\t<div class=\"elementor-element elementor-element-af04a00 elementor-grid-eael-col-3 elementor-grid-tablet-eael-col-2 elementor-grid-mobile-eael-col-1 elementor-widget elementor-widget-eael-post-grid\" data-id=\"af04a00\" data-element_type=\"widget\" data-e-type=\"widget\" data-settings=\"{&quot;eael_post_grid_columns&quot;:&quot;eael-col-3&quot;,&quot;eael_post_grid_columns_tablet&quot;:&quot;eael-col-2&quot;,&quot;eael_post_grid_columns_mobile&quot;:&quot;eael-col-1&quot;}\" data-widget_type=\"eael-post-grid.default\">\n\t\t\t\t<div class=\"elementor-widget-container\">\n\t\t\t\t\t<div id=\"eael-post-grid-af04a00\" class=\"eael-post-grid-container\">\n            <div class=\"eael-post-grid eael-post-appender eael-post-appender-af04a00 eael-post-grid-style-one\" data-layout-mode=\"masonry\"><article class=\"eael-grid-post  eael-post-grid-column eael-pg-post-630155 category-sin-categorizar\" data-id=\"630155\">\n        <div class=\"eael-grid-post-holder\">\n            <div class=\"eael-grid-post-holder-inner\"><div class=\"eael-entry-media\"><div class=\"eael-entry-overlay fade-in\"><i class=\"fas fa-long-arrow-alt-right\" aria-hidden=\"true\"><\/i><a href=\"https:\/\/bocamspain.com\/es\/como-declarar-los-ingresos-por-alquiler-en-la-renta-de-2025-en-espana\/\"><\/a><\/div><div class=\"eael-entry-thumbnail \">\n                <img fetchpriority=\"high\" decoding=\"async\" width=\"800\" height=\"450\" src=\"https:\/\/bocamspain.com\/wp-content\/uploads\/2025\/05\/rental-income-spain.jpg\" class=\"attachment-large size-large wp-image-630153\" alt=\"How to Report It in Your 2025 Tax Return\" srcset=\"https:\/\/bocamspain.com\/wp-content\/uploads\/2025\/05\/rental-income-spain.jpg 1000w, https:\/\/bocamspain.com\/wp-content\/uploads\/2025\/05\/rental-income-spain-300x169.jpg 300w, https:\/\/bocamspain.com\/wp-content\/uploads\/2025\/05\/rental-income-spain-768x432.jpg 768w\" sizes=\"(max-width: 800px) 100vw, 800px\" \/>\n            <\/div>\n        <\/div><div class=\"eael-entry-wrapper\"><header class=\"eael-entry-header\"><h2 class=\"eael-entry-title\"><a class=\"eael-grid-post-link\" href=\"https:\/\/bocamspain.com\/es\/como-declarar-los-ingresos-por-alquiler-en-la-renta-de-2025-en-espana\/\" title=\"\u00bfC\u00f3mo declarar los ingresos por alquiler en la Renta de 2025 en Espa\u00f1a?\">\u00bfC\u00f3mo declarar los ingresos por alquiler en la Renta de 2025 en Espa\u00f1a?<\/a><\/h2><\/header><div class=\"eael-entry-content\">\n                        <div class=\"eael-grid-post-excerpt\"><p>La campa\u00f1a de la Renta correspondiente al ejercicio fiscal de...<\/p><\/div>\n                    <\/div><div class=\"eael-entry-footer\"><div class=\"eael-entry-meta\"><span class=\"eael-posted-on\"><time datetime=\"12 de mayo de 2025\">12 de mayo de 2025<\/time><\/span><\/div><\/div><\/div><\/div>\n        <\/div>\n    <\/article><article class=\"eael-grid-post  eael-post-grid-column eael-pg-post-630138 category-sin-categorizar\" data-id=\"630138\">\n        <div class=\"eael-grid-post-holder\">\n            <div class=\"eael-grid-post-holder-inner\"><div class=\"eael-entry-media\"><div class=\"eael-entry-overlay fade-in\"><i class=\"fas fa-long-arrow-alt-right\" aria-hidden=\"true\"><\/i><a href=\"https:\/\/bocamspain.com\/es\/ley-de-pisos-turisticos-en-espana-2025-lo-que-debes-saber\/\"><\/a><\/div><div class=\"eael-entry-thumbnail \">\n                <img decoding=\"async\" width=\"800\" height=\"450\" src=\"https:\/\/bocamspain.com\/wp-content\/uploads\/2025\/05\/short-term-rental-laws-spain-1024x576.jpg\" class=\"attachment-large size-large wp-image-630136\" alt=\"New short-term rental laws in Spain\" srcset=\"https:\/\/bocamspain.com\/wp-content\/uploads\/2025\/05\/short-term-rental-laws-spain-1024x576.jpg 1024w, https:\/\/bocamspain.com\/wp-content\/uploads\/2025\/05\/short-term-rental-laws-spain-300x169.jpg 300w, https:\/\/bocamspain.com\/wp-content\/uploads\/2025\/05\/short-term-rental-laws-spain-768x432.jpg 768w, https:\/\/bocamspain.com\/wp-content\/uploads\/2025\/05\/short-term-rental-laws-spain-1536x864.jpg 1536w, https:\/\/bocamspain.com\/wp-content\/uploads\/2025\/05\/short-term-rental-laws-spain.jpg 1960w\" sizes=\"(max-width: 800px) 100vw, 800px\" \/>\n            <\/div>\n        <\/div><div class=\"eael-entry-wrapper\"><header class=\"eael-entry-header\"><h2 class=\"eael-entry-title\"><a class=\"eael-grid-post-link\" href=\"https:\/\/bocamspain.com\/es\/ley-de-pisos-turisticos-en-espana-2025-lo-que-debes-saber\/\" title=\"Ley de pisos tur\u00edsticos en Espa\u00f1a 2025: lo que debes saber\">Ley de pisos tur\u00edsticos en Espa\u00f1a 2025: lo que debes saber<\/a><\/h2><\/header><div class=\"eael-entry-content\">\n                        <div class=\"eael-grid-post-excerpt\"><p>En 2025, Espa\u00f1a introdujo una nueva regulaci\u00f3n nacional que impacta...<\/p><\/div>\n                    <\/div><div class=\"eael-entry-footer\"><div class=\"eael-entry-meta\"><span class=\"eael-posted-on\"><time datetime=\"4 de mayo de 2025\">4 de mayo de 2025<\/time><\/span><\/div><\/div><\/div><\/div>\n        <\/div>\n    <\/article><article class=\"eael-grid-post  eael-post-grid-column eael-pg-post-630095 category-sin-categorizar\" data-id=\"630095\">\n        <div class=\"eael-grid-post-holder\">\n            <div class=\"eael-grid-post-holder-inner\"><div class=\"eael-entry-media\"><div class=\"eael-entry-overlay fade-in\"><i class=\"fas fa-long-arrow-alt-right\" aria-hidden=\"true\"><\/i><a href=\"https:\/\/bocamspain.com\/es\/alquilar-o-comprar-en-espana-una-creciente-crisis-de-asequibilidad\/\"><\/a><\/div><div class=\"eael-entry-thumbnail \">\n                <img decoding=\"async\" width=\"800\" height=\"450\" src=\"https:\/\/bocamspain.com\/wp-content\/uploads\/2025\/03\/buy-house-spain-best-option.jpg\" class=\"attachment-large size-large wp-image-630087\" alt=\"Buing in Spain is mo\" srcset=\"https:\/\/bocamspain.com\/wp-content\/uploads\/2025\/03\/buy-house-spain-best-option.jpg 1000w, https:\/\/bocamspain.com\/wp-content\/uploads\/2025\/03\/buy-house-spain-best-option-300x169.jpg 300w, https:\/\/bocamspain.com\/wp-content\/uploads\/2025\/03\/buy-house-spain-best-option-768x432.jpg 768w\" sizes=\"(max-width: 800px) 100vw, 800px\" \/>\n            <\/div>\n        <\/div><div class=\"eael-entry-wrapper\"><header class=\"eael-entry-header\"><h2 class=\"eael-entry-title\"><a class=\"eael-grid-post-link\" href=\"https:\/\/bocamspain.com\/es\/alquilar-o-comprar-en-espana-una-creciente-crisis-de-asequibilidad\/\" title=\"Alquilar o comprar en Espa\u00f1a: Una creciente crisis de asequibilidad\">Alquilar o comprar en Espa\u00f1a: Una creciente crisis de asequibilidad<\/a><\/h2><\/header><div class=\"eael-entry-content\">\n                        <div class=\"eael-grid-post-excerpt\"><p>Datos recientes revelan que el alquiler es m\u00e1s caro que...<\/p><\/div>\n                    <\/div><div class=\"eael-entry-footer\"><div class=\"eael-entry-meta\"><span class=\"eael-posted-on\"><time datetime=\"23 de marzo de 2025\">23 de marzo de 2025<\/time><\/span><\/div><\/div><\/div><\/div>\n        <\/div>\n    <\/article><article class=\"eael-grid-post  eael-post-grid-column eael-pg-post-630089 category-sin-categorizar\" data-id=\"630089\">\n        <div class=\"eael-grid-post-holder\">\n            <div class=\"eael-grid-post-holder-inner\"><div class=\"eael-entry-media\"><div class=\"eael-entry-overlay fade-in\"><i class=\"fas fa-long-arrow-alt-right\" aria-hidden=\"true\"><\/i><a href=\"https:\/\/bocamspain.com\/es\/criptomonedas-en-el-sector-inmobiliario-espana-marcando-el-camino\/\"><\/a><\/div><div class=\"eael-entry-thumbnail \">\n                <img loading=\"lazy\" decoding=\"async\" width=\"800\" height=\"450\" src=\"https:\/\/bocamspain.com\/wp-content\/uploads\/2025\/03\/cryptocurrency-real-estate-1.jpg\" class=\"attachment-large size-large wp-image-630005\" alt=\"Cryptocurrency Real Estate\" srcset=\"https:\/\/bocamspain.com\/wp-content\/uploads\/2025\/03\/cryptocurrency-real-estate-1.jpg 1000w, https:\/\/bocamspain.com\/wp-content\/uploads\/2025\/03\/cryptocurrency-real-estate-1-300x169.jpg 300w, https:\/\/bocamspain.com\/wp-content\/uploads\/2025\/03\/cryptocurrency-real-estate-1-768x432.jpg 768w\" sizes=\"(max-width: 800px) 100vw, 800px\" \/>\n            <\/div>\n        <\/div><div class=\"eael-entry-wrapper\"><header class=\"eael-entry-header\"><h2 class=\"eael-entry-title\"><a class=\"eael-grid-post-link\" href=\"https:\/\/bocamspain.com\/es\/criptomonedas-en-el-sector-inmobiliario-espana-marcando-el-camino\/\" title=\"Criptomonedas en el sector inmobiliario: Espa\u00f1a marcando el camino\">Criptomonedas en el sector inmobiliario: Espa\u00f1a marcando el camino<\/a><\/h2><\/header><div class=\"eael-entry-content\">\n                        <div class=\"eael-grid-post-excerpt\"><p>Las criptomonedas est\u00e1n transformando r\u00e1pidamente muchos sectores, siendo el inmobiliario...<\/p><\/div>\n                    <\/div><div class=\"eael-entry-footer\"><div class=\"eael-entry-meta\"><span class=\"eael-posted-on\"><time datetime=\"15 de marzo de 2025\">15 de marzo de 2025<\/time><\/span><\/div><\/div><\/div><\/div>\n        <\/div>\n    <\/article><article class=\"eael-grid-post  eael-post-grid-column eael-pg-post-626751 category-sin-categorizar\" data-id=\"626751\">\n        <div class=\"eael-grid-post-holder\">\n            <div class=\"eael-grid-post-holder-inner\"><div class=\"eael-entry-media\"><div class=\"eael-entry-overlay fade-in\"><i class=\"fas fa-long-arrow-alt-right\" aria-hidden=\"true\"><\/i><a href=\"https:\/\/bocamspain.com\/es\/la-cuenta-atras-para-la-golden-visa-en-espana-aun-tienes-tiempo\/\"><\/a><\/div><div class=\"eael-entry-thumbnail \">\n                <img loading=\"lazy\" decoding=\"async\" width=\"800\" height=\"450\" src=\"https:\/\/bocamspain.com\/wp-content\/uploads\/2025\/01\/end-golden-visa-spain-1024x576.jpg\" class=\"attachment-large size-large wp-image-626705\" alt=\"Golden Visa in Spain is ending\" srcset=\"https:\/\/bocamspain.com\/wp-content\/uploads\/2025\/01\/end-golden-visa-spain-1024x576.jpg 1024w, https:\/\/bocamspain.com\/wp-content\/uploads\/2025\/01\/end-golden-visa-spain-300x169.jpg 300w, https:\/\/bocamspain.com\/wp-content\/uploads\/2025\/01\/end-golden-visa-spain-768x432.jpg 768w, https:\/\/bocamspain.com\/wp-content\/uploads\/2025\/01\/end-golden-visa-spain-1536x864.jpg 1536w, https:\/\/bocamspain.com\/wp-content\/uploads\/2025\/01\/end-golden-visa-spain.jpg 1960w\" sizes=\"(max-width: 800px) 100vw, 800px\" \/>\n            <\/div>\n        <\/div><div class=\"eael-entry-wrapper\"><header class=\"eael-entry-header\"><h2 class=\"eael-entry-title\"><a class=\"eael-grid-post-link\" href=\"https:\/\/bocamspain.com\/es\/la-cuenta-atras-para-la-golden-visa-en-espana-aun-tienes-tiempo\/\" title=\"La cuenta atr\u00e1s para la Golden Visa en Espa\u00f1a: \u00bfA\u00fan tienes tiempo?\">La cuenta atr\u00e1s para la Golden Visa en Espa\u00f1a: \u00bfA\u00fan tienes tiempo?<\/a><\/h2><\/header><div class=\"eael-entry-content\">\n                        <div class=\"eael-grid-post-excerpt\"><p>El Gobierno espa\u00f1ol ha anunciado oficialmente que el 3 de...<\/p><\/div>\n                    <\/div><div class=\"eael-entry-footer\"><div class=\"eael-entry-meta\"><span class=\"eael-posted-on\"><time datetime=\"9 de enero de 2025\">9 de enero de 2025<\/time><\/span><\/div><\/div><\/div><\/div>\n        <\/div>\n    <\/article><article class=\"eael-grid-post  eael-post-grid-column eael-pg-post-626722 category-sin-categorizar\" data-id=\"626722\">\n        <div class=\"eael-grid-post-holder\">\n            <div class=\"eael-grid-post-holder-inner\"><div class=\"eael-entry-media\"><div class=\"eael-entry-overlay fade-in\"><i class=\"fas fa-long-arrow-alt-right\" aria-hidden=\"true\"><\/i><a href=\"https:\/\/bocamspain.com\/es\/el-personal-shopper-inmobiliario-el-aliado-que-necesitas\/\"><\/a><\/div><div class=\"eael-entry-thumbnail \">\n                <img loading=\"lazy\" decoding=\"async\" width=\"800\" height=\"450\" src=\"https:\/\/bocamspain.com\/wp-content\/uploads\/2024\/10\/cabecera-web-1-1024x576.jpg\" class=\"attachment-large size-large wp-image-623351\" alt=\"personal shopper in spain\" srcset=\"https:\/\/bocamspain.com\/wp-content\/uploads\/2024\/10\/cabecera-web-1-1024x576.jpg 1024w, https:\/\/bocamspain.com\/wp-content\/uploads\/2024\/10\/cabecera-web-1-300x169.jpg 300w, https:\/\/bocamspain.com\/wp-content\/uploads\/2024\/10\/cabecera-web-1-768x432.jpg 768w, https:\/\/bocamspain.com\/wp-content\/uploads\/2024\/10\/cabecera-web-1-1536x864.jpg 1536w, https:\/\/bocamspain.com\/wp-content\/uploads\/2024\/10\/cabecera-web-1.jpg 1960w\" sizes=\"(max-width: 800px) 100vw, 800px\" \/>\n            <\/div>\n        <\/div><div class=\"eael-entry-wrapper\"><header class=\"eael-entry-header\"><h2 class=\"eael-entry-title\"><a class=\"eael-grid-post-link\" href=\"https:\/\/bocamspain.com\/es\/el-personal-shopper-inmobiliario-el-aliado-que-necesitas\/\" title=\"El personal shopper inmobiliario: el aliado que necesitas\">El personal shopper inmobiliario: el aliado que necesitas<\/a><\/h2><\/header><div class=\"eael-entry-content\">\n                        <div class=\"eael-grid-post-excerpt\"><p>El mercado inmobiliario ha experimentado importantes transformaciones a lo largo...<\/p><\/div>\n                    <\/div><div class=\"eael-entry-footer\"><div class=\"eael-entry-meta\"><span class=\"eael-posted-on\"><time datetime=\"7 de octubre de 2024\">7 de octubre de 2024<\/time><\/span><\/div><\/div><\/div><\/div>\n        <\/div>\n    <\/article><article class=\"eael-grid-post  eael-post-grid-column eael-pg-post-623292 category-sin-categorizar\" data-id=\"623292\">\n        <div class=\"eael-grid-post-holder\">\n            <div class=\"eael-grid-post-holder-inner\"><div class=\"eael-entry-media\"><div class=\"eael-entry-overlay fade-in\"><i class=\"fas fa-long-arrow-alt-right\" aria-hidden=\"true\"><\/i><a href=\"https:\/\/bocamspain.com\/es\/como-alquilar-tu-propiedad-en-espana-guia-para-propietarios\/\"><\/a><\/div><div class=\"eael-entry-thumbnail \">\n                <img loading=\"lazy\" decoding=\"async\" width=\"800\" height=\"450\" src=\"https:\/\/bocamspain.com\/wp-content\/uploads\/2024\/10\/Diseno-sin-titulo-1-1.jpg\" class=\"attachment-large size-large wp-image-623288\" alt=\"rent a property in spain\" srcset=\"https:\/\/bocamspain.com\/wp-content\/uploads\/2024\/10\/Diseno-sin-titulo-1-1.jpg 1000w, https:\/\/bocamspain.com\/wp-content\/uploads\/2024\/10\/Diseno-sin-titulo-1-1-300x169.jpg 300w, https:\/\/bocamspain.com\/wp-content\/uploads\/2024\/10\/Diseno-sin-titulo-1-1-768x432.jpg 768w\" sizes=\"(max-width: 800px) 100vw, 800px\" \/>\n            <\/div>\n        <\/div><div class=\"eael-entry-wrapper\"><header class=\"eael-entry-header\"><h2 class=\"eael-entry-title\"><a class=\"eael-grid-post-link\" href=\"https:\/\/bocamspain.com\/es\/como-alquilar-tu-propiedad-en-espana-guia-para-propietarios\/\" title=\"C\u00f3mo alquilar tu propiedad en Espa\u00f1a: Gu\u00eda para propietarios\">C\u00f3mo alquilar tu propiedad en Espa\u00f1a: Gu\u00eda para propietarios<\/a><\/h2><\/header><div class=\"eael-entry-content\">\n                        <div class=\"eael-grid-post-excerpt\"><p>Alquilar su propiedad en Espa\u00f1a puede ser una excelente forma...<\/p><\/div>\n                    <\/div><div class=\"eael-entry-footer\"><div class=\"eael-entry-meta\"><span class=\"eael-posted-on\"><time datetime=\"3 de octubre de 2024\">3 de octubre de 2024<\/time><\/span><\/div><\/div><\/div><\/div>\n        <\/div>\n    <\/article><article class=\"eael-grid-post  eael-post-grid-column eael-pg-post-623279 category-sin-categorizar\" data-id=\"623279\">\n        <div class=\"eael-grid-post-holder\">\n            <div class=\"eael-grid-post-holder-inner\"><div class=\"eael-entry-media\"><div class=\"eael-entry-overlay fade-in\"><i class=\"fas fa-long-arrow-alt-right\" aria-hidden=\"true\"><\/i><a href=\"https:\/\/bocamspain.com\/es\/guia-para-inversores-extranjeros-comprar-una-propiedad-en-espana\/\"><\/a><\/div><div class=\"eael-entry-thumbnail \">\n                <img loading=\"lazy\" decoding=\"async\" width=\"800\" height=\"450\" src=\"https:\/\/bocamspain.com\/wp-content\/uploads\/2024\/10\/Diseno-sin-titulo.jpg\" class=\"attachment-large size-large wp-image-623277\" alt=\"invest in spain bocam spain\" srcset=\"https:\/\/bocamspain.com\/wp-content\/uploads\/2024\/10\/Diseno-sin-titulo.jpg 1000w, https:\/\/bocamspain.com\/wp-content\/uploads\/2024\/10\/Diseno-sin-titulo-300x169.jpg 300w, https:\/\/bocamspain.com\/wp-content\/uploads\/2024\/10\/Diseno-sin-titulo-768x432.jpg 768w\" sizes=\"(max-width: 800px) 100vw, 800px\" \/>\n            <\/div>\n        <\/div><div class=\"eael-entry-wrapper\"><header class=\"eael-entry-header\"><h2 class=\"eael-entry-title\"><a class=\"eael-grid-post-link\" href=\"https:\/\/bocamspain.com\/es\/guia-para-inversores-extranjeros-comprar-una-propiedad-en-espana\/\" title=\"Gu\u00eda para inversores extranjeros: Comprar una propiedad en Espa\u00f1a\">Gu\u00eda para inversores extranjeros: Comprar una propiedad en Espa\u00f1a<\/a><\/h2><\/header><div class=\"eael-entry-content\">\n                        <div class=\"eael-grid-post-excerpt\"><p>Invertir en propiedades inmobiliarias en Espa\u00f1a puede ser una excelente...<\/p><\/div>\n                    <\/div><div class=\"eael-entry-footer\"><div class=\"eael-entry-meta\"><span class=\"eael-posted-on\"><time datetime=\"3 de octubre de 2024\">3 de octubre de 2024<\/time><\/span><\/div><\/div><\/div><\/div>\n        <\/div>\n    <\/article><article class=\"eael-grid-post  eael-post-grid-column eael-pg-post-619390 category-sin-categorizar\" data-id=\"619390\">\n        <div class=\"eael-grid-post-holder\">\n            <div class=\"eael-grid-post-holder-inner\"><div class=\"eael-entry-media\"><div class=\"eael-entry-overlay fade-in\"><i class=\"fas fa-long-arrow-alt-right\" aria-hidden=\"true\"><\/i><a href=\"https:\/\/bocamspain.com\/es\/ocupaciones-en-espana-analisis-2023-y-tendencias-de-futuro\/\"><\/a><\/div><div class=\"eael-entry-thumbnail \">\n                <img loading=\"lazy\" decoding=\"async\" width=\"800\" height=\"450\" src=\"https:\/\/bocamspain.com\/wp-content\/uploads\/2024\/09\/Diseno-sin-titulo-1-1024x576.jpg\" class=\"attachment-large size-large wp-image-619385\" alt=\"Home Occupations in Spain\" srcset=\"https:\/\/bocamspain.com\/wp-content\/uploads\/2024\/09\/Diseno-sin-titulo-1-1024x576.jpg 1024w, https:\/\/bocamspain.com\/wp-content\/uploads\/2024\/09\/Diseno-sin-titulo-1-300x169.jpg 300w, https:\/\/bocamspain.com\/wp-content\/uploads\/2024\/09\/Diseno-sin-titulo-1-768x432.jpg 768w, https:\/\/bocamspain.com\/wp-content\/uploads\/2024\/09\/Diseno-sin-titulo-1-1536x864.jpg 1536w, https:\/\/bocamspain.com\/wp-content\/uploads\/2024\/09\/Diseno-sin-titulo-1-2048x1152.jpg 2048w\" sizes=\"(max-width: 800px) 100vw, 800px\" \/>\n            <\/div>\n        <\/div><div class=\"eael-entry-wrapper\"><header class=\"eael-entry-header\"><h2 class=\"eael-entry-title\"><a class=\"eael-grid-post-link\" href=\"https:\/\/bocamspain.com\/es\/ocupaciones-en-espana-analisis-2023-y-tendencias-de-futuro\/\" title=\"Ocupaciones en Espa\u00f1a: An\u00e1lisis 2023 y Tendencias de Futuro\">Ocupaciones en Espa\u00f1a: An\u00e1lisis 2023 y Tendencias de Futuro<\/a><\/h2><\/header><div class=\"eael-entry-content\">\n                        <div class=\"eael-grid-post-excerpt\"><p>El fen\u00f3meno de las ocupaciones de viviendas, conocido com\u00fanmente como...<\/p><\/div>\n                    <\/div><div class=\"eael-entry-footer\"><div class=\"eael-entry-meta\"><span class=\"eael-posted-on\"><time datetime=\"2 de septiembre de 2024\">2 de septiembre de 2024<\/time><\/span><\/div><\/div><\/div><\/div>\n        <\/div>\n    <\/article><\/div>\n            <div class=\"clearfix\"><\/div>\n        <\/div>            <div class=\"eael-load-more-button-wrap\">\n                <button class=\"eael-load-more-button\" id=\"eael-load-more-btn-af04a00\" data-widget-id=\"af04a00\" data-widget=\"af04a00\" data-page-id=\"53642\" data-template=\"{&quot;dir&quot;:&quot;lite&quot;,&quot;file_name&quot;:&quot;one.php&quot;,&quot;name&quot;:&quot;Post-Grid&quot;}\" data-class=\"Essential_Addons_Elementor\\Elements\\Post_Grid\" data-layout=\"masonry\" data-page=\"1\" data-args=\"orderby=date&amp;order=desc&amp;ignore_sticky_posts=1&amp;post_status=publish&amp;posts_per_page=9&amp;offset=0&amp;post_type=post\" data-max-page=\"3\">\n                    <span class=\"eael-btn-loader button__loader\"><\/span>\n                    <span class=\"eael_load_more_text\">Cargar m\u00e1s<\/span>\n                <\/button>\n            <\/div>\n            \t\t\t\t<\/div>\n\t\t\t\t<\/div>\n\t\t\t\t\t<\/div>\n\t\t<\/div>\n\t\t\t\t\t<\/div>\n\t\t<\/section>\n\t\t\t\t<\/div>\n\t\t","protected":false},"excerpt":{"rendered":"<p>Blog inmobiliario: Gu\u00edas para inversores y residentes extranjeros Coping with Eviction: A Guide for Landlords and Solutions One of the most complicated situations for a landlord is&#8230; June 18, 2024 Learn about the Differences between home invasion and squatting In everyday language, we often use the term &#8220;squatting&#8221; to&#8230; June 17, 2024 Comprehensive Health Insurance [&hellip;]<\/p>\n","protected":false},"author":1,"featured_media":0,"parent":0,"menu_order":0,"comment_status":"closed","ping_status":"closed","template":"elementor_header_footer","meta":{"_acf_changed":false,"_joinchat":[],"footnotes":""},"class_list":["post-53642","page","type-page","status-publish","hentry"],"acf":[],"aioseo_notices":[],"_links":{"self":[{"href":"https:\/\/bocamspain.com\/es\/wp-json\/wp\/v2\/pages\/53642","targetHints":{"allow":["GET"]}}],"collection":[{"href":"https:\/\/bocamspain.com\/es\/wp-json\/wp\/v2\/pages"}],"about":[{"href":"https:\/\/bocamspain.com\/es\/wp-json\/wp\/v2\/types\/page"}],"author":[{"embeddable":true,"href":"https:\/\/bocamspain.com\/es\/wp-json\/wp\/v2\/users\/1"}],"replies":[{"embeddable":true,"href":"https:\/\/bocamspain.com\/es\/wp-json\/wp\/v2\/comments?post=53642"}],"version-history":[{"count":2,"href":"https:\/\/bocamspain.com\/es\/wp-json\/wp\/v2\/pages\/53642\/revisions"}],"predecessor-version":[{"id":618124,"href":"https:\/\/bocamspain.com\/es\/wp-json\/wp\/v2\/pages\/53642\/revisions\/618124"}],"wp:attachment":[{"href":"https:\/\/bocamspain.com\/es\/wp-json\/wp\/v2\/media?parent=53642"}],"curies":[{"name":"wp","href":"https:\/\/api.w.org\/{rel}","templated":true}]}}