{"id":619337,"date":"2024-08-23T10:52:02","date_gmt":"2024-08-23T10:52:02","guid":{"rendered":"https:\/\/bocamspain.com\/conserjeria\/"},"modified":"2024-12-10T20:02:34","modified_gmt":"2024-12-10T20:02:34","slug":"conserjeria","status":"publish","type":"page","link":"https:\/\/bocamspain.com\/es\/conserjeria\/","title":{"rendered":"Conserjer\u00eda"},"content":{"rendered":"\t\t<div data-elementor-type=\"wp-page\" data-elementor-id=\"619337\" class=\"elementor elementor-619337 elementor-618987\">\n\t\t\t\t\t\t<section class=\"elementor-section elementor-top-section elementor-element elementor-element-63940f12 elementor-section-content-middle elementor-section-boxed elementor-section-height-default elementor-section-height-default\" data-id=\"63940f12\" data-element_type=\"section\" data-e-type=\"section\" data-settings=\"{&quot;background_background&quot;:&quot;classic&quot;}\">\n\t\t\t\t\t\t\t<div class=\"elementor-background-overlay\"><\/div>\n\t\t\t\t\t\t\t<div class=\"elementor-container elementor-column-gap-default\">\n\t\t\t\t\t<div class=\"elementor-column elementor-col-100 elementor-top-column elementor-element elementor-element-20b5a18f\" data-id=\"20b5a18f\" data-element_type=\"column\" data-e-type=\"column\">\n\t\t\t<div class=\"elementor-widget-wrap elementor-element-populated\">\n\t\t\t\t\t\t<div class=\"elementor-element elementor-element-5f01c29b elementor-widget elementor-widget-heading\" data-id=\"5f01c29b\" data-element_type=\"widget\" data-e-type=\"widget\" data-widget_type=\"heading.default\">\n\t\t\t\t<div class=\"elementor-widget-container\">\n\t\t\t\t\t<h1 class=\"elementor-heading-title elementor-size-default\">Conserjer\u00eda disponible con la compra de tu propiedad en Espa\u00f1a <\/h1>\t\t\t\t<\/div>\n\t\t\t\t<\/div>\n\t\t\t\t\t<\/div>\n\t\t<\/div>\n\t\t\t\t\t<\/div>\n\t\t<\/section>\n\t\t\t\t<section class=\"elementor-section elementor-top-section elementor-element elementor-element-343d3515 elementor-section-boxed elementor-section-height-default elementor-section-height-default\" data-id=\"343d3515\" data-element_type=\"section\" data-e-type=\"section\">\n\t\t\t\t\t\t<div class=\"elementor-container elementor-column-gap-default\">\n\t\t\t\t\t<div class=\"elementor-column elementor-col-50 elementor-top-column elementor-element elementor-element-3aa29228\" data-id=\"3aa29228\" data-element_type=\"column\" data-e-type=\"column\">\n\t\t\t<div class=\"elementor-widget-wrap elementor-element-populated\">\n\t\t\t\t\t\t<div class=\"elementor-element elementor-element-6d41e225 elementor-widget elementor-widget-heading\" data-id=\"6d41e225\" data-element_type=\"widget\" data-e-type=\"widget\" data-widget_type=\"heading.default\">\n\t\t\t\t<div class=\"elementor-widget-container\">\n\t\t\t\t\t<h2 class=\"elementor-heading-title elementor-size-default\">Una vida sin fisuras comienza con nuestros servicios de conserjer\u00eda<\/h2>\t\t\t\t<\/div>\n\t\t\t\t<\/div>\n\t\t\t\t<div class=\"elementor-element elementor-element-7e610953 elementor-widget elementor-widget-text-editor\" data-id=\"7e610953\" data-element_type=\"widget\" data-e-type=\"widget\" data-widget_type=\"text-editor.default\">\n\t\t\t\t<div class=\"elementor-widget-container\">\n\t\t\t\t\t\t\t\t\t<p>En <strong>Bocam Spain<\/strong>, entendemos que la vida puede ser ajetreada y a veces abrumadora, especialmente al instalarse en un nuevo pa\u00eds. Por eso ofrecemos una <strong>gama completa de servicios de conserjer\u00eda<\/strong> dise\u00f1ados para que tu vida en Espa\u00f1a sea lo m\u00e1s fluida y agradable posible. <\/p>\n<p>Si necesitas ayuda con las tareas cotidianas, organizar eventos o gestionar tu propiedad, nuestro equipo especializado est\u00e1 aqu\u00ed para ocuparse de todos los detalles, para que puedas centrarte en lo que realmente importa.<\/p>\n\t\t\t\t\t\t\t\t<\/div>\n\t\t\t\t<\/div>\n\t\t\t\t\t<\/div>\n\t\t<\/div>\n\t\t\t\t<div class=\"elementor-column elementor-col-50 elementor-top-column elementor-element elementor-element-a56e281\" data-id=\"a56e281\" data-element_type=\"column\" data-e-type=\"column\">\n\t\t\t<div class=\"elementor-widget-wrap elementor-element-populated\">\n\t\t\t\t\t\t<div class=\"elementor-element elementor-element-7eb9c676 elementor-widget elementor-widget-image\" data-id=\"7eb9c676\" data-element_type=\"widget\" data-e-type=\"widget\" data-widget_type=\"image.default\">\n\t\t\t\t<div class=\"elementor-widget-container\">\n\t\t\t\t\t\t\t\t\t\t\t\t\t\t\t<img fetchpriority=\"high\" decoding=\"async\" width=\"2240\" height=\"1260\" src=\"https:\/\/bocamspain.com\/wp-content\/uploads\/2024\/12\/servicios-conserjeria-espana.jpg\" class=\"attachment-full size-full wp-image-626617\" alt=\"Servicios de conserjer\u00eda en Espa\u00f1a\" srcset=\"https:\/\/bocamspain.com\/wp-content\/uploads\/2024\/12\/servicios-conserjeria-espana.jpg 2240w, https:\/\/bocamspain.com\/wp-content\/uploads\/2024\/12\/servicios-conserjeria-espana-300x169.jpg 300w, https:\/\/bocamspain.com\/wp-content\/uploads\/2024\/12\/servicios-conserjeria-espana-1024x576.jpg 1024w, https:\/\/bocamspain.com\/wp-content\/uploads\/2024\/12\/servicios-conserjeria-espana-768x432.jpg 768w, https:\/\/bocamspain.com\/wp-content\/uploads\/2024\/12\/servicios-conserjeria-espana-1536x864.jpg 1536w, https:\/\/bocamspain.com\/wp-content\/uploads\/2024\/12\/servicios-conserjeria-espana-2048x1152.jpg 2048w\" sizes=\"(max-width: 2240px) 100vw, 2240px\" \/>\t\t\t\t\t\t\t\t\t\t\t\t\t\t\t<\/div>\n\t\t\t\t<\/div>\n\t\t\t\t\t<\/div>\n\t\t<\/div>\n\t\t\t\t\t<\/div>\n\t\t<\/section>\n\t\t\t\t<section class=\"elementor-section elementor-top-section elementor-element elementor-element-132d139d elementor-section-boxed elementor-section-height-default elementor-section-height-default\" data-id=\"132d139d\" data-element_type=\"section\" data-e-type=\"section\" data-settings=\"{&quot;background_background&quot;:&quot;classic&quot;}\">\n\t\t\t\t\t\t<div class=\"elementor-container elementor-column-gap-default\">\n\t\t\t\t\t<div class=\"elementor-column elementor-col-100 elementor-top-column elementor-element elementor-element-14ac6f3\" data-id=\"14ac6f3\" data-element_type=\"column\" data-e-type=\"column\">\n\t\t\t<div class=\"elementor-widget-wrap elementor-element-populated\">\n\t\t\t\t\t\t<section class=\"elementor-section elementor-inner-section elementor-element elementor-element-4275dc0 elementor-section-content-middle elementor-section-boxed elementor-section-height-default elementor-section-height-default\" data-id=\"4275dc0\" data-element_type=\"section\" data-e-type=\"section\">\n\t\t\t\t\t\t<div class=\"elementor-container elementor-column-gap-default\">\n\t\t\t\t\t<div class=\"elementor-column elementor-col-100 elementor-inner-column elementor-element elementor-element-aedbfe1\" data-id=\"aedbfe1\" data-element_type=\"column\" data-e-type=\"column\">\n\t\t\t<div class=\"elementor-widget-wrap elementor-element-populated\">\n\t\t\t\t\t\t<div class=\"elementor-element elementor-element-d21a249 elementor-widget elementor-widget-spacer\" data-id=\"d21a249\" data-element_type=\"widget\" data-e-type=\"widget\" data-widget_type=\"spacer.default\">\n\t\t\t\t<div class=\"elementor-widget-container\">\n\t\t\t\t\t\t\t<div class=\"elementor-spacer\">\n\t\t\t<div class=\"elementor-spacer-inner\"><\/div>\n\t\t<\/div>\n\t\t\t\t\t\t<\/div>\n\t\t\t\t<\/div>\n\t\t\t\t<div class=\"elementor-element elementor-element-1ea43bf7 elementor-widget elementor-widget-heading\" data-id=\"1ea43bf7\" data-element_type=\"widget\" data-e-type=\"widget\" data-widget_type=\"heading.default\">\n\t\t\t\t<div class=\"elementor-widget-container\">\n\t\t\t\t\t<h2 class=\"elementor-heading-title elementor-size-default\">NUESTROS SERVICIOS DE CONSERJER\u00cdA<\/h2>\t\t\t\t<\/div>\n\t\t\t\t<\/div>\n\t\t\t\t<div class=\"elementor-element elementor-element-9a82664 elementor-tabs-view-horizontal elementor-widget elementor-widget-tabs\" data-id=\"9a82664\" data-element_type=\"widget\" data-e-type=\"widget\" data-widget_type=\"tabs.default\">\n\t\t\t\t<div class=\"elementor-widget-container\">\n\t\t\t\t\t\t\t<div class=\"elementor-tabs\">\n\t\t\t<div class=\"elementor-tabs-wrapper\" role=\"tablist\" >\n\t\t\t\t\t\t\t\t\t<div id=\"elementor-tab-title-1621\" class=\"elementor-tab-title elementor-tab-desktop-title\" aria-selected=\"true\" data-tab=\"1\" role=\"tab\" tabindex=\"0\" aria-controls=\"elementor-tab-content-1621\" aria-expanded=\"false\">Gesti\u00f3n personalizada del estilo de vida<\/div>\n\t\t\t\t\t\t\t\t\t<div id=\"elementor-tab-title-1622\" class=\"elementor-tab-title elementor-tab-desktop-title\" aria-selected=\"false\" data-tab=\"2\" role=\"tab\" tabindex=\"-1\" aria-controls=\"elementor-tab-content-1622\" aria-expanded=\"false\">Gesti\u00f3n y mantenimiento de la propiedad<\/div>\n\t\t\t\t\t\t\t\t\t<div id=\"elementor-tab-title-1623\" class=\"elementor-tab-title elementor-tab-desktop-title\" aria-selected=\"false\" data-tab=\"3\" role=\"tab\" tabindex=\"-1\" aria-controls=\"elementor-tab-content-1623\" aria-expanded=\"false\">Servicios VIP y de lujo<\/div>\n\t\t\t\t\t\t\t\t\t<div id=\"elementor-tab-title-1624\" class=\"elementor-tab-title elementor-tab-desktop-title\" aria-selected=\"false\" data-tab=\"4\" role=\"tab\" tabindex=\"-1\" aria-controls=\"elementor-tab-content-1624\" aria-expanded=\"false\">Servicios de traslado e instalaci\u00f3n<\/div>\n\t\t\t\t\t\t\t<\/div>\n\t\t\t<div class=\"elementor-tabs-content-wrapper\" role=\"tablist\" aria-orientation=\"vertical\">\n\t\t\t\t\t\t\t\t\t<div class=\"elementor-tab-title elementor-tab-mobile-title\" aria-selected=\"true\" data-tab=\"1\" role=\"tab\" tabindex=\"0\" aria-controls=\"elementor-tab-content-1621\" aria-expanded=\"false\">Gesti\u00f3n personalizada del estilo de vida<\/div>\n\t\t\t\t\t<div id=\"elementor-tab-content-1621\" class=\"elementor-tab-content elementor-clearfix\" data-tab=\"1\" role=\"tabpanel\" aria-labelledby=\"elementor-tab-title-1621\" tabindex=\"0\" hidden=\"false\"><p>Nuestros servicios de gesti\u00f3n del estilo de vida se adaptan a las necesidades espec\u00edficas de cada cliente. Ofrecemos una amplia gama de servicios personalizados, entre los que se incluyen: <\/p>\n<ul>\n<li>\n<p><strong>Compras y recados personales<\/strong>: Ahorra tiempo y esfuerzo con nuestros servicios de compras y recados personales. Ya sea para hacer la compra, adquirir art\u00edculos de lujo o realizar tareas cotidianas, nos aseguramos de que todo se haga de forma eficiente. <\/p>\n<\/li>\n<li>\n<p><strong>Planificaci\u00f3n y coordinaci\u00f3n de eventos<\/strong>: Desde reuniones \u00edntimas hasta eventos a gran escala, nuestro equipo de expertos se encarga de todos los aspectos de la planificaci\u00f3n y coordinaci\u00f3n de eventos. Trabajamos estrechamente contigo para crear experiencias memorables, gestionando todo, desde la selecci\u00f3n del lugar hasta las invitaciones y el entretenimiento. <\/p>\n<\/li>\n<li>\n<p><strong>Organizaci\u00f3n de viajes<\/strong>: Tanto si se trata de un viaje de negocios como de unas vacaciones de lujo, gestionamos todos los preparativos de tu viaje. Nuestros servicios incluyen la reserva de vuelos, alojamiento, transporte e incluso la creaci\u00f3n de itinerarios personalizados para garantizar un viaje sin estr\u00e9s. <\/p>\n<\/li>\n<li>\n<p><strong>Reservas de restaurantes y espect\u00e1culos<\/strong>: Disfruta de acceso exclusivo a los mejores restaurantes, espect\u00e1culos y eventos de Espa\u00f1a. Nos encargamos de todas las reservas, garantiz\u00e1ndote asientos de primera y un trato VIP en los lugares que elijas. <\/p>\n<\/li>\n<\/ul>\n<\/div>\n\t\t\t\t\t\t\t\t\t<div class=\"elementor-tab-title elementor-tab-mobile-title\" aria-selected=\"false\" data-tab=\"2\" role=\"tab\" tabindex=\"-1\" aria-controls=\"elementor-tab-content-1622\" aria-expanded=\"false\">Gesti\u00f3n y mantenimiento de la propiedad<\/div>\n\t\t\t\t\t<div id=\"elementor-tab-content-1622\" class=\"elementor-tab-content elementor-clearfix\" data-tab=\"2\" role=\"tabpanel\" aria-labelledby=\"elementor-tab-title-1622\" tabindex=\"0\" hidden=\"hidden\"><p>Ser propietario de una vivienda en Espa\u00f1a deber\u00eda ser una alegr\u00eda, no una carga. Nuestros servicios de gesti\u00f3n de la propiedad est\u00e1n dise\u00f1ados para mantener tu casa en las mejores condiciones y proporcionarte tranquilidad. Te ofrecemos:  <\/p>\n<ul>\n<li>\n<p><strong>Limpieza y mantenimiento<\/strong>: Servicios regulares de limpieza y aseo para mantener tu propiedad inmaculada, ya sea tu residencia principal o una casa de vacaciones. Adaptamos nuestros servicios a tus horarios y preferencias. <\/p>\n<\/li>\n<li>\n<p><strong>Comprobaciones de seguridad y mantenimiento<\/strong>: Comprobaciones peri\u00f3dicas de seguridad e inspecciones de mantenimiento para garantizar que su propiedad es segura y est\u00e1 en perfectas condiciones. Nuestro equipo gestiona cualquier reparaci\u00f3n o mejora necesaria, manteni\u00e9ndote informado en todo momento. <\/p>\n<\/li>\n<li>\n<p><strong>Gesti\u00f3n de servicios p\u00fablicos<\/strong>: Nos encargamos de todos los aspectos de la gesti\u00f3n de servicios p\u00fablicos, incluida la configuraci\u00f3n y gesti\u00f3n de los servicios de electricidad, agua, gas e Internet. Tambi\u00e9n nos encargamos de las facturas peri\u00f3dicas y las citas con el servicio t\u00e9cnico, para que no tengas que preocuparte por los detalles. <\/p>\n<\/li>\n<\/ul>\n<\/div>\n\t\t\t\t\t\t\t\t\t<div class=\"elementor-tab-title elementor-tab-mobile-title\" aria-selected=\"false\" data-tab=\"3\" role=\"tab\" tabindex=\"-1\" aria-controls=\"elementor-tab-content-1623\" aria-expanded=\"false\">Servicios VIP y de lujo<\/div>\n\t\t\t\t\t<div id=\"elementor-tab-content-1623\" class=\"elementor-tab-content elementor-clearfix\" data-tab=\"3\" role=\"tabpanel\" aria-labelledby=\"elementor-tab-title-1623\" tabindex=\"0\" hidden=\"hidden\"><p>Para quienes buscan un estilo de vida elevado, nuestros servicios VIP y de lujo ofrecen un acceso y una comodidad sin igual:<\/p>\n<ul>\n<li>\n<p><strong>Servicios de ch\u00f3fer y transporte<\/strong>: Disfruta de la comodidad de nuestros servicios de ch\u00f3fer, con conductores profesionales disponibles tanto para viajes cortos como para desplazamientos prolongados. Tambi\u00e9n ofrecemos alquiler de veh\u00edculos de lujo y traslados al aeropuerto. <\/p>\n<\/li>\n<li>\n<p><strong>eExperiencias y acceso exclusivos<\/strong>: Acceda a eventos exclusivos, visitas privadas y experiencias \u00fanicas que normalmente est\u00e1n restringidas al p\u00fablico. Tanto si se trata de un alquiler de yate privado como de una visita entre bastidores, hacemos realidad lo extraordinario. <\/p>\n<\/li>\n<li>\n<p><strong>Servicios de salud y bienestar<\/strong>: Organizamos entrenadores personales, retiros de bienestar, tratamientos de spa y mucho m\u00e1s, adaptados a tus objetivos personales de salud y bienestar.<\/p>\n<\/li>\n<\/ul>\n<\/div>\n\t\t\t\t\t\t\t\t\t<div class=\"elementor-tab-title elementor-tab-mobile-title\" aria-selected=\"false\" data-tab=\"4\" role=\"tab\" tabindex=\"-1\" aria-controls=\"elementor-tab-content-1624\" aria-expanded=\"false\">Servicios de traslado e instalaci\u00f3n<\/div>\n\t\t\t\t\t<div id=\"elementor-tab-content-1624\" class=\"elementor-tab-content elementor-clearfix\" data-tab=\"4\" role=\"tabpanel\" aria-labelledby=\"elementor-tab-title-1624\" tabindex=\"0\" hidden=\"hidden\"><p>Trasladarse a un nuevo pa\u00eds puede ser abrumador, pero nuestros servicios de realojo garantizan una transici\u00f3n sin problemas:<\/p>\n<ul>\n<li>\n<p><strong>Asistencia para el traslado<\/strong>: Te ayudamos en todos los aspectos de su mudanza, desde la b\u00fasqueda de la casa perfecta hasta la instalaci\u00f3n de los servicios p\u00fablicos, el registro con las autoridades locales y la ayuda con las inscripciones escolares.<\/p>\n<\/li>\n<li>\n<p><strong>Asistencia ling\u00fc\u00edstica y cultural<\/strong>: Navegar por una nueva cultura puede ser todo un reto. Ofrecemos asistencia ling\u00fc\u00edstica, orientaci\u00f3n cultural y visitas personalizadas para ayudarte a instalarte y sentirte como en casa en Espa\u00f1a. <\/p>\n<\/li>\n<\/ul>\n<\/div>\n\t\t\t\t\t\t\t<\/div>\n\t\t<\/div>\n\t\t\t\t\t\t<\/div>\n\t\t\t\t<\/div>\n\t\t\t\t\t<\/div>\n\t\t<\/div>\n\t\t\t\t\t<\/div>\n\t\t<\/section>\n\t\t\t\t\t<\/div>\n\t\t<\/div>\n\t\t\t\t\t<\/div>\n\t\t<\/section>\n\t\t\t\t<section class=\"elementor-section elementor-top-section elementor-element elementor-element-256cf890 elementor-section-boxed elementor-section-height-default elementor-section-height-default\" data-id=\"256cf890\" data-element_type=\"section\" data-e-type=\"section\">\n\t\t\t\t\t\t<div class=\"elementor-container elementor-column-gap-default\">\n\t\t\t\t\t<div class=\"elementor-column elementor-col-100 elementor-top-column elementor-element elementor-element-2fb3848c\" data-id=\"2fb3848c\" data-element_type=\"column\" data-e-type=\"column\">\n\t\t\t<div class=\"elementor-widget-wrap elementor-element-populated\">\n\t\t\t\t\t\t<div class=\"elementor-element elementor-element-42accd9 elementor-widget elementor-widget-spacer\" data-id=\"42accd9\" data-element_type=\"widget\" data-e-type=\"widget\" data-widget_type=\"spacer.default\">\n\t\t\t\t<div class=\"elementor-widget-container\">\n\t\t\t\t\t\t\t<div class=\"elementor-spacer\">\n\t\t\t<div class=\"elementor-spacer-inner\"><\/div>\n\t\t<\/div>\n\t\t\t\t\t\t<\/div>\n\t\t\t\t<\/div>\n\t\t\t\t<div class=\"elementor-element elementor-element-2b3ce43b elementor-widget elementor-widget-heading\" data-id=\"2b3ce43b\" data-element_type=\"widget\" data-e-type=\"widget\" data-widget_type=\"heading.default\">\n\t\t\t\t<div class=\"elementor-widget-container\">\n\t\t\t\t\t<h2 class=\"elementor-heading-title elementor-size-default\">\u00bfPor qu\u00e9 elegir los servicios de conserjer\u00eda de Bocam Spain?<\/h2>\t\t\t\t<\/div>\n\t\t\t\t<\/div>\n\t\t\t\t<section class=\"elementor-section elementor-inner-section elementor-element elementor-element-1c5d1867 elementor-section-content-middle elementor-section-boxed elementor-section-height-default elementor-section-height-default\" data-id=\"1c5d1867\" data-element_type=\"section\" data-e-type=\"section\">\n\t\t\t\t\t\t<div class=\"elementor-container elementor-column-gap-default\">\n\t\t\t\t\t<div class=\"elementor-column elementor-col-50 elementor-inner-column elementor-element elementor-element-26fc1186\" data-id=\"26fc1186\" data-element_type=\"column\" data-e-type=\"column\">\n\t\t\t<div class=\"elementor-widget-wrap elementor-element-populated\">\n\t\t\t\t\t\t<div class=\"elementor-element elementor-element-391ef04c ekit-equal-height-enable elementor-widget elementor-widget-elementskit-icon-box\" data-id=\"391ef04c\" data-element_type=\"widget\" data-e-type=\"widget\" data-widget_type=\"elementskit-icon-box.default\">\n\t\t\t\t<div class=\"elementor-widget-container\">\n\t\t\t\t\t<div class=\"ekit-wid-con\" >        <!-- link opening -->\n                <!-- end link opening -->\n\n        <div class=\"elementskit-infobox text-left text-left icon-lef-right-aligin elementor-animation- media  \">\n                    <div class=\"elementskit-box-header elementor-animation-\">\n                <div class=\"elementskit-info-box-icon  text-center\">\n                    <i aria-hidden=\"true\" class=\"elementkit-infobox-icon icon icon-team\"><\/i>\n                <\/div>\n          <\/div>\n                        <div class=\"box-body\">\n                            <h3 class=\"elementskit-info-box-title\">\n                    Asistentes personales dedicados                <\/h3>\n                        \t\t  \t<p>Nuestro equipo de experimentados asistentes personales se compromete a proporcionar un servicio excepcional, garantizando que todas sus necesidades se satisfagan con eficacia.<\/p>\n                                <\/div>\n        \n        \n                <\/div>\n        <\/div>\t\t\t\t<\/div>\n\t\t\t\t<\/div>\n\t\t\t\t\t<\/div>\n\t\t<\/div>\n\t\t\t\t<div class=\"elementor-column elementor-col-50 elementor-inner-column elementor-element elementor-element-649ca31a\" data-id=\"649ca31a\" data-element_type=\"column\" data-e-type=\"column\">\n\t\t\t<div class=\"elementor-widget-wrap elementor-element-populated\">\n\t\t\t\t\t\t<div class=\"elementor-element elementor-element-795ff02 ekit-equal-height-enable elementor-widget elementor-widget-elementskit-icon-box\" data-id=\"795ff02\" data-element_type=\"widget\" data-e-type=\"widget\" data-widget_type=\"elementskit-icon-box.default\">\n\t\t\t\t<div class=\"elementor-widget-container\">\n\t\t\t\t\t<div class=\"ekit-wid-con\" >        <!-- link opening -->\n                <!-- end link opening -->\n\n        <div class=\"elementskit-infobox text-left text-left icon-lef-right-aligin elementor-animation- media  \">\n                    <div class=\"elementskit-box-header elementor-animation-\">\n                <div class=\"elementskit-info-box-icon  text-center\">\n                    <i aria-hidden=\"true\" class=\"elementkit-infobox-icon icon icon-magnifying-glass-search\"><\/i>\n                <\/div>\n          <\/div>\n                        <div class=\"box-body\">\n                            <h3 class=\"elementskit-info-box-title\">\n                    Servicio a medida                <\/h3>\n                        \t\t  \t<p>Entendemos que cada cliente es \u00fanico y ofrecemos soluciones totalmente personalizadas que se adaptan a tu estilo de vida y tus preferencias.<\/p>\n                                <\/div>\n        \n        \n                <\/div>\n        <\/div>\t\t\t\t<\/div>\n\t\t\t\t<\/div>\n\t\t\t\t\t<\/div>\n\t\t<\/div>\n\t\t\t\t\t<\/div>\n\t\t<\/section>\n\t\t\t\t<section class=\"elementor-section elementor-inner-section elementor-element elementor-element-5e58fb9c elementor-section-content-middle elementor-section-boxed elementor-section-height-default elementor-section-height-default\" data-id=\"5e58fb9c\" data-element_type=\"section\" data-e-type=\"section\">\n\t\t\t\t\t\t<div class=\"elementor-container elementor-column-gap-default\">\n\t\t\t\t\t<div class=\"elementor-column elementor-col-50 elementor-inner-column elementor-element elementor-element-6015313e\" data-id=\"6015313e\" data-element_type=\"column\" data-e-type=\"column\">\n\t\t\t<div class=\"elementor-widget-wrap elementor-element-populated\">\n\t\t\t\t\t\t<div class=\"elementor-element elementor-element-3beeacee ekit-equal-height-enable elementor-widget elementor-widget-elementskit-icon-box\" data-id=\"3beeacee\" data-element_type=\"widget\" data-e-type=\"widget\" data-widget_type=\"elementskit-icon-box.default\">\n\t\t\t\t<div class=\"elementor-widget-container\">\n\t\t\t\t\t<div class=\"ekit-wid-con\" >        <!-- link opening -->\n                <!-- end link opening -->\n\n        <div class=\"elementskit-infobox text-left text-left icon-lef-right-aligin elementor-animation- media  \">\n                    <div class=\"elementskit-box-header elementor-animation-\">\n                <div class=\"elementskit-info-box-icon  text-center\">\n                    <i aria-hidden=\"true\" class=\"elementkit-infobox-icon icon icon-clock\"><\/i>\n                <\/div>\n          <\/div>\n                        <div class=\"box-body\">\n                            <h3 class=\"elementskit-info-box-title\">\n                    Disponibilidad 24\/7                <\/h3>\n                        \t\t  \t<p>La vida no sigue un horario de 9 a 5, y nosotros tampoco. Nuestros servicios de conserjer\u00eda est\u00e1n disponibles las 24 horas del d\u00eda para ayudarte siempre que lo necesite. <\/p>\n                                <\/div>\n        \n        \n                <\/div>\n        <\/div>\t\t\t\t<\/div>\n\t\t\t\t<\/div>\n\t\t\t\t\t<\/div>\n\t\t<\/div>\n\t\t\t\t<div class=\"elementor-column elementor-col-50 elementor-inner-column elementor-element elementor-element-64c1d69e\" data-id=\"64c1d69e\" data-element_type=\"column\" data-e-type=\"column\">\n\t\t\t<div class=\"elementor-widget-wrap elementor-element-populated\">\n\t\t\t\t\t\t<div class=\"elementor-element elementor-element-2f5fb53b ekit-equal-height-enable elementor-widget elementor-widget-elementskit-icon-box\" data-id=\"2f5fb53b\" data-element_type=\"widget\" data-e-type=\"widget\" data-widget_type=\"elementskit-icon-box.default\">\n\t\t\t\t<div class=\"elementor-widget-container\">\n\t\t\t\t\t<div class=\"ekit-wid-con\" >        <!-- link opening -->\n                <!-- end link opening -->\n\n        <div class=\"elementskit-infobox text-left text-left icon-lef-right-aligin elementor-animation- media  \">\n                    <div class=\"elementskit-box-header elementor-animation-\">\n                <div class=\"elementskit-info-box-icon  text-center\">\n                    <i aria-hidden=\"true\" class=\"elementkit-infobox-icon icon icon-map1\"><\/i>\n                <\/div>\n          <\/div>\n                        <div class=\"box-body\">\n                            <h3 class=\"elementskit-info-box-title\">\n                    Expertos locales                <\/h3>\n                        \t\t  \t<p>Gracias a nuestro profundo conocimiento de Espa\u00f1a, ofrecemos perspectivas y conexiones que s\u00f3lo los lugare\u00f1os pueden proporcionar, garantiz\u00e1ndote las mejores experiencias y servicios.<\/p>\n                                <\/div>\n        \n        \n                <\/div>\n        <\/div>\t\t\t\t<\/div>\n\t\t\t\t<\/div>\n\t\t\t\t\t<\/div>\n\t\t<\/div>\n\t\t\t\t\t<\/div>\n\t\t<\/section>\n\t\t\t\t<div class=\"elementor-element elementor-element-636e6c9 elementor-widget elementor-widget-spacer\" data-id=\"636e6c9\" data-element_type=\"widget\" data-e-type=\"widget\" data-widget_type=\"spacer.default\">\n\t\t\t\t<div class=\"elementor-widget-container\">\n\t\t\t\t\t\t\t<div class=\"elementor-spacer\">\n\t\t\t<div class=\"elementor-spacer-inner\"><\/div>\n\t\t<\/div>\n\t\t\t\t\t\t<\/div>\n\t\t\t\t<\/div>\n\t\t\t\t\t<\/div>\n\t\t<\/div>\n\t\t\t\t\t<\/div>\n\t\t<\/section>\n\t\t\t\t<\/div>\n\t\t","protected":false},"excerpt":{"rendered":"<p>Conserjer\u00eda disponible con la compra de tu propiedad en Espa\u00f1a Una vida sin fisuras comienza con nuestros servicios de conserjer\u00eda En Bocam Spain, entendemos que la vida puede ser ajetreada y a veces abrumadora, especialmente al instalarse en un nuevo pa\u00eds. Por eso ofrecemos una gama completa de servicios de conserjer\u00eda dise\u00f1ados para que tu [&hellip;]<\/p>\n","protected":false},"author":4,"featured_media":0,"parent":0,"menu_order":0,"comment_status":"closed","ping_status":"closed","template":"elementor_header_footer","meta":{"_acf_changed":false,"_joinchat":[],"footnotes":""},"class_list":["post-619337","page","type-page","status-publish","hentry"],"acf":[],"aioseo_notices":[],"_links":{"self":[{"href":"https:\/\/bocamspain.com\/es\/wp-json\/wp\/v2\/pages\/619337","targetHints":{"allow":["GET"]}}],"collection":[{"href":"https:\/\/bocamspain.com\/es\/wp-json\/wp\/v2\/pages"}],"about":[{"href":"https:\/\/bocamspain.com\/es\/wp-json\/wp\/v2\/types\/page"}],"author":[{"embeddable":true,"href":"https:\/\/bocamspain.com\/es\/wp-json\/wp\/v2\/users\/4"}],"replies":[{"embeddable":true,"href":"https:\/\/bocamspain.com\/es\/wp-json\/wp\/v2\/comments?post=619337"}],"version-history":[{"count":4,"href":"https:\/\/bocamspain.com\/es\/wp-json\/wp\/v2\/pages\/619337\/revisions"}],"predecessor-version":[{"id":626622,"href":"https:\/\/bocamspain.com\/es\/wp-json\/wp\/v2\/pages\/619337\/revisions\/626622"}],"wp:attachment":[{"href":"https:\/\/bocamspain.com\/es\/wp-json\/wp\/v2\/media?parent=619337"}],"curies":[{"name":"wp","href":"https:\/\/api.w.org\/{rel}","templated":true}]}}