{"id":619350,"date":"2024-08-23T10:01:55","date_gmt":"2024-08-23T10:01:55","guid":{"rendered":"https:\/\/bocamspain.com\/reparacion-y-renovacion-de-propiedades\/"},"modified":"2025-01-19T17:22:23","modified_gmt":"2025-01-19T17:22:23","slug":"reparacion-y-renovacion-de-propiedades","status":"publish","type":"page","link":"https:\/\/bocamspain.com\/es\/reparacion-y-renovacion-de-propiedades\/","title":{"rendered":"Reparaci\u00f3n y renovaci\u00f3n de propiedades"},"content":{"rendered":"\t\t<div data-elementor-type=\"wp-page\" data-elementor-id=\"619350\" class=\"elementor elementor-619350 elementor-618959\">\n\t\t\t\t\t\t<section class=\"elementor-section elementor-top-section elementor-element elementor-element-2e460fb7 elementor-section-content-middle elementor-section-boxed elementor-section-height-default elementor-section-height-default\" data-id=\"2e460fb7\" data-element_type=\"section\" data-e-type=\"section\" data-settings=\"{&quot;background_background&quot;:&quot;classic&quot;}\">\n\t\t\t\t\t\t\t<div class=\"elementor-background-overlay\"><\/div>\n\t\t\t\t\t\t\t<div class=\"elementor-container elementor-column-gap-default\">\n\t\t\t\t\t<div class=\"elementor-column elementor-col-100 elementor-top-column elementor-element elementor-element-4b4a961a\" data-id=\"4b4a961a\" data-element_type=\"column\" data-e-type=\"column\">\n\t\t\t<div class=\"elementor-widget-wrap elementor-element-populated\">\n\t\t\t\t\t\t<div class=\"elementor-element elementor-element-6be403f1 elementor-widget elementor-widget-heading\" data-id=\"6be403f1\" data-element_type=\"widget\" data-e-type=\"widget\" data-widget_type=\"heading.default\">\n\t\t\t\t<div class=\"elementor-widget-container\">\n\t\t\t\t\t<h1 class=\"elementor-heading-title elementor-size-default\">Servicios profesionales de reparaci\u00f3n y renovaci\u00f3n de inmuebles\n<\/h1>\t\t\t\t<\/div>\n\t\t\t\t<\/div>\n\t\t\t\t\t<\/div>\n\t\t<\/div>\n\t\t\t\t\t<\/div>\n\t\t<\/section>\n\t\t\t\t<section class=\"elementor-section elementor-top-section elementor-element elementor-element-46e81f33 elementor-section-boxed elementor-section-height-default elementor-section-height-default\" data-id=\"46e81f33\" data-element_type=\"section\" data-e-type=\"section\">\n\t\t\t\t\t\t<div class=\"elementor-container elementor-column-gap-default\">\n\t\t\t\t\t<div class=\"elementor-column elementor-col-50 elementor-top-column elementor-element elementor-element-4a607661\" data-id=\"4a607661\" data-element_type=\"column\" data-e-type=\"column\">\n\t\t\t<div class=\"elementor-widget-wrap elementor-element-populated\">\n\t\t\t\t\t\t<div class=\"elementor-element elementor-element-4add80c0 elementor-widget elementor-widget-text-editor\" data-id=\"4add80c0\" data-element_type=\"widget\" data-e-type=\"widget\" data-widget_type=\"text-editor.default\">\n\t\t\t\t<div class=\"elementor-widget-container\">\n\t\t\t\t\t\t\t\t\t<p>En <strong>Bocam Spain<\/strong>, entendemos que mantener y mejorar tu propiedad es esencial para preservar su valor y garantizar tu comodidad. Ya sea que necesites reparaciones menores, renovaciones a gran escala o mantenimiento regular, nuestro equipo est\u00e1 formado para <strong>manejar todas las necesidades<\/strong> de tu propiedad con profesionalismo y experiencia.  <\/p>\n\t\t\t\t\t\t\t\t<\/div>\n\t\t\t\t<\/div>\n\t\t\t\t<div class=\"elementor-element elementor-element-a9dd69e elementor-widget elementor-widget-button\" data-id=\"a9dd69e\" data-element_type=\"widget\" data-e-type=\"widget\" data-widget_type=\"button.default\">\n\t\t\t\t<div class=\"elementor-widget-container\">\n\t\t\t\t\t\t\t\t\t<div class=\"elementor-button-wrapper\">\n\t\t\t\t\t<a class=\"elementor-button elementor-button-link elementor-size-sm\" href=\"https:\/\/calendly.com\/bocamspain\/q-a-bocam-spain?month=2024-03\">\n\t\t\t\t\t\t<span class=\"elementor-button-content-wrapper\">\n\t\t\t\t\t\t\t\t\t<span class=\"elementor-button-text\">CONTACTA CON NOSOTROS<\/span>\n\t\t\t\t\t<\/span>\n\t\t\t\t\t<\/a>\n\t\t\t\t<\/div>\n\t\t\t\t\t\t\t\t<\/div>\n\t\t\t\t<\/div>\n\t\t\t\t\t<\/div>\n\t\t<\/div>\n\t\t\t\t<div class=\"elementor-column elementor-col-50 elementor-top-column elementor-element elementor-element-3fe9de58\" data-id=\"3fe9de58\" data-element_type=\"column\" data-e-type=\"column\">\n\t\t\t<div class=\"elementor-widget-wrap elementor-element-populated\">\n\t\t\t\t\t\t<div class=\"elementor-element elementor-element-4c21df6d elementor-widget elementor-widget-image\" data-id=\"4c21df6d\" data-element_type=\"widget\" data-e-type=\"widget\" data-widget_type=\"image.default\">\n\t\t\t\t<div class=\"elementor-widget-container\">\n\t\t\t\t\t\t\t\t\t\t\t\t\t\t\t<img fetchpriority=\"high\" decoding=\"async\" width=\"1000\" height=\"563\" src=\"https:\/\/bocamspain.com\/wp-content\/uploads\/2024\/08\/Diseno-sin-titulo-3-1-1.jpg\" class=\"attachment-full size-full wp-image-618970\" alt=\"property repairs and renovations service\" srcset=\"https:\/\/bocamspain.com\/wp-content\/uploads\/2024\/08\/Diseno-sin-titulo-3-1-1.jpg 1000w, https:\/\/bocamspain.com\/wp-content\/uploads\/2024\/08\/Diseno-sin-titulo-3-1-1-300x169.jpg 300w, https:\/\/bocamspain.com\/wp-content\/uploads\/2024\/08\/Diseno-sin-titulo-3-1-1-768x432.jpg 768w\" sizes=\"(max-width: 1000px) 100vw, 1000px\" \/>\t\t\t\t\t\t\t\t\t\t\t\t\t\t\t<\/div>\n\t\t\t\t<\/div>\n\t\t\t\t\t<\/div>\n\t\t<\/div>\n\t\t\t\t\t<\/div>\n\t\t<\/section>\n\t\t\t\t<section class=\"elementor-section elementor-top-section elementor-element elementor-element-21640a1a elementor-section-boxed elementor-section-height-default elementor-section-height-default\" data-id=\"21640a1a\" data-element_type=\"section\" data-e-type=\"section\" data-settings=\"{&quot;background_background&quot;:&quot;classic&quot;}\">\n\t\t\t\t\t\t<div class=\"elementor-container elementor-column-gap-default\">\n\t\t\t\t\t<div class=\"elementor-column elementor-col-100 elementor-top-column elementor-element elementor-element-375bc113\" data-id=\"375bc113\" data-element_type=\"column\" data-e-type=\"column\" data-settings=\"{&quot;background_background&quot;:&quot;classic&quot;}\">\n\t\t\t<div class=\"elementor-widget-wrap elementor-element-populated\">\n\t\t\t\t\t\t<div class=\"elementor-element elementor-element-172fd1b elementor-widget elementor-widget-spacer\" data-id=\"172fd1b\" data-element_type=\"widget\" data-e-type=\"widget\" data-widget_type=\"spacer.default\">\n\t\t\t\t<div class=\"elementor-widget-container\">\n\t\t\t\t\t\t\t<div class=\"elementor-spacer\">\n\t\t\t<div class=\"elementor-spacer-inner\"><\/div>\n\t\t<\/div>\n\t\t\t\t\t\t<\/div>\n\t\t\t\t<\/div>\n\t\t\t\t<section class=\"elementor-section elementor-inner-section elementor-element elementor-element-ced5c40 elementor-section-content-middle elementor-section-boxed elementor-section-height-default elementor-section-height-default\" data-id=\"ced5c40\" data-element_type=\"section\" data-e-type=\"section\">\n\t\t\t\t\t\t<div class=\"elementor-container elementor-column-gap-default\">\n\t\t\t\t\t<div class=\"elementor-column elementor-col-100 elementor-inner-column elementor-element elementor-element-301d94b8\" data-id=\"301d94b8\" data-element_type=\"column\" data-e-type=\"column\">\n\t\t\t<div class=\"elementor-widget-wrap elementor-element-populated\">\n\t\t\t\t\t\t<div class=\"elementor-element elementor-element-4d7c3eb7 elementor-widget elementor-widget-heading\" data-id=\"4d7c3eb7\" data-element_type=\"widget\" data-e-type=\"widget\" data-widget_type=\"heading.default\">\n\t\t\t\t<div class=\"elementor-widget-container\">\n\t\t\t\t\t<h2 class=\"elementor-heading-title elementor-size-default\">NUESTROS SERVICIOS DE REPARACIONES Y REFORMAS<\/h2>\t\t\t\t<\/div>\n\t\t\t\t<\/div>\n\t\t\t\t<div class=\"elementor-element elementor-element-fbb1aa9 elementor-tabs-view-horizontal elementor-widget elementor-widget-tabs\" data-id=\"fbb1aa9\" data-element_type=\"widget\" data-e-type=\"widget\" data-widget_type=\"tabs.default\">\n\t\t\t\t<div class=\"elementor-widget-container\">\n\t\t\t\t\t\t\t<div class=\"elementor-tabs\">\n\t\t\t<div class=\"elementor-tabs-wrapper\" role=\"tablist\" >\n\t\t\t\t\t\t\t\t\t<div id=\"elementor-tab-title-2631\" class=\"elementor-tab-title elementor-tab-desktop-title\" aria-selected=\"true\" data-tab=\"1\" role=\"tab\" tabindex=\"0\" aria-controls=\"elementor-tab-content-2631\" aria-expanded=\"false\">Servicios de jardiner\u00eda<\/div>\n\t\t\t\t\t\t\t\t\t<div id=\"elementor-tab-title-2632\" class=\"elementor-tab-title elementor-tab-desktop-title\" aria-selected=\"false\" data-tab=\"2\" role=\"tab\" tabindex=\"-1\" aria-controls=\"elementor-tab-content-2632\" aria-expanded=\"false\">Mantenimiento y Reformas de Piscinas<\/div>\n\t\t\t\t\t\t\t\t\t<div id=\"elementor-tab-title-2633\" class=\"elementor-tab-title elementor-tab-desktop-title\" aria-selected=\"false\" data-tab=\"3\" role=\"tab\" tabindex=\"-1\" aria-controls=\"elementor-tab-content-2633\" aria-expanded=\"false\">Reparaciones y Renovaciones Generales de Propiedades<\/div>\n\t\t\t\t\t\t\t<\/div>\n\t\t\t<div class=\"elementor-tabs-content-wrapper\" role=\"tablist\" aria-orientation=\"vertical\">\n\t\t\t\t\t\t\t\t\t<div class=\"elementor-tab-title elementor-tab-mobile-title\" aria-selected=\"true\" data-tab=\"1\" role=\"tab\" tabindex=\"0\" aria-controls=\"elementor-tab-content-2631\" aria-expanded=\"false\">Servicios de jardiner\u00eda<\/div>\n\t\t\t\t\t<div id=\"elementor-tab-content-2631\" class=\"elementor-tab-content elementor-clearfix\" data-tab=\"1\" role=\"tabpanel\" aria-labelledby=\"elementor-tab-title-2631\" tabindex=\"0\" hidden=\"false\"><p>Tu jard\u00edn es una extensi\u00f3n de su hogar, y nuestros servicios de jardiner\u00eda garantizan que permanezca bonito y funcional durante todo el a\u00f1o. Ofrecemos: <\/p>\n<ul>\n<li>\n<p><strong>Dise\u00f1o y renovaci\u00f3n de jardines<\/strong>: Transforma tu espacio exterior con nuestros servicios expertos en dise\u00f1o y renovaci\u00f3n de jardines. Desde la plantaci\u00f3n de nueva vegetaci\u00f3n hasta la instalaci\u00f3n de sistemas de riego, creamos jardines que no solo son visualmente atractivos, sino tambi\u00e9n sostenibles y f\u00e1ciles de mantener. <\/p>\n<\/li>\n<li>\n<p><strong>Mantenimiento regular<\/strong>: Mant\u00e9n tu jard\u00edn con el mejor aspecto posible con nuestros servicios de mantenimiento regular, que incluyen cuidado del c\u00e9sped, poda y limpiezas estacionales. Adaptamos nuestros servicios a las necesidades espec\u00edficas de tu jard\u00edn, asegur\u00e1ndonos de que siga siendo un precioso refugio. <\/p>\n<\/li>\n<li>\n<p><strong>Sistemas de riego<\/strong>: Dise\u00f1amos e instalamos sistemas de riego eficientes que conservan el agua mientras mantienen tu jard\u00edn frondoso y verde. Nuestro equipo se asegura de que tu jard\u00edn reciba la cantidad correcta de agua, independientemente de la temporada. <\/p>\n<\/li>\n<\/ul>\n<\/div>\n\t\t\t\t\t\t\t\t\t<div class=\"elementor-tab-title elementor-tab-mobile-title\" aria-selected=\"false\" data-tab=\"2\" role=\"tab\" tabindex=\"-1\" aria-controls=\"elementor-tab-content-2632\" aria-expanded=\"false\">Mantenimiento y Reformas de Piscinas<\/div>\n\t\t\t\t\t<div id=\"elementor-tab-content-2632\" class=\"elementor-tab-content elementor-clearfix\" data-tab=\"2\" role=\"tabpanel\" aria-labelledby=\"elementor-tab-title-2632\" tabindex=\"0\" hidden=\"hidden\"><p>Una piscina bien mantenida es lo m\u00e1s destacado de cualquier propiedad, especialmente en el clima c\u00e1lido de Espa\u00f1a. Nuestros servicios de piscina incluyen: <\/p>\n<ul>\n<li>\n<p><strong>Mantenimiento regular de la piscina<\/strong>: Aseg\u00farate de que tu piscina permanezca limpia, segura y en excelentes condiciones con nuestros servicios de mantenimiento regular. Ofrecemos limpieza, tratamiento de agua y revisi\u00f3n de equipos para mantener tu piscina lista para usar en todo momento. <\/p>\n<\/li>\n<li>\n<p><strong>Renovaciones de piscinas<\/strong>: Con el tiempo, las piscinas pueden mostrar signos de desgaste. Nuestros servicios de renovaci\u00f3n pueden revitalizar tu piscina, ya sea repavimentando, reparando azulejos o actualizando los sistemas de filtraci\u00f3n. Te ayudamos a mantener una piscina que mejore el atractivo de tu propiedad.  <\/p>\n<\/li>\n<\/ul>\n<\/div>\n\t\t\t\t\t\t\t\t\t<div class=\"elementor-tab-title elementor-tab-mobile-title\" aria-selected=\"false\" data-tab=\"3\" role=\"tab\" tabindex=\"-1\" aria-controls=\"elementor-tab-content-2633\" aria-expanded=\"false\">Reparaciones y Renovaciones Generales de Propiedades<\/div>\n\t\t\t\t\t<div id=\"elementor-tab-content-2633\" class=\"elementor-tab-content elementor-clearfix\" data-tab=\"3\" role=\"tabpanel\" aria-labelledby=\"elementor-tab-title-2633\" tabindex=\"0\" hidden=\"hidden\"><p>Mantener el valor y la funcionalidad de tu propiedad es crucial, y ofrecemos una amplia gama de servicios de reparaci\u00f3n y renovaci\u00f3n para satisfacer estas necesidades:<\/p>\n<ul>\n<li>\n<p><strong>Reparaciones interiores y exteriores<\/strong>: Desde la reparaci\u00f3n de techos con goteras hasta la reparaci\u00f3n de paredes y pisos, nuestro equipo se encarga de todo tipo de reparaciones interiores y exteriores. Nos aseguramos de que tu propiedad permanezca en \u00f3ptimas condiciones, protegiendo tu inversi\u00f3n. <\/p>\n<\/li>\n<li>\n<p><strong>Renovaciones a gran escala<\/strong>: Ya sea que est\u00e9s buscando remodelar tu cocina, renovar tu ba\u00f1o o emprender una renovaci\u00f3n completa de tu hogar, brindamos servicios integrales. Nuestro equipo trabaja en estrecha colaboraci\u00f3n contigo para dar vida a tu visi\u00f3n, garantizando una mano de obra de alta calidad y atenci\u00f3n al detalle. <\/p>\n<\/li>\n<li>\n<p><strong>Pintura y decoraci\u00f3n<\/strong>: Refresca la apariencia de tu propiedad con nuestros servicios de pintura y decoraci\u00f3n. Ofrecemos pintura tanto interior como exterior, utilizando materiales de alta calidad para garantizar un acabado duradero que realce la est\u00e9tica de tu hogar. <\/p>\n<\/li>\n<li>\n<p><strong>Servicios el\u00e9ctricos y de fontaner\u00eda<\/strong>: Los sistemas el\u00e9ctricos y de fontaner\u00eda confiables son esenciales para cualquier propiedad. Nuestros t\u00e9cnicos calificados brindan instalaci\u00f3n, reparaciones y actualizaciones para garantizar que los sistemas de tu casa sean seguros y eficientes. <\/p>\n<\/li>\n<li>\n<p><strong>Techos y aislamiento<\/strong>: Protege tu hogar de los elementos con nuestros servicios de techos y aislamiento. Reparamos y reemplazamos techos, e instalamos o actualizamos el aislamiento para mejorar la eficiencia energ\u00e9tica y el confort. <\/p>\n<\/li>\n<\/ul>\n<\/div>\n\t\t\t\t\t\t\t<\/div>\n\t\t<\/div>\n\t\t\t\t\t\t<\/div>\n\t\t\t\t<\/div>\n\t\t\t\t\t<\/div>\n\t\t<\/div>\n\t\t\t\t\t<\/div>\n\t\t<\/section>\n\t\t\t\t\t<\/div>\n\t\t<\/div>\n\t\t\t\t\t<\/div>\n\t\t<\/section>\n\t\t\t\t<section class=\"elementor-section elementor-top-section elementor-element elementor-element-920543a elementor-section-boxed elementor-section-height-default elementor-section-height-default\" data-id=\"920543a\" data-element_type=\"section\" data-e-type=\"section\">\n\t\t\t\t\t\t<div class=\"elementor-container elementor-column-gap-default\">\n\t\t\t\t\t<div class=\"elementor-column elementor-col-100 elementor-top-column elementor-element elementor-element-492851a\" data-id=\"492851a\" data-element_type=\"column\" data-e-type=\"column\">\n\t\t\t<div class=\"elementor-widget-wrap elementor-element-populated\">\n\t\t\t\t\t\t<div class=\"elementor-element elementor-element-bad7fa8 elementor-widget elementor-widget-spacer\" data-id=\"bad7fa8\" data-element_type=\"widget\" data-e-type=\"widget\" data-widget_type=\"spacer.default\">\n\t\t\t\t<div class=\"elementor-widget-container\">\n\t\t\t\t\t\t\t<div class=\"elementor-spacer\">\n\t\t\t<div class=\"elementor-spacer-inner\"><\/div>\n\t\t<\/div>\n\t\t\t\t\t\t<\/div>\n\t\t\t\t<\/div>\n\t\t\t\t<div class=\"elementor-element elementor-element-7138375a elementor-widget elementor-widget-heading\" data-id=\"7138375a\" data-element_type=\"widget\" data-e-type=\"widget\" data-widget_type=\"heading.default\">\n\t\t\t\t<div class=\"elementor-widget-container\">\n\t\t\t\t\t<h2 class=\"elementor-heading-title elementor-size-default\">\u00bfPor qu\u00e9 elegir Bocam Spain para las necesidades de tu propiedad?<\/h2>\t\t\t\t<\/div>\n\t\t\t\t<\/div>\n\t\t\t\t<section class=\"elementor-section elementor-inner-section elementor-element elementor-element-c72ff82 elementor-section-content-middle elementor-section-boxed elementor-section-height-default elementor-section-height-default\" data-id=\"c72ff82\" data-element_type=\"section\" data-e-type=\"section\">\n\t\t\t\t\t\t<div class=\"elementor-container elementor-column-gap-default\">\n\t\t\t\t\t<div class=\"elementor-column elementor-col-50 elementor-inner-column elementor-element elementor-element-4b40ea36\" data-id=\"4b40ea36\" data-element_type=\"column\" data-e-type=\"column\">\n\t\t\t<div class=\"elementor-widget-wrap elementor-element-populated\">\n\t\t\t\t\t\t<div class=\"elementor-element elementor-element-253c37a ekit-equal-height-enable elementor-widget elementor-widget-elementskit-icon-box\" data-id=\"253c37a\" data-element_type=\"widget\" data-e-type=\"widget\" data-widget_type=\"elementskit-icon-box.default\">\n\t\t\t\t<div class=\"elementor-widget-container\">\n\t\t\t\t\t<div class=\"ekit-wid-con\" >        <!-- link opening -->\n                <!-- end link opening -->\n\n        <div class=\"elementskit-infobox text-left text-left icon-lef-right-aligin elementor-animation- media  \">\n                    <div class=\"elementskit-box-header elementor-animation-\">\n                <div class=\"elementskit-info-box-icon  text-center\">\n                    <i aria-hidden=\"true\" class=\"elementkit-infobox-icon icon icon-trophy\"><\/i>\n                <\/div>\n          <\/div>\n                        <div class=\"box-body\">\n                            <h3 class=\"elementskit-info-box-title\">\n                    Profesionales con experiencia                <\/h3>\n                        \t\t  \t<p>Nuestro equipo est\u00e1 formado por profesionales cualificados con a\u00f1os de experiencia en reformas y reparaciones de propiedades, lo que garantiza resultados de alta calidad.<\/p>\n                                <\/div>\n        \n        \n                <\/div>\n        <\/div>\t\t\t\t<\/div>\n\t\t\t\t<\/div>\n\t\t\t\t\t<\/div>\n\t\t<\/div>\n\t\t\t\t<div class=\"elementor-column elementor-col-50 elementor-inner-column elementor-element elementor-element-223578b0\" data-id=\"223578b0\" data-element_type=\"column\" data-e-type=\"column\">\n\t\t\t<div class=\"elementor-widget-wrap elementor-element-populated\">\n\t\t\t\t\t\t<div class=\"elementor-element elementor-element-3cc3ff2 ekit-equal-height-enable elementor-widget elementor-widget-elementskit-icon-box\" data-id=\"3cc3ff2\" data-element_type=\"widget\" data-e-type=\"widget\" data-widget_type=\"elementskit-icon-box.default\">\n\t\t\t\t<div class=\"elementor-widget-container\">\n\t\t\t\t\t<div class=\"ekit-wid-con\" >        <!-- link opening -->\n                <!-- end link opening -->\n\n        <div class=\"elementskit-infobox text-left text-left icon-lef-right-aligin elementor-animation- media  \">\n                    <div class=\"elementskit-box-header elementor-animation-\">\n                <div class=\"elementskit-info-box-icon  text-center\">\n                    <i aria-hidden=\"true\" class=\"elementkit-infobox-icon icon icon-paint-roller\"><\/i>\n                <\/div>\n          <\/div>\n                        <div class=\"box-body\">\n                            <h3 class=\"elementskit-info-box-title\">\n                    Servicios completos                <\/h3>\n                        \t\t  \t<p>Ofrecemos una gama completa de servicios, que cubren todo, desde reparaciones menores hasta renovaciones completas, para que no tengas que buscar en otro lugar.<\/p>\n                                <\/div>\n        \n        \n                <\/div>\n        <\/div>\t\t\t\t<\/div>\n\t\t\t\t<\/div>\n\t\t\t\t\t<\/div>\n\t\t<\/div>\n\t\t\t\t\t<\/div>\n\t\t<\/section>\n\t\t\t\t<section class=\"elementor-section elementor-inner-section elementor-element elementor-element-5870b069 elementor-section-content-middle elementor-section-boxed elementor-section-height-default elementor-section-height-default\" data-id=\"5870b069\" data-element_type=\"section\" data-e-type=\"section\">\n\t\t\t\t\t\t<div class=\"elementor-container elementor-column-gap-default\">\n\t\t\t\t\t<div class=\"elementor-column elementor-col-50 elementor-inner-column elementor-element elementor-element-7465763f\" data-id=\"7465763f\" data-element_type=\"column\" data-e-type=\"column\">\n\t\t\t<div class=\"elementor-widget-wrap elementor-element-populated\">\n\t\t\t\t\t\t<div class=\"elementor-element elementor-element-1f6c0fd0 ekit-equal-height-enable elementor-widget elementor-widget-elementskit-icon-box\" data-id=\"1f6c0fd0\" data-element_type=\"widget\" data-e-type=\"widget\" data-widget_type=\"elementskit-icon-box.default\">\n\t\t\t\t<div class=\"elementor-widget-container\">\n\t\t\t\t\t<div class=\"ekit-wid-con\" >        <!-- link opening -->\n                <!-- end link opening -->\n\n        <div class=\"elementskit-infobox text-left text-left icon-lef-right-aligin elementor-animation- media  \">\n                    <div class=\"elementskit-box-header elementor-animation-\">\n                <div class=\"elementskit-info-box-icon  text-center\">\n                    <i aria-hidden=\"true\" class=\"elementkit-infobox-icon icon icon-magnifying-glass-search\"><\/i>\n                <\/div>\n          <\/div>\n                        <div class=\"box-body\">\n                            <h3 class=\"elementskit-info-box-title\">\n                    Soluciones personalizadas                <\/h3>\n                        \t\t  \t<p>Entendemos que cada propiedad es \u00fanica y adaptamos nuestros servicios para satisfacer tus necesidades y preferencias espec\u00edficas.<\/p>\n                                <\/div>\n        \n        \n                <\/div>\n        <\/div>\t\t\t\t<\/div>\n\t\t\t\t<\/div>\n\t\t\t\t\t<\/div>\n\t\t<\/div>\n\t\t\t\t<div class=\"elementor-column elementor-col-50 elementor-inner-column elementor-element elementor-element-5c33835c\" data-id=\"5c33835c\" data-element_type=\"column\" data-e-type=\"column\">\n\t\t\t<div class=\"elementor-widget-wrap elementor-element-populated\">\n\t\t\t\t\t\t<div class=\"elementor-element elementor-element-393a1996 ekit-equal-height-enable elementor-widget elementor-widget-elementskit-icon-box\" data-id=\"393a1996\" data-element_type=\"widget\" data-e-type=\"widget\" data-widget_type=\"elementskit-icon-box.default\">\n\t\t\t\t<div class=\"elementor-widget-container\">\n\t\t\t\t\t<div class=\"ekit-wid-con\" >        <!-- link opening -->\n                <!-- end link opening -->\n\n        <div class=\"elementskit-infobox text-left text-left icon-lef-right-aligin elementor-animation- media  \">\n                    <div class=\"elementskit-box-header elementor-animation-\">\n                <div class=\"elementskit-info-box-icon  text-center\">\n                    <i aria-hidden=\"true\" class=\"elementkit-infobox-icon icon icon-users2\"><\/i>\n                <\/div>\n          <\/div>\n                        <div class=\"box-body\">\n                            <h3 class=\"elementskit-info-box-title\">\n                    Satisfacci\u00f3n del cliente                <\/h3>\n                        \t\t  \t<p>La satisfacci\u00f3n del cliente es nuestra m\u00e1xima prioridad. Trabajamos en estrecha colaboraci\u00f3n contigo durante todo el proyecto, asegur\u00e1ndonos de que tus expectativas se cumplan y superen. <\/p>\n                                <\/div>\n        \n        \n                <\/div>\n        <\/div>\t\t\t\t<\/div>\n\t\t\t\t<\/div>\n\t\t\t\t\t<\/div>\n\t\t<\/div>\n\t\t\t\t\t<\/div>\n\t\t<\/section>\n\t\t\t\t\t<\/div>\n\t\t<\/div>\n\t\t\t\t\t<\/div>\n\t\t<\/section>\n\t\t\t\t<section class=\"elementor-section elementor-top-section elementor-element elementor-element-190365c0 elementor-section-boxed elementor-section-height-default elementor-section-height-default\" data-id=\"190365c0\" data-element_type=\"section\" data-e-type=\"section\">\n\t\t\t\t\t\t<div class=\"elementor-container elementor-column-gap-default\">\n\t\t\t\t\t<div class=\"elementor-column elementor-col-100 elementor-top-column elementor-element elementor-element-405cbf01\" data-id=\"405cbf01\" data-element_type=\"column\" data-e-type=\"column\">\n\t\t\t<div class=\"elementor-widget-wrap elementor-element-populated\">\n\t\t\t\t\t\t<div class=\"elementor-element elementor-element-6571d8e elementor-widget elementor-widget-spacer\" data-id=\"6571d8e\" data-element_type=\"widget\" data-e-type=\"widget\" data-widget_type=\"spacer.default\">\n\t\t\t\t<div class=\"elementor-widget-container\">\n\t\t\t\t\t\t\t<div class=\"elementor-spacer\">\n\t\t\t<div class=\"elementor-spacer-inner\"><\/div>\n\t\t<\/div>\n\t\t\t\t\t\t<\/div>\n\t\t\t\t<\/div>\n\t\t\t\t\t<\/div>\n\t\t<\/div>\n\t\t\t\t\t<\/div>\n\t\t<\/section>\n\t\t\t\t<\/div>\n\t\t","protected":false},"excerpt":{"rendered":"<p>Servicios profesionales de reparaci\u00f3n y renovaci\u00f3n de inmuebles En Bocam Spain, entendemos que mantener y mejorar tu propiedad es esencial para preservar su valor y garantizar tu comodidad. Ya sea que necesites reparaciones menores, renovaciones a gran escala o mantenimiento regular, nuestro equipo est\u00e1 formado para manejar todas las necesidades de tu propiedad con profesionalismo [&hellip;]<\/p>\n","protected":false},"author":4,"featured_media":0,"parent":0,"menu_order":0,"comment_status":"closed","ping_status":"closed","template":"elementor_header_footer","meta":{"_acf_changed":false,"_joinchat":[],"footnotes":""},"class_list":["post-619350","page","type-page","status-publish","hentry"],"acf":[],"aioseo_notices":[],"_links":{"self":[{"href":"https:\/\/bocamspain.com\/es\/wp-json\/wp\/v2\/pages\/619350","targetHints":{"allow":["GET"]}}],"collection":[{"href":"https:\/\/bocamspain.com\/es\/wp-json\/wp\/v2\/pages"}],"about":[{"href":"https:\/\/bocamspain.com\/es\/wp-json\/wp\/v2\/types\/page"}],"author":[{"embeddable":true,"href":"https:\/\/bocamspain.com\/es\/wp-json\/wp\/v2\/users\/4"}],"replies":[{"embeddable":true,"href":"https:\/\/bocamspain.com\/es\/wp-json\/wp\/v2\/comments?post=619350"}],"version-history":[{"count":4,"href":"https:\/\/bocamspain.com\/es\/wp-json\/wp\/v2\/pages\/619350\/revisions"}],"predecessor-version":[{"id":626777,"href":"https:\/\/bocamspain.com\/es\/wp-json\/wp\/v2\/pages\/619350\/revisions\/626777"}],"wp:attachment":[{"href":"https:\/\/bocamspain.com\/es\/wp-json\/wp\/v2\/media?parent=619350"}],"curies":[{"name":"wp","href":"https:\/\/api.w.org\/{rel}","templated":true}]}}