{"id":93555,"date":"2024-04-03T10:24:17","date_gmt":"2024-04-03T10:24:17","guid":{"rendered":"https:\/\/bocamspain.com\/inversion-empresarial\/"},"modified":"2024-11-27T17:46:41","modified_gmt":"2024-11-27T17:46:41","slug":"inversion-empresarial","status":"publish","type":"page","link":"https:\/\/bocamspain.com\/es\/inversion-empresarial\/","title":{"rendered":"Inversi\u00f3n empresarial"},"content":{"rendered":"\t\t<div data-elementor-type=\"wp-page\" data-elementor-id=\"93555\" class=\"elementor elementor-93555 elementor-93533\">\n\t\t\t\t\t\t<section class=\"elementor-section elementor-top-section elementor-element elementor-element-19f740d elementor-section-content-middle elementor-section-boxed elementor-section-height-default elementor-section-height-default\" data-id=\"19f740d\" data-element_type=\"section\" data-e-type=\"section\" data-settings=\"{&quot;background_background&quot;:&quot;classic&quot;}\">\n\t\t\t\t\t\t\t<div class=\"elementor-background-overlay\"><\/div>\n\t\t\t\t\t\t\t<div class=\"elementor-container elementor-column-gap-default\">\n\t\t\t\t\t<div class=\"elementor-column elementor-col-100 elementor-top-column elementor-element elementor-element-6ad75cfa\" data-id=\"6ad75cfa\" data-element_type=\"column\" data-e-type=\"column\">\n\t\t\t<div class=\"elementor-widget-wrap elementor-element-populated\">\n\t\t\t\t\t\t<div class=\"elementor-element elementor-element-68496aa0 elementor-widget elementor-widget-heading\" data-id=\"68496aa0\" data-element_type=\"widget\" data-e-type=\"widget\" data-widget_type=\"heading.default\">\n\t\t\t\t<div class=\"elementor-widget-container\">\n\t\t\t\t\t<h1 class=\"elementor-heading-title elementor-size-default\">Asesoramiento Inmobiliario Corporativo: Maximiza tus Inversiones<\/h1>\t\t\t\t<\/div>\n\t\t\t\t<\/div>\n\t\t\t\t\t<\/div>\n\t\t<\/div>\n\t\t\t\t\t<\/div>\n\t\t<\/section>\n\t\t\t\t<section class=\"elementor-section elementor-top-section elementor-element elementor-element-3feabd22 elementor-section-boxed elementor-section-height-default elementor-section-height-default\" data-id=\"3feabd22\" data-element_type=\"section\" data-e-type=\"section\">\n\t\t\t\t\t\t<div class=\"elementor-container elementor-column-gap-default\">\n\t\t\t\t\t<div class=\"elementor-column elementor-col-50 elementor-top-column elementor-element elementor-element-35ca6ff\" data-id=\"35ca6ff\" data-element_type=\"column\" data-e-type=\"column\">\n\t\t\t<div class=\"elementor-widget-wrap elementor-element-populated\">\n\t\t\t\t\t\t<div class=\"elementor-element elementor-element-2238f065 elementor-widget elementor-widget-heading\" data-id=\"2238f065\" data-element_type=\"widget\" data-e-type=\"widget\" data-widget_type=\"heading.default\">\n\t\t\t\t<div class=\"elementor-widget-container\">\n\t\t\t\t\t<h2 class=\"elementor-heading-title elementor-size-default\">INVIERTE SEGURO<br>INVIERTE EN ESPA\u00d1A<\/h2>\t\t\t\t<\/div>\n\t\t\t\t<\/div>\n\t\t\t\t<div class=\"elementor-element elementor-element-38d601ba elementor-widget elementor-widget-text-editor\" data-id=\"38d601ba\" data-element_type=\"widget\" data-e-type=\"widget\" data-widget_type=\"text-editor.default\">\n\t\t\t\t<div class=\"elementor-widget-container\">\n\t\t\t\t\t\t\t\t\t<p><span style=\"font-weight: 400;\">Bienvenido a Bocam Spain, tu socio de confianza en el mundo inmobiliario en toda Espa\u00f1a. Nos especializamos en actuar como <strong>intermediarios expertos<\/strong> y <strong>asesores dedicados<\/strong> en el proceso de alquiler y compra-venta de una amplia variedad de inmuebles.<\/span><\/p>\n\t\t\t\t\t\t\t\t<\/div>\n\t\t\t\t<\/div>\n\t\t\t\t<div class=\"elementor-element elementor-element-a50abba elementor-widget elementor-widget-button\" data-id=\"a50abba\" data-element_type=\"widget\" data-e-type=\"widget\" data-widget_type=\"button.default\">\n\t\t\t\t<div class=\"elementor-widget-container\">\n\t\t\t\t\t\t\t\t\t<div class=\"elementor-button-wrapper\">\n\t\t\t\t\t<a class=\"elementor-button elementor-button-link elementor-size-sm\" href=\"https:\/\/calendly.com\/bocamspain\/q-a-bocam-spain?month=2024-08\">\n\t\t\t\t\t\t<span class=\"elementor-button-content-wrapper\">\n\t\t\t\t\t\t\t\t\t<span class=\"elementor-button-text\">\u00a1INVIERTE EN ESPA\u00d1A AHORA!<\/span>\n\t\t\t\t\t<\/span>\n\t\t\t\t\t<\/a>\n\t\t\t\t<\/div>\n\t\t\t\t\t\t\t\t<\/div>\n\t\t\t\t<\/div>\n\t\t\t\t\t<\/div>\n\t\t<\/div>\n\t\t\t\t<div class=\"elementor-column elementor-col-50 elementor-top-column elementor-element elementor-element-1fc307f4\" data-id=\"1fc307f4\" data-element_type=\"column\" data-e-type=\"column\">\n\t\t\t<div class=\"elementor-widget-wrap elementor-element-populated\">\n\t\t\t\t\t\t<div class=\"elementor-element elementor-element-2e3be071 elementor-widget elementor-widget-image\" data-id=\"2e3be071\" data-element_type=\"widget\" data-e-type=\"widget\" data-widget_type=\"image.default\">\n\t\t\t\t<div class=\"elementor-widget-container\">\n\t\t\t\t\t\t\t\t\t\t\t\t\t\t\t<img fetchpriority=\"high\" decoding=\"async\" width=\"1000\" height=\"563\" src=\"https:\/\/bocamspain.com\/wp-content\/uploads\/2024\/11\/asesoramiento-inmobiliario-corporativo.jpg\" class=\"attachment-full size-full wp-image-625760\" alt=\"Asesoramiento inmobiliario corporativo\" srcset=\"https:\/\/bocamspain.com\/wp-content\/uploads\/2024\/11\/asesoramiento-inmobiliario-corporativo.jpg 1000w, https:\/\/bocamspain.com\/wp-content\/uploads\/2024\/11\/asesoramiento-inmobiliario-corporativo-300x169.jpg 300w, https:\/\/bocamspain.com\/wp-content\/uploads\/2024\/11\/asesoramiento-inmobiliario-corporativo-768x432.jpg 768w\" sizes=\"(max-width: 1000px) 100vw, 1000px\" \/>\t\t\t\t\t\t\t\t\t\t\t\t\t\t\t<\/div>\n\t\t\t\t<\/div>\n\t\t\t\t\t<\/div>\n\t\t<\/div>\n\t\t\t\t\t<\/div>\n\t\t<\/section>\n\t\t\t\t<section class=\"elementor-section elementor-top-section elementor-element elementor-element-1ede9e28 elementor-section-boxed elementor-section-height-default elementor-section-height-default\" data-id=\"1ede9e28\" data-element_type=\"section\" data-e-type=\"section\" data-settings=\"{&quot;background_background&quot;:&quot;classic&quot;}\">\n\t\t\t\t\t\t<div class=\"elementor-container elementor-column-gap-default\">\n\t\t\t\t\t<div class=\"elementor-column elementor-col-100 elementor-top-column elementor-element elementor-element-7b98abff\" data-id=\"7b98abff\" data-element_type=\"column\" data-e-type=\"column\">\n\t\t\t<div class=\"elementor-widget-wrap elementor-element-populated\">\n\t\t\t\t\t\t<section class=\"elementor-section elementor-inner-section elementor-element elementor-element-2b33e1cd elementor-section-content-middle elementor-section-boxed elementor-section-height-default elementor-section-height-default\" data-id=\"2b33e1cd\" data-element_type=\"section\" data-e-type=\"section\">\n\t\t\t\t\t\t<div class=\"elementor-container elementor-column-gap-default\">\n\t\t\t\t\t<div class=\"elementor-column elementor-col-100 elementor-inner-column elementor-element elementor-element-4d037888\" data-id=\"4d037888\" data-element_type=\"column\" data-e-type=\"column\">\n\t\t\t<div class=\"elementor-widget-wrap elementor-element-populated\">\n\t\t\t\t\t\t<div class=\"elementor-element elementor-element-1eb1f133 elementor-widget elementor-widget-heading\" data-id=\"1eb1f133\" data-element_type=\"widget\" data-e-type=\"widget\" data-widget_type=\"heading.default\">\n\t\t\t\t<div class=\"elementor-widget-container\">\n\t\t\t\t\t<h2 class=\"elementor-heading-title elementor-size-default\">Beneficios de realizar inversiones corporativas con Bocam Spain<\/h2>\t\t\t\t<\/div>\n\t\t\t\t<\/div>\n\t\t\t\t\t<\/div>\n\t\t<\/div>\n\t\t\t\t\t<\/div>\n\t\t<\/section>\n\t\t\t\t<section class=\"elementor-section elementor-inner-section elementor-element elementor-element-23db556f elementor-section-content-middle elementor-section-boxed elementor-section-height-default elementor-section-height-default\" data-id=\"23db556f\" data-element_type=\"section\" data-e-type=\"section\">\n\t\t\t\t\t\t<div class=\"elementor-container elementor-column-gap-default\">\n\t\t\t\t\t<div class=\"elementor-column elementor-col-50 elementor-inner-column elementor-element elementor-element-46c4d70f\" data-id=\"46c4d70f\" data-element_type=\"column\" data-e-type=\"column\">\n\t\t\t<div class=\"elementor-widget-wrap elementor-element-populated\">\n\t\t\t\t\t\t<div class=\"elementor-element elementor-element-588bd15b ekit-equal-height-enable elementor-widget elementor-widget-elementskit-icon-box\" data-id=\"588bd15b\" data-element_type=\"widget\" data-e-type=\"widget\" data-widget_type=\"elementskit-icon-box.default\">\n\t\t\t\t<div class=\"elementor-widget-container\">\n\t\t\t\t\t<div class=\"ekit-wid-con\" >        <!-- link opening -->\n                <!-- end link opening -->\n\n        <div class=\"elementskit-infobox text-left text-left icon-lef-right-aligin elementor-animation- media  \">\n                    <div class=\"elementskit-box-header elementor-animation-\">\n                <div class=\"elementskit-info-box-icon  text-center\">\n                    <i aria-hidden=\"true\" class=\"elementkit-infobox-icon icon icon-trophy\"><\/i>\n                <\/div>\n          <\/div>\n                        <div class=\"box-body\">\n                            <h3 class=\"elementskit-info-box-title\">\n                    A\u00f1os de experiencia                <\/h3>\n                        \t\t  \t<p>Con m\u00e1s de 20 a\u00f1os de experiencia en el mercado, nuestro equipo de expertos ofrece un profundo conocimiento y experiencia en todos los aspectos de la inversi\u00f3n inmobiliaria, desde una exhaustiva due diligence hasta la gesti\u00f3n de activos.<\/p>\n                                <\/div>\n        \n        \n                <\/div>\n        <\/div>\t\t\t\t<\/div>\n\t\t\t\t<\/div>\n\t\t\t\t\t<\/div>\n\t\t<\/div>\n\t\t\t\t<div class=\"elementor-column elementor-col-50 elementor-inner-column elementor-element elementor-element-526985b2\" data-id=\"526985b2\" data-element_type=\"column\" data-e-type=\"column\">\n\t\t\t<div class=\"elementor-widget-wrap elementor-element-populated\">\n\t\t\t\t\t\t<div class=\"elementor-element elementor-element-1a9b3cc6 ekit-equal-height-enable elementor-widget elementor-widget-elementskit-icon-box\" data-id=\"1a9b3cc6\" data-element_type=\"widget\" data-e-type=\"widget\" data-widget_type=\"elementskit-icon-box.default\">\n\t\t\t\t<div class=\"elementor-widget-container\">\n\t\t\t\t\t<div class=\"ekit-wid-con\" >        <!-- link opening -->\n                <!-- end link opening -->\n\n        <div class=\"elementskit-infobox text-left text-left icon-lef-right-aligin elementor-animation- media  \">\n                    <div class=\"elementskit-box-header elementor-animation-\">\n                <div class=\"elementskit-info-box-icon  text-center\">\n                    <i aria-hidden=\"true\" class=\"elementkit-infobox-icon icon icon-star1\"><\/i>\n                <\/div>\n          <\/div>\n                        <div class=\"box-body\">\n                            <h3 class=\"elementskit-info-box-title\">\n                    Acceso a Oportunidades Exclusivas                <\/h3>\n                        \t\t  \t<p>Gracias a nuestra amplia red y relaciones en el mercado, brindamos acceso a oportunidades de inversi\u00f3n exclusivas y rentables que normalmente no disponibles para otros inversores.<\/p>\n                                <\/div>\n        \n        \n                <\/div>\n        <\/div>\t\t\t\t<\/div>\n\t\t\t\t<\/div>\n\t\t\t\t\t<\/div>\n\t\t<\/div>\n\t\t\t\t\t<\/div>\n\t\t<\/section>\n\t\t\t\t<section class=\"elementor-section elementor-inner-section elementor-element elementor-element-3dd8d8a5 elementor-section-content-middle elementor-section-boxed elementor-section-height-default elementor-section-height-default\" data-id=\"3dd8d8a5\" data-element_type=\"section\" data-e-type=\"section\">\n\t\t\t\t\t\t<div class=\"elementor-container elementor-column-gap-default\">\n\t\t\t\t\t<div class=\"elementor-column elementor-col-50 elementor-inner-column elementor-element elementor-element-972344c\" data-id=\"972344c\" data-element_type=\"column\" data-e-type=\"column\">\n\t\t\t<div class=\"elementor-widget-wrap elementor-element-populated\">\n\t\t\t\t\t\t<div class=\"elementor-element elementor-element-33be522b ekit-equal-height-enable elementor-widget elementor-widget-elementskit-icon-box\" data-id=\"33be522b\" data-element_type=\"widget\" data-e-type=\"widget\" data-widget_type=\"elementskit-icon-box.default\">\n\t\t\t\t<div class=\"elementor-widget-container\">\n\t\t\t\t\t<div class=\"ekit-wid-con\" >        <!-- link opening -->\n                <!-- end link opening -->\n\n        <div class=\"elementskit-infobox text-left text-left icon-lef-right-aligin elementor-animation- media  \">\n                    <div class=\"elementskit-box-header elementor-animation-\">\n                <div class=\"elementskit-info-box-icon  text-center\">\n                    <i aria-hidden=\"true\" class=\"elementkit-infobox-icon icon icon-deal\"><\/i>\n                <\/div>\n          <\/div>\n                        <div class=\"box-body\">\n                            <h3 class=\"elementskit-info-box-title\">\n                    Personalizaci\u00f3n y Adaptabilidad                <\/h3>\n                        \t\t  \t<p>Nos comprometemos a comprender las necesidades \u00fanicas de cada cliente corporativo y a ofrecer soluciones personalizadas que se adapten a sus objetivos y estrategias de inversi\u00f3n espec\u00edficas.<\/p>\n                                <\/div>\n        \n        \n                <\/div>\n        <\/div>\t\t\t\t<\/div>\n\t\t\t\t<\/div>\n\t\t\t\t\t<\/div>\n\t\t<\/div>\n\t\t\t\t<div class=\"elementor-column elementor-col-50 elementor-inner-column elementor-element elementor-element-71725a49\" data-id=\"71725a49\" data-element_type=\"column\" data-e-type=\"column\">\n\t\t\t<div class=\"elementor-widget-wrap elementor-element-populated\">\n\t\t\t\t\t\t<div class=\"elementor-element elementor-element-491325ec ekit-equal-height-enable elementor-widget elementor-widget-elementskit-icon-box\" data-id=\"491325ec\" data-element_type=\"widget\" data-e-type=\"widget\" data-widget_type=\"elementskit-icon-box.default\">\n\t\t\t\t<div class=\"elementor-widget-container\">\n\t\t\t\t\t<div class=\"ekit-wid-con\" >        <!-- link opening -->\n                <!-- end link opening -->\n\n        <div class=\"elementskit-infobox text-left text-left icon-lef-right-aligin elementor-animation- media  \">\n                    <div class=\"elementskit-box-header elementor-animation-\">\n                <div class=\"elementskit-info-box-icon  text-center\">\n                    <i aria-hidden=\"true\" class=\"elementkit-infobox-icon icon icon-users2\"><\/i>\n                <\/div>\n          <\/div>\n                        <div class=\"box-body\">\n                            <h3 class=\"elementskit-info-box-title\">\n                    Transparencia y Profesionalismo                <\/h3>\n                        \t\t  \t<p>Mantenemos altos est\u00e1ndares de transparencia y profesionalismo en todas nuestras interacciones comerciales, brindando a nuestros clientes la confianza y la tranquilidad necesarias en cada etapa del proceso de inversi\u00f3n.<\/p>\n                                <\/div>\n        \n        \n                <\/div>\n        <\/div>\t\t\t\t<\/div>\n\t\t\t\t<\/div>\n\t\t\t\t\t<\/div>\n\t\t<\/div>\n\t\t\t\t\t<\/div>\n\t\t<\/section>\n\t\t\t\t\t<\/div>\n\t\t<\/div>\n\t\t\t\t\t<\/div>\n\t\t<\/section>\n\t\t\t\t<section class=\"elementor-section elementor-top-section elementor-element elementor-element-a0ae519 elementor-section-boxed elementor-section-height-default elementor-section-height-default\" data-id=\"a0ae519\" data-element_type=\"section\" data-e-type=\"section\">\n\t\t\t\t\t\t<div class=\"elementor-container elementor-column-gap-default\">\n\t\t\t\t\t<div class=\"elementor-column elementor-col-100 elementor-top-column elementor-element elementor-element-c4f89b8\" data-id=\"c4f89b8\" data-element_type=\"column\" data-e-type=\"column\">\n\t\t\t<div class=\"elementor-widget-wrap elementor-element-populated\">\n\t\t\t\t\t\t<div class=\"elementor-element elementor-element-ea4e958 elementor-widget elementor-widget-heading\" data-id=\"ea4e958\" data-element_type=\"widget\" data-e-type=\"widget\" data-widget_type=\"heading.default\">\n\t\t\t\t<div class=\"elementor-widget-container\">\n\t\t\t\t\t<h2 class=\"elementor-heading-title elementor-size-default\">Nuestro compromiso con la Empat\u00eda y la Excelencia <\/h2>\t\t\t\t<\/div>\n\t\t\t\t<\/div>\n\t\t\t\t<div class=\"elementor-element elementor-element-39648da elementor-widget elementor-widget-text-editor\" data-id=\"39648da\" data-element_type=\"widget\" data-e-type=\"widget\" data-widget_type=\"text-editor.default\">\n\t\t\t\t<div class=\"elementor-widget-container\">\n\t\t\t\t\t\t\t\t\t<p><span style=\"font-weight: 400;\">En Bocam Spain, no solo nos limitamos a ser intermediarios; nos esforzamos por empatizar con la figura del vendedor o del comprador, buscando <strong>siempre obtener el m\u00e1ximo beneficio<\/strong> con el menor riesgo posible. Creemos firmemente en trabajar exclusivamente para una de las partes involucradas, ya que consideramos que es la \u00fanica manera de hacer las cosas correctamente.<\/span><\/p>\n<p><span style=\"font-weight: 400;\">Nuestro enfoque se basa en<\/span> <b>la transparencia<\/b><span style=\"font-weight: 400;\">,<\/span> <b>la integridad<\/b> <span style=\"font-weight: 400;\">y<\/span> <b>el compromiso<\/b> <span style=\"font-weight: 400;\">con nuestros clientes. Realizamos exhaustivos estudios de mercado y viabilidad, llevamos a cabo simulaciones de emplazamientos y consideramos todos los detalles necesarios para elegir la zona, el activo y los metros cuadrados m\u00e1s adecuados para cada situaci\u00f3n.<\/span><\/p>\n\t\t\t\t\t\t\t\t<\/div>\n\t\t\t\t<\/div>\n\t\t\t\t\t<\/div>\n\t\t<\/div>\n\t\t\t\t\t<\/div>\n\t\t<\/section>\n\t\t\t\t<section class=\"elementor-section elementor-top-section elementor-element elementor-element-30b6be0d elementor-section-boxed elementor-section-height-default elementor-section-height-default\" data-id=\"30b6be0d\" data-element_type=\"section\" data-e-type=\"section\">\n\t\t\t\t\t\t<div class=\"elementor-container elementor-column-gap-default\">\n\t\t\t\t\t<div class=\"elementor-column elementor-col-50 elementor-top-column elementor-element elementor-element-3f34eae0\" data-id=\"3f34eae0\" data-element_type=\"column\" data-e-type=\"column\">\n\t\t\t<div class=\"elementor-widget-wrap elementor-element-populated\">\n\t\t\t\t\t\t<div class=\"elementor-element elementor-element-2ca70e43 elementor-hidden-phone elementor-widget elementor-widget-image\" data-id=\"2ca70e43\" data-element_type=\"widget\" data-e-type=\"widget\" data-widget_type=\"image.default\">\n\t\t\t\t<div class=\"elementor-widget-container\">\n\t\t\t\t\t\t\t\t\t\t\t\t\t\t\t<img decoding=\"async\" width=\"1000\" height=\"563\" src=\"https:\/\/bocamspain.com\/wp-content\/uploads\/2024\/11\/asesoramiento-inmobiliario-corporativo-1.jpg\" class=\"attachment-full size-full wp-image-625784\" alt=\"asesoramiento inmobiliario corporativo\" srcset=\"https:\/\/bocamspain.com\/wp-content\/uploads\/2024\/11\/asesoramiento-inmobiliario-corporativo-1.jpg 1000w, https:\/\/bocamspain.com\/wp-content\/uploads\/2024\/11\/asesoramiento-inmobiliario-corporativo-1-300x169.jpg 300w, https:\/\/bocamspain.com\/wp-content\/uploads\/2024\/11\/asesoramiento-inmobiliario-corporativo-1-768x432.jpg 768w\" sizes=\"(max-width: 1000px) 100vw, 1000px\" \/>\t\t\t\t\t\t\t\t\t\t\t\t\t\t\t<\/div>\n\t\t\t\t<\/div>\n\t\t\t\t\t<\/div>\n\t\t<\/div>\n\t\t\t\t<div class=\"elementor-column elementor-col-50 elementor-top-column elementor-element elementor-element-24558917\" data-id=\"24558917\" data-element_type=\"column\" data-e-type=\"column\">\n\t\t\t<div class=\"elementor-widget-wrap elementor-element-populated\">\n\t\t\t\t\t\t<div class=\"elementor-element elementor-element-525acc01 elementor-widget elementor-widget-heading\" data-id=\"525acc01\" data-element_type=\"widget\" data-e-type=\"widget\" data-widget_type=\"heading.default\">\n\t\t\t\t<div class=\"elementor-widget-container\">\n\t\t\t\t\t<h2 class=\"elementor-heading-title elementor-size-default\">\u00bfNecesitas ayuda para encontrar la mejor inversi\u00f3n en Espa\u00f1a?<\/h2>\t\t\t\t<\/div>\n\t\t\t\t<\/div>\n\t\t\t\t<div class=\"elementor-element elementor-element-4cc10339 elementor-widget elementor-widget-text-editor\" data-id=\"4cc10339\" data-element_type=\"widget\" data-e-type=\"widget\" data-widget_type=\"text-editor.default\">\n\t\t\t\t<div class=\"elementor-widget-container\">\n\t\t\t\t\t\t\t\t\t<p><span style=\"font-weight: 400;\">En Bocam Espa\u00f1a nunca ofrecemos activos en los que no tengamos plena confianza, y nunca aconsejamos una venta si no se ajusta a los par\u00e1metros de mercado.<\/span> <b>Nuestra prioridad es representar los intereses de nuestros clientes <\/b><span style=\"font-weight: 400;\">en la gesti\u00f3n inmobiliaria correspondiente, asumiendo sus premisas y trabajando codo con codo para conseguir los objetivos acordados.<\/span><\/p>\n<p><span style=\"font-weight: 400;\">Conf\u00eda en Bocam Spain para un<\/span> <b>servicio profesional y personalizado<\/b> <span style=\"font-weight: 400;\">que te guiar\u00e1 hacia el \u00e9xito en todas tus transacciones inmobiliarias. Estamos aqu\u00ed para ayudarte a hacer realidad tus objetivos y maximizar tu inversi\u00f3n inmobiliaria en Espa\u00f1a.<\/span><\/p>\n\t\t\t\t\t\t\t\t<\/div>\n\t\t\t\t<\/div>\n\t\t\t\t\t<\/div>\n\t\t<\/div>\n\t\t\t\t\t<\/div>\n\t\t<\/section>\n\t\t\t\t<\/div>\n\t\t","protected":false},"excerpt":{"rendered":"<p>Asesoramiento Inmobiliario Corporativo: Maximiza tus Inversiones INVIERTE SEGUROINVIERTE EN ESPA\u00d1A Bienvenido a Bocam Spain, tu socio de confianza en el mundo inmobiliario en toda Espa\u00f1a. Nos especializamos en actuar como intermediarios expertos y asesores dedicados en el proceso de alquiler y compra-venta de una amplia variedad de inmuebles. \u00a1INVIERTE EN ESPA\u00d1A AHORA! Beneficios de realizar [&hellip;]<\/p>\n","protected":false},"author":4,"featured_media":0,"parent":0,"menu_order":0,"comment_status":"closed","ping_status":"closed","template":"elementor_header_footer","meta":{"_acf_changed":false,"_joinchat":[],"footnotes":""},"class_list":["post-93555","page","type-page","status-publish","hentry"],"acf":[],"aioseo_notices":[],"_links":{"self":[{"href":"https:\/\/bocamspain.com\/es\/wp-json\/wp\/v2\/pages\/93555","targetHints":{"allow":["GET"]}}],"collection":[{"href":"https:\/\/bocamspain.com\/es\/wp-json\/wp\/v2\/pages"}],"about":[{"href":"https:\/\/bocamspain.com\/es\/wp-json\/wp\/v2\/types\/page"}],"author":[{"embeddable":true,"href":"https:\/\/bocamspain.com\/es\/wp-json\/wp\/v2\/users\/4"}],"replies":[{"embeddable":true,"href":"https:\/\/bocamspain.com\/es\/wp-json\/wp\/v2\/comments?post=93555"}],"version-history":[{"count":10,"href":"https:\/\/bocamspain.com\/es\/wp-json\/wp\/v2\/pages\/93555\/revisions"}],"predecessor-version":[{"id":625789,"href":"https:\/\/bocamspain.com\/es\/wp-json\/wp\/v2\/pages\/93555\/revisions\/625789"}],"wp:attachment":[{"href":"https:\/\/bocamspain.com\/es\/wp-json\/wp\/v2\/media?parent=93555"}],"curies":[{"name":"wp","href":"https:\/\/api.w.org\/{rel}","templated":true}]}}