{"id":93599,"date":"2024-04-04T14:12:03","date_gmt":"2024-04-04T14:12:03","guid":{"rendered":"https:\/\/bocamspain.com\/?page_id=93599"},"modified":"2025-03-19T19:01:43","modified_gmt":"2025-03-19T19:01:43","slug":"comprar-granja","status":"publish","type":"page","link":"https:\/\/bocamspain.com\/es\/compra-en-espana\/comprar-granja\/","title":{"rendered":"Comprar granja"},"content":{"rendered":"\t\t<div data-elementor-type=\"wp-page\" data-elementor-id=\"93599\" class=\"elementor elementor-93599 elementor-93584\">\n\t\t\t\t\t\t<section class=\"elementor-section elementor-top-section elementor-element elementor-element-2a6aaf19 elementor-section-content-middle elementor-section-boxed elementor-section-height-default elementor-section-height-default\" data-id=\"2a6aaf19\" data-element_type=\"section\" data-e-type=\"section\" data-settings=\"{&quot;background_background&quot;:&quot;classic&quot;}\">\n\t\t\t\t\t\t\t<div class=\"elementor-background-overlay\"><\/div>\n\t\t\t\t\t\t\t<div class=\"elementor-container elementor-column-gap-default\">\n\t\t\t\t\t<div class=\"elementor-column elementor-col-100 elementor-top-column elementor-element elementor-element-3bed96cb\" data-id=\"3bed96cb\" data-element_type=\"column\" data-e-type=\"column\">\n\t\t\t<div class=\"elementor-widget-wrap elementor-element-populated\">\n\t\t\t\t\t\t<div class=\"elementor-element elementor-element-4c486168 elementor-widget elementor-widget-heading\" data-id=\"4c486168\" data-element_type=\"widget\" data-e-type=\"widget\" data-widget_type=\"heading.default\">\n\t\t\t\t<div class=\"elementor-widget-container\">\n\t\t\t\t\t<h1 class=\"elementor-heading-title elementor-size-default\">VIVE LA EXPERIENCIA RURAL: COMPRA FINCAS EN VENTA EN ESPA\u00d1A<\/h1>\t\t\t\t<\/div>\n\t\t\t\t<\/div>\n\t\t\t\t\t<\/div>\n\t\t<\/div>\n\t\t\t\t\t<\/div>\n\t\t<\/section>\n\t\t\t\t<section class=\"elementor-section elementor-top-section elementor-element elementor-element-1952ef28 elementor-section-boxed elementor-section-height-default elementor-section-height-default\" data-id=\"1952ef28\" data-element_type=\"section\" data-e-type=\"section\">\n\t\t\t\t\t\t<div class=\"elementor-container elementor-column-gap-default\">\n\t\t\t\t\t<div class=\"elementor-column elementor-col-50 elementor-top-column elementor-element elementor-element-8f8a694\" data-id=\"8f8a694\" data-element_type=\"column\" data-e-type=\"column\">\n\t\t\t<div class=\"elementor-widget-wrap elementor-element-populated\">\n\t\t\t\t\t\t<div class=\"elementor-element elementor-element-56e85a7a elementor-widget elementor-widget-heading\" data-id=\"56e85a7a\" data-element_type=\"widget\" data-e-type=\"widget\" data-widget_type=\"heading.default\">\n\t\t\t\t<div class=\"elementor-widget-container\">\n\t\t\t\t\t<h2 class=\"elementor-heading-title elementor-size-default\">Granjas en venta: vive la vida rural<\/h2>\t\t\t\t<\/div>\n\t\t\t\t<\/div>\n\t\t\t\t<div class=\"elementor-element elementor-element-6d516f58 elementor-widget elementor-widget-text-editor\" data-id=\"6d516f58\" data-element_type=\"widget\" data-e-type=\"widget\" data-widget_type=\"text-editor.default\">\n\t\t\t\t<div class=\"elementor-widget-container\">\n\t\t\t\t\t\t\t\t\t<p><span style=\"font-weight: 400;\">\u00bfHas so\u00f1ado alguna vez con <strong>vivir lejos del estresante ritmo<\/strong> de la ciudad? Comprar una granja en venta es una experiencia \u00fanica que va m\u00e1s all\u00e1 de lo convencional: la posibilidad de vivir en armon\u00eda con la naturaleza o de invertir estrat\u00e9gicamente en el pr\u00f3spero sector agr\u00edcola espa\u00f1ol.<\/span><\/p>\t\t\t\t\t\t\t\t<\/div>\n\t\t\t\t<\/div>\n\t\t\t\t<div class=\"elementor-element elementor-element-4437613 elementor-widget elementor-widget-button\" data-id=\"4437613\" data-element_type=\"widget\" data-e-type=\"widget\" data-widget_type=\"button.default\">\n\t\t\t\t<div class=\"elementor-widget-container\">\n\t\t\t\t\t\t\t\t\t<div class=\"elementor-button-wrapper\">\n\t\t\t\t\t<a class=\"elementor-button elementor-button-link elementor-size-sm\" href=\"https:\/\/calendly.com\/bocamspain\/q-a-bocam-spain?month=2024-08\">\n\t\t\t\t\t\t<span class=\"elementor-button-content-wrapper\">\n\t\t\t\t\t\t\t\t\t<span class=\"elementor-button-text\">\u00a1CONSIGUE TU GRANJA HOY!<\/span>\n\t\t\t\t\t<\/span>\n\t\t\t\t\t<\/a>\n\t\t\t\t<\/div>\n\t\t\t\t\t\t\t\t<\/div>\n\t\t\t\t<\/div>\n\t\t\t\t\t<\/div>\n\t\t<\/div>\n\t\t\t\t<div class=\"elementor-column elementor-col-50 elementor-top-column elementor-element elementor-element-3e0a5776\" data-id=\"3e0a5776\" data-element_type=\"column\" data-e-type=\"column\">\n\t\t\t<div class=\"elementor-widget-wrap elementor-element-populated\">\n\t\t\t\t\t\t<div class=\"elementor-element elementor-element-2df4b35b elementor-widget elementor-widget-image\" data-id=\"2df4b35b\" data-element_type=\"widget\" data-e-type=\"widget\" data-widget_type=\"image.default\">\n\t\t\t\t<div class=\"elementor-widget-container\">\n\t\t\t\t\t\t\t\t\t\t\t\t\t\t\t<img fetchpriority=\"high\" decoding=\"async\" width=\"1000\" height=\"563\" src=\"https:\/\/bocamspain.com\/wp-content\/uploads\/2024\/04\/Imagenes-web-1.jpg\" class=\"attachment-full size-full wp-image-93595\" alt=\"farms for sale in spain\" srcset=\"https:\/\/bocamspain.com\/wp-content\/uploads\/2024\/04\/Imagenes-web-1.jpg 1000w, https:\/\/bocamspain.com\/wp-content\/uploads\/2024\/04\/Imagenes-web-1-300x169.jpg 300w, https:\/\/bocamspain.com\/wp-content\/uploads\/2024\/04\/Imagenes-web-1-768x432.jpg 768w\" sizes=\"(max-width: 1000px) 100vw, 1000px\" \/>\t\t\t\t\t\t\t\t\t\t\t\t\t\t\t<\/div>\n\t\t\t\t<\/div>\n\t\t\t\t\t<\/div>\n\t\t<\/div>\n\t\t\t\t\t<\/div>\n\t\t<\/section>\n\t\t\t\t<section class=\"elementor-section elementor-top-section elementor-element elementor-element-17b507df elementor-section-boxed elementor-section-height-default elementor-section-height-default\" data-id=\"17b507df\" data-element_type=\"section\" data-e-type=\"section\" data-settings=\"{&quot;background_background&quot;:&quot;classic&quot;}\">\n\t\t\t\t\t\t<div class=\"elementor-container elementor-column-gap-default\">\n\t\t\t\t\t<div class=\"elementor-column elementor-col-100 elementor-top-column elementor-element elementor-element-36e0ff92\" data-id=\"36e0ff92\" data-element_type=\"column\" data-e-type=\"column\">\n\t\t\t<div class=\"elementor-widget-wrap elementor-element-populated\">\n\t\t\t\t\t\t<section class=\"elementor-section elementor-inner-section elementor-element elementor-element-1ef36a84 elementor-section-content-middle elementor-section-boxed elementor-section-height-default elementor-section-height-default\" data-id=\"1ef36a84\" data-element_type=\"section\" data-e-type=\"section\">\n\t\t\t\t\t\t<div class=\"elementor-container elementor-column-gap-default\">\n\t\t\t\t\t<div class=\"elementor-column elementor-col-100 elementor-inner-column elementor-element elementor-element-44f7f737\" data-id=\"44f7f737\" data-element_type=\"column\" data-e-type=\"column\">\n\t\t\t<div class=\"elementor-widget-wrap elementor-element-populated\">\n\t\t\t\t\t\t<div class=\"elementor-element elementor-element-7ab7571c elementor-widget elementor-widget-heading\" data-id=\"7ab7571c\" data-element_type=\"widget\" data-e-type=\"widget\" data-widget_type=\"heading.default\">\n\t\t\t\t<div class=\"elementor-widget-container\">\n\t\t\t\t\t<h2 class=\"elementor-heading-title elementor-size-default\">Comprar una granja a la venta como vivienda en Espa\u00f1a<\/h2>\t\t\t\t<\/div>\n\t\t\t\t<\/div>\n\t\t\t\t<div class=\"elementor-element elementor-element-3ac69432 elementor-widget elementor-widget-text-editor\" data-id=\"3ac69432\" data-element_type=\"widget\" data-e-type=\"widget\" data-widget_type=\"text-editor.default\">\n\t\t\t\t<div class=\"elementor-widget-container\">\n\t\t\t\t\t\t\t\t\t<p><span style=\"font-weight: 400;\">Bienvenido a la experiencia \u00fanica de la vida en una granja en el hermoso coraz\u00f3n de Espa\u00f1a. Aqu\u00ed, la vida transcurre a un ritmo distinto, donde la tradici\u00f3n se encuentra con la modernidad y la naturaleza se convierte en tu entorno diario.<\/span><\/p>\t\t\t\t\t\t\t\t<\/div>\n\t\t\t\t<\/div>\n\t\t\t\t\t<\/div>\n\t\t<\/div>\n\t\t\t\t\t<\/div>\n\t\t<\/section>\n\t\t\t\t<div class=\"elementor-element elementor-element-572a888e elementor-widget elementor-widget-heading\" data-id=\"572a888e\" data-element_type=\"widget\" data-e-type=\"widget\" data-widget_type=\"heading.default\">\n\t\t\t\t<div class=\"elementor-widget-container\">\n\t\t\t\t\t<h3 class=\"elementor-heading-title elementor-size-default\">Beneficios personales de comprar una finca en Espa\u00f1a<\/h3>\t\t\t\t<\/div>\n\t\t\t\t<\/div>\n\t\t\t\t<section class=\"elementor-section elementor-inner-section elementor-element elementor-element-65bd9901 elementor-section-content-middle elementor-section-boxed elementor-section-height-default elementor-section-height-default\" data-id=\"65bd9901\" data-element_type=\"section\" data-e-type=\"section\">\n\t\t\t\t\t\t<div class=\"elementor-container elementor-column-gap-default\">\n\t\t\t\t\t<div class=\"elementor-column elementor-col-50 elementor-inner-column elementor-element elementor-element-3edf187b\" data-id=\"3edf187b\" data-element_type=\"column\" data-e-type=\"column\">\n\t\t\t<div class=\"elementor-widget-wrap elementor-element-populated\">\n\t\t\t\t\t\t<div class=\"elementor-element elementor-element-dec10d8 ekit-equal-height-enable elementor-widget elementor-widget-elementskit-icon-box\" data-id=\"dec10d8\" data-element_type=\"widget\" data-e-type=\"widget\" data-widget_type=\"elementskit-icon-box.default\">\n\t\t\t\t<div class=\"elementor-widget-container\">\n\t\t\t\t\t<div class=\"ekit-wid-con\" >        <!-- link opening -->\n                <!-- end link opening -->\n\n        <div class=\"elementskit-infobox text-left text-left icon-lef-right-aligin elementor-animation- media  \">\n                    <div class=\"elementskit-box-header elementor-animation-\">\n                <div class=\"elementskit-info-box-icon  text-center\">\n                    <i aria-hidden=\"true\" class=\"elementkit-infobox-icon fas fa-smile\"><\/i>\n                <\/div>\n          <\/div>\n                        <div class=\"box-body\">\n                            <h3 class=\"elementskit-info-box-title\">\n                    Con\u00e9ctate con paz y tranquilidad                <\/h3>\n                        \t\t  \t<p>Imag\u00ednese despertarse con la suave brisa y el canto de los p\u00e1jaros mientras disfruta del paisaje id\u00edlico que s\u00f3lo Espa\u00f1a puede ofrecer. La vida agr\u00edcola te sumerge en la riqueza de la cultura rural de Espa\u00f1a, donde la hospitalidad y la calidez de las comunidades locales se entrelazan con la belleza natural. \n<\/p>\n                                <\/div>\n        \n        \n                <\/div>\n        <\/div>\t\t\t\t<\/div>\n\t\t\t\t<\/div>\n\t\t\t\t\t<\/div>\n\t\t<\/div>\n\t\t\t\t<div class=\"elementor-column elementor-col-50 elementor-inner-column elementor-element elementor-element-7d428e8\" data-id=\"7d428e8\" data-element_type=\"column\" data-e-type=\"column\">\n\t\t\t<div class=\"elementor-widget-wrap elementor-element-populated\">\n\t\t\t\t\t\t<div class=\"elementor-element elementor-element-5032e3f5 ekit-equal-height-enable elementor-widget elementor-widget-elementskit-icon-box\" data-id=\"5032e3f5\" data-element_type=\"widget\" data-e-type=\"widget\" data-widget_type=\"elementskit-icon-box.default\">\n\t\t\t\t<div class=\"elementor-widget-container\">\n\t\t\t\t\t<div class=\"ekit-wid-con\" >        <!-- link opening -->\n                <!-- end link opening -->\n\n        <div class=\"elementskit-infobox text-left text-left icon-lef-right-aligin elementor-animation- media  \">\n                    <div class=\"elementskit-box-header elementor-animation-\">\n                <div class=\"elementskit-info-box-icon  text-center\">\n                    <i aria-hidden=\"true\" class=\"elementkit-infobox-icon icon icon-flower\"><\/i>\n                <\/div>\n          <\/div>\n                        <div class=\"box-body\">\n                            <h3 class=\"elementskit-info-box-title\">\n                    Encuentra tu granja perfecta                <\/h3>\n                        \t\t  \t<p> Desde encantadoras fincas r\u00fasticas hasta modernas casas de campo con comodidades contempor\u00e1neas. Cada regi\u00f3n de Espa\u00f1a ofrece su propio encanto \u00fanico, permiti\u00e9ndote encontrar la finca perfecta que se ajuste a sus preferencias y estilo de vida. \n<\/p>\n                                <\/div>\n        \n        \n                <\/div>\n        <\/div>\t\t\t\t<\/div>\n\t\t\t\t<\/div>\n\t\t\t\t\t<\/div>\n\t\t<\/div>\n\t\t\t\t\t<\/div>\n\t\t<\/section>\n\t\t\t\t<div class=\"elementor-element elementor-element-50bc193f elementor-widget elementor-widget-heading\" data-id=\"50bc193f\" data-element_type=\"widget\" data-e-type=\"widget\" data-widget_type=\"heading.default\">\n\t\t\t\t<div class=\"elementor-widget-container\">\n\t\t\t\t\t<h3 class=\"elementor-heading-title elementor-size-default\">Comprar granjas en venta en Espa\u00f1a como inversi\u00f3n<\/h3>\t\t\t\t<\/div>\n\t\t\t\t<\/div>\n\t\t\t\t<section class=\"elementor-section elementor-inner-section elementor-element elementor-element-7272980d elementor-section-content-middle elementor-section-boxed elementor-section-height-default elementor-section-height-default\" data-id=\"7272980d\" data-element_type=\"section\" data-e-type=\"section\">\n\t\t\t\t\t\t<div class=\"elementor-container elementor-column-gap-default\">\n\t\t\t\t\t<div class=\"elementor-column elementor-col-50 elementor-inner-column elementor-element elementor-element-2d865332\" data-id=\"2d865332\" data-element_type=\"column\" data-e-type=\"column\">\n\t\t\t<div class=\"elementor-widget-wrap elementor-element-populated\">\n\t\t\t\t\t\t<div class=\"elementor-element elementor-element-7ac13e3a ekit-equal-height-enable elementor-widget elementor-widget-elementskit-icon-box\" data-id=\"7ac13e3a\" data-element_type=\"widget\" data-e-type=\"widget\" data-widget_type=\"elementskit-icon-box.default\">\n\t\t\t\t<div class=\"elementor-widget-container\">\n\t\t\t\t\t<div class=\"ekit-wid-con\" >        <!-- link opening -->\n                <!-- end link opening -->\n\n        <div class=\"elementskit-infobox text-left text-left icon-lef-right-aligin elementor-animation- media  \">\n                    <div class=\"elementskit-box-header elementor-animation-\">\n                <div class=\"elementskit-info-box-icon  text-center\">\n                    <i aria-hidden=\"true\" class=\"elementkit-infobox-icon icon icon-invest\"><\/i>\n                <\/div>\n          <\/div>\n                        <div class=\"box-body\">\n                            <h3 class=\"elementskit-info-box-title\">\n                    Potencial de Inversi\u00f3n en Granjas                <\/h3>\n                        \t\t  \t<p>Sum\u00e9rgete en el pr\u00f3spero sector agr\u00edcola de Espa\u00f1a, reconocido por su calidad y diversidad de productos. La demanda constante de productos y alimentos frescos crea un entorno propicio para inversiones s\u00f3lidas y sostenibles, as\u00ed como para la estabilidad del mercado agr\u00edcola espa\u00f1ol.\n<\/p>\n                                <\/div>\n        \n        \n                <\/div>\n        <\/div>\t\t\t\t<\/div>\n\t\t\t\t<\/div>\n\t\t\t\t\t<\/div>\n\t\t<\/div>\n\t\t\t\t<div class=\"elementor-column elementor-col-50 elementor-inner-column elementor-element elementor-element-518fb7a1\" data-id=\"518fb7a1\" data-element_type=\"column\" data-e-type=\"column\">\n\t\t\t<div class=\"elementor-widget-wrap elementor-element-populated\">\n\t\t\t\t\t\t<div class=\"elementor-element elementor-element-336a6eae ekit-equal-height-enable elementor-widget elementor-widget-elementskit-icon-box\" data-id=\"336a6eae\" data-element_type=\"widget\" data-e-type=\"widget\" data-widget_type=\"elementskit-icon-box.default\">\n\t\t\t\t<div class=\"elementor-widget-container\">\n\t\t\t\t\t<div class=\"ekit-wid-con\" >        <!-- link opening -->\n                <!-- end link opening -->\n\n        <div class=\"elementskit-infobox text-left text-left icon-lef-right-aligin elementor-animation- media  \">\n                    <div class=\"elementskit-box-header elementor-animation-\">\n                <div class=\"elementskit-info-box-icon  text-center\">\n                    <i aria-hidden=\"true\" class=\"elementkit-infobox-icon icon icon-options\"><\/i>\n                <\/div>\n          <\/div>\n                        <div class=\"box-body\">\n                            <h3 class=\"elementskit-info-box-title\">\n                    Tipos de Inversiones en Granjas                <\/h3>\n                        \t\t  \t<p>Desde la agricultura comercial hasta el agroturismo y la producci\u00f3n de alimentos org\u00e1nicos, opciones de inversi\u00f3n en el sector agr\u00edcola. Teniendo en cuenta que cada tipo de inversi\u00f3n ofrece oportunidades \u00fanicas, ya sea participando en la cadena de suministro de alimentos o creando experiencias agr\u00edcolas para los visitantes.\n<\/p>\n                                <\/div>\n        \n        \n                <\/div>\n        <\/div>\t\t\t\t<\/div>\n\t\t\t\t<\/div>\n\t\t\t\t\t<\/div>\n\t\t<\/div>\n\t\t\t\t\t<\/div>\n\t\t<\/section>\n\t\t\t\t\t<\/div>\n\t\t<\/div>\n\t\t\t\t\t<\/div>\n\t\t<\/section>\n\t\t\t\t<section class=\"elementor-section elementor-top-section elementor-element elementor-element-67548d59 elementor-section-boxed elementor-section-height-default elementor-section-height-default\" data-id=\"67548d59\" data-element_type=\"section\" data-e-type=\"section\">\n\t\t\t\t\t\t<div class=\"elementor-container elementor-column-gap-default\">\n\t\t\t\t\t<div class=\"elementor-column elementor-col-50 elementor-top-column elementor-element elementor-element-40fe56e2\" data-id=\"40fe56e2\" data-element_type=\"column\" data-e-type=\"column\">\n\t\t\t<div class=\"elementor-widget-wrap elementor-element-populated\">\n\t\t\t\t\t\t<div class=\"elementor-element elementor-element-6b1f8b6d elementor-hidden-phone elementor-widget elementor-widget-image\" data-id=\"6b1f8b6d\" data-element_type=\"widget\" data-e-type=\"widget\" data-widget_type=\"image.default\">\n\t\t\t\t<div class=\"elementor-widget-container\">\n\t\t\t\t\t\t\t\t\t\t\t\t\t\t\t<img decoding=\"async\" width=\"1000\" height=\"667\" src=\"https:\/\/bocamspain.com\/wp-content\/uploads\/2024\/03\/buy-a-house4.jpg\" class=\"attachment-full size-full wp-image-2628\" alt=\"find houses for sale in spain\" srcset=\"https:\/\/bocamspain.com\/wp-content\/uploads\/2024\/03\/buy-a-house4.jpg 1000w, https:\/\/bocamspain.com\/wp-content\/uploads\/2024\/03\/buy-a-house4-300x200.jpg 300w, https:\/\/bocamspain.com\/wp-content\/uploads\/2024\/03\/buy-a-house4-768x512.jpg 768w\" sizes=\"(max-width: 1000px) 100vw, 1000px\" \/>\t\t\t\t\t\t\t\t\t\t\t\t\t\t\t<\/div>\n\t\t\t\t<\/div>\n\t\t\t\t\t<\/div>\n\t\t<\/div>\n\t\t\t\t<div class=\"elementor-column elementor-col-50 elementor-top-column elementor-element elementor-element-11b3512c\" data-id=\"11b3512c\" data-element_type=\"column\" data-e-type=\"column\">\n\t\t\t<div class=\"elementor-widget-wrap elementor-element-populated\">\n\t\t\t\t\t\t<div class=\"elementor-element elementor-element-54a359fa elementor-widget elementor-widget-heading\" data-id=\"54a359fa\" data-element_type=\"widget\" data-e-type=\"widget\" data-widget_type=\"heading.default\">\n\t\t\t\t<div class=\"elementor-widget-container\">\n\t\t\t\t\t<h2 class=\"elementor-heading-title elementor-size-default\">\u00bfNecesitas ayuda con la compra de tu finca en Espa\u00f1a?<\/h2>\t\t\t\t<\/div>\n\t\t\t\t<\/div>\n\t\t\t\t<div class=\"elementor-element elementor-element-297bccec elementor-widget elementor-widget-text-editor\" data-id=\"297bccec\" data-element_type=\"widget\" data-e-type=\"widget\" data-widget_type=\"text-editor.default\">\n\t\t\t\t<div class=\"elementor-widget-container\">\n\t\t\t\t\t\t\t\t\t<p><span style=\"font-weight: 400;\">En Bocam Espa\u00f1a sabemos que la vida en una finca en Espa\u00f1a es m\u00e1s que una mudanza; es un viaje hacia una existencia aut\u00e9ntica y colorida. Tambi\u00e9n entendemos que invertir en fincas va m\u00e1s all\u00e1 de la tierra misma; es una inversi\u00f3n en seguridad alimentaria, sostenibilidad y futuro. <\/span><\/p><p><span style=\"font-weight: 400;\">Por eso contamos con un<\/span> <b>equipo de profesionales especializados.<\/b><span style=\"font-weight: 400;\"> quien le garantizar\u00e1 tranquilidad durante su viaje hacia la propiedad de una granja. Desde encontrar la finca perfecta en venta hasta los detalles legales y procesos de renovaci\u00f3n en caso de fincas abandonadas en venta. <\/span><\/p><p><span style=\"font-weight: 400;\">Nuestro<\/span> <b>compromiso<\/b> <span style=\"font-weight: 400;\">es hacer que su experiencia de compra sea lo m\u00e1s fluida y satisfactoria posible.<\/span><\/p>\t\t\t\t\t\t\t\t<\/div>\n\t\t\t\t<\/div>\n\t\t\t\t\t<\/div>\n\t\t<\/div>\n\t\t\t\t\t<\/div>\n\t\t<\/section>\n\t\t\t\t<\/div>\n\t\t","protected":false},"excerpt":{"rendered":"<p>VIVE LA EXPERIENCIA RURAL: COMPRA FINCAS EN VENTA EN ESPA\u00d1A Granjas en venta: vive la vida rural \u00bfHas so\u00f1ado alguna vez con vivir lejos del estresante ritmo de la ciudad? Comprar una granja en venta es una experiencia \u00fanica que va m\u00e1s all\u00e1 de lo convencional: la posibilidad de vivir en armon\u00eda con la naturaleza [&hellip;]<\/p>\n","protected":false},"author":1,"featured_media":0,"parent":93368,"menu_order":0,"comment_status":"closed","ping_status":"closed","template":"elementor_header_footer","meta":{"_acf_changed":false,"_joinchat":[],"footnotes":""},"class_list":["post-93599","page","type-page","status-publish","hentry"],"acf":[],"aioseo_notices":[],"_links":{"self":[{"href":"https:\/\/bocamspain.com\/es\/wp-json\/wp\/v2\/pages\/93599","targetHints":{"allow":["GET"]}}],"collection":[{"href":"https:\/\/bocamspain.com\/es\/wp-json\/wp\/v2\/pages"}],"about":[{"href":"https:\/\/bocamspain.com\/es\/wp-json\/wp\/v2\/types\/page"}],"author":[{"embeddable":true,"href":"https:\/\/bocamspain.com\/es\/wp-json\/wp\/v2\/users\/1"}],"replies":[{"embeddable":true,"href":"https:\/\/bocamspain.com\/es\/wp-json\/wp\/v2\/comments?post=93599"}],"version-history":[{"count":8,"href":"https:\/\/bocamspain.com\/es\/wp-json\/wp\/v2\/pages\/93599\/revisions"}],"predecessor-version":[{"id":630031,"href":"https:\/\/bocamspain.com\/es\/wp-json\/wp\/v2\/pages\/93599\/revisions\/630031"}],"up":[{"embeddable":true,"href":"https:\/\/bocamspain.com\/es\/wp-json\/wp\/v2\/pages\/93368"}],"wp:attachment":[{"href":"https:\/\/bocamspain.com\/es\/wp-json\/wp\/v2\/media?parent=93599"}],"curies":[{"name":"wp","href":"https:\/\/api.w.org\/{rel}","templated":true}]}}