{"id":93830,"date":"2024-04-08T10:32:10","date_gmt":"2024-04-08T10:32:10","guid":{"rendered":"https:\/\/bocamspain.com\/compra-en-espana\/comprar-un-castilla-en-espana\/"},"modified":"2025-03-19T18:56:33","modified_gmt":"2025-03-19T18:56:33","slug":"comprar-un-castilla-en-espana","status":"publish","type":"page","link":"https:\/\/bocamspain.com\/es\/compra-en-espana\/comprar-un-castilla-en-espana\/","title":{"rendered":"Comprar castillo"},"content":{"rendered":"\t\t<div data-elementor-type=\"wp-page\" data-elementor-id=\"93830\" class=\"elementor elementor-93830 elementor-93804\">\n\t\t\t\t\t\t<section class=\"elementor-section elementor-top-section elementor-element elementor-element-271a99b8 elementor-section-content-middle elementor-section-boxed elementor-section-height-default elementor-section-height-default\" data-id=\"271a99b8\" data-element_type=\"section\" data-e-type=\"section\" data-settings=\"{&quot;background_background&quot;:&quot;classic&quot;}\">\n\t\t\t\t\t\t\t<div class=\"elementor-background-overlay\"><\/div>\n\t\t\t\t\t\t\t<div class=\"elementor-container elementor-column-gap-default\">\n\t\t\t\t\t<div class=\"elementor-column elementor-col-100 elementor-top-column elementor-element elementor-element-3aa33779\" data-id=\"3aa33779\" data-element_type=\"column\" data-e-type=\"column\">\n\t\t\t<div class=\"elementor-widget-wrap elementor-element-populated\">\n\t\t\t\t\t\t<div class=\"elementor-element elementor-element-5f9b2be5 elementor-widget elementor-widget-heading\" data-id=\"5f9b2be5\" data-element_type=\"widget\" data-e-type=\"widget\" data-widget_type=\"heading.default\">\n\t\t\t\t<div class=\"elementor-widget-container\">\n\t\t\t\t\t<h1 class=\"elementor-heading-title elementor-size-default\">Oportunidades \u00danicas para Comprar Castillos en venta en Espa\u00f1a<\/h1>\t\t\t\t<\/div>\n\t\t\t\t<\/div>\n\t\t\t\t\t<\/div>\n\t\t<\/div>\n\t\t\t\t\t<\/div>\n\t\t<\/section>\n\t\t\t\t<section class=\"elementor-section elementor-top-section elementor-element elementor-element-4a335f21 elementor-section-boxed elementor-section-height-default elementor-section-height-default\" data-id=\"4a335f21\" data-element_type=\"section\" data-e-type=\"section\">\n\t\t\t\t\t\t<div class=\"elementor-container elementor-column-gap-default\">\n\t\t\t\t\t<div class=\"elementor-column elementor-col-50 elementor-top-column elementor-element elementor-element-d696a37\" data-id=\"d696a37\" data-element_type=\"column\" data-e-type=\"column\">\n\t\t\t<div class=\"elementor-widget-wrap elementor-element-populated\">\n\t\t\t\t\t\t<div class=\"elementor-element elementor-element-3079f2f3 elementor-widget elementor-widget-heading\" data-id=\"3079f2f3\" data-element_type=\"widget\" data-e-type=\"widget\" data-widget_type=\"heading.default\">\n\t\t\t\t<div class=\"elementor-widget-container\">\n\t\t\t\t\t<h2 class=\"elementor-heading-title elementor-size-default\">Comprar castillo en Espa\u00f1a: Una aut\u00e9ntica experiencia<\/h2>\t\t\t\t<\/div>\n\t\t\t\t<\/div>\n\t\t\t\t<div class=\"elementor-element elementor-element-33338bd elementor-widget elementor-widget-text-editor\" data-id=\"33338bd\" data-element_type=\"widget\" data-e-type=\"widget\" data-widget_type=\"text-editor.default\">\n\t\t\t\t<div class=\"elementor-widget-container\">\n\t\t\t\t\t\t\t\t\t<p>Todos hemos so\u00f1ado alguna vez con la idea de vivir en un gran castillo con sus incre\u00edbles vistas, pero \u00bfes posible comprar un castillo? En <b>Espa\u00f1a<\/b> existen <b>gran cantidad de castillos medievales<\/b> que est\u00e1n <b>a la venta<\/b> y pueden ser m\u00e1s baratos de lo que pensamos.<\/p><p>Los castillos espa\u00f1oles son parte integrante de la cultura del pa\u00eds. Al adquirir un castillo, contribuir\u00e1s a su <b>conservaci\u00f3n<\/b> para las generaciones futuras.<\/p>\t\t\t\t\t\t\t\t<\/div>\n\t\t\t\t<\/div>\n\t\t\t\t<div class=\"elementor-element elementor-element-129defa elementor-widget elementor-widget-button\" data-id=\"129defa\" data-element_type=\"widget\" data-e-type=\"widget\" data-widget_type=\"button.default\">\n\t\t\t\t<div class=\"elementor-widget-container\">\n\t\t\t\t\t\t\t\t\t<div class=\"elementor-button-wrapper\">\n\t\t\t\t\t<a class=\"elementor-button elementor-button-link elementor-size-sm\" href=\"https:\/\/calendly.com\/bocamspain\/q-a-bocam-spain?month=2024-08\">\n\t\t\t\t\t\t<span class=\"elementor-button-content-wrapper\">\n\t\t\t\t\t\t\t\t\t<span class=\"elementor-button-text\">COMPRA TU CASTILLO HOY MISMO<\/span>\n\t\t\t\t\t<\/span>\n\t\t\t\t\t<\/a>\n\t\t\t\t<\/div>\n\t\t\t\t\t\t\t\t<\/div>\n\t\t\t\t<\/div>\n\t\t\t\t\t<\/div>\n\t\t<\/div>\n\t\t\t\t<div class=\"elementor-column elementor-col-50 elementor-top-column elementor-element elementor-element-6272bc31\" data-id=\"6272bc31\" data-element_type=\"column\" data-e-type=\"column\">\n\t\t\t<div class=\"elementor-widget-wrap elementor-element-populated\">\n\t\t\t\t\t\t<div class=\"elementor-element elementor-element-3edb5263 elementor-widget elementor-widget-image\" data-id=\"3edb5263\" data-element_type=\"widget\" data-e-type=\"widget\" data-widget_type=\"image.default\">\n\t\t\t\t<div class=\"elementor-widget-container\">\n\t\t\t\t\t\t\t\t\t\t\t\t\t\t\t<img fetchpriority=\"high\" decoding=\"async\" width=\"1000\" height=\"563\" src=\"https:\/\/bocamspain.com\/wp-content\/uploads\/2024\/04\/Copia-de-Imagenes-web-3-1.jpg\" class=\"attachment-full size-full wp-image-93820\" alt=\"Buy a castle in spain\" srcset=\"https:\/\/bocamspain.com\/wp-content\/uploads\/2024\/04\/Copia-de-Imagenes-web-3-1.jpg 1000w, https:\/\/bocamspain.com\/wp-content\/uploads\/2024\/04\/Copia-de-Imagenes-web-3-1-300x169.jpg 300w, https:\/\/bocamspain.com\/wp-content\/uploads\/2024\/04\/Copia-de-Imagenes-web-3-1-768x432.jpg 768w\" sizes=\"(max-width: 1000px) 100vw, 1000px\" \/>\t\t\t\t\t\t\t\t\t\t\t\t\t\t\t<\/div>\n\t\t\t\t<\/div>\n\t\t\t\t\t<\/div>\n\t\t<\/div>\n\t\t\t\t\t<\/div>\n\t\t<\/section>\n\t\t\t\t<section class=\"elementor-section elementor-top-section elementor-element elementor-element-448c73e elementor-section-boxed elementor-section-height-default elementor-section-height-default\" data-id=\"448c73e\" data-element_type=\"section\" data-e-type=\"section\" data-settings=\"{&quot;background_background&quot;:&quot;classic&quot;}\">\n\t\t\t\t\t\t<div class=\"elementor-container elementor-column-gap-default\">\n\t\t\t\t\t<div class=\"elementor-column elementor-col-100 elementor-top-column elementor-element elementor-element-7b825814\" data-id=\"7b825814\" data-element_type=\"column\" data-e-type=\"column\">\n\t\t\t<div class=\"elementor-widget-wrap elementor-element-populated\">\n\t\t\t\t\t\t<section class=\"elementor-section elementor-inner-section elementor-element elementor-element-4e5910ab elementor-section-content-middle elementor-section-boxed elementor-section-height-default elementor-section-height-default\" data-id=\"4e5910ab\" data-element_type=\"section\" data-e-type=\"section\">\n\t\t\t\t\t\t<div class=\"elementor-container elementor-column-gap-default\">\n\t\t\t\t\t<div class=\"elementor-column elementor-col-100 elementor-inner-column elementor-element elementor-element-2633bf53\" data-id=\"2633bf53\" data-element_type=\"column\" data-e-type=\"column\">\n\t\t\t<div class=\"elementor-widget-wrap elementor-element-populated\">\n\t\t\t\t\t\t<div class=\"elementor-element elementor-element-55c8b654 elementor-widget elementor-widget-heading\" data-id=\"55c8b654\" data-element_type=\"widget\" data-e-type=\"widget\" data-widget_type=\"heading.default\">\n\t\t\t\t<div class=\"elementor-widget-container\">\n\t\t\t\t\t<h2 class=\"elementor-heading-title elementor-size-default\">Por qu\u00e9 comprar un castillo a la venta en Espa\u00f1a<\/h2>\t\t\t\t<\/div>\n\t\t\t\t<\/div>\n\t\t\t\t<div class=\"elementor-element elementor-element-46bf6daf elementor-widget elementor-widget-text-editor\" data-id=\"46bf6daf\" data-element_type=\"widget\" data-e-type=\"widget\" data-widget_type=\"text-editor.default\">\n\t\t\t\t<div class=\"elementor-widget-container\">\n\t\t\t\t\t\t\t\t\t<p>Sum\u00e9rgete en la rica historia que ofrece cada <b>palacio en venta en Espa\u00f1a<\/b>.<span style=\"font-weight: 400;\">. Desde fortalezas medievales a castillos renacentistas, cada estructura es una c\u00e1psula del tiempo que cuenta historias de batallas, intrigas y \u00e9pocas pasadas.<\/span><\/p>\t\t\t\t\t\t\t\t<\/div>\n\t\t\t\t<\/div>\n\t\t\t\t\t<\/div>\n\t\t<\/div>\n\t\t\t\t\t<\/div>\n\t\t<\/section>\n\t\t\t\t<div class=\"elementor-element elementor-element-274c787c elementor-widget elementor-widget-heading\" data-id=\"274c787c\" data-element_type=\"widget\" data-e-type=\"widget\" data-widget_type=\"heading.default\">\n\t\t\t\t<div class=\"elementor-widget-container\">\n\t\t\t\t\t<h3 class=\"elementor-heading-title elementor-size-default\">Un lugar incre\u00edble para vivir<\/h3>\t\t\t\t<\/div>\n\t\t\t\t<\/div>\n\t\t\t\t<section class=\"elementor-section elementor-inner-section elementor-element elementor-element-1a0fc9c4 elementor-section-content-middle elementor-section-boxed elementor-section-height-default elementor-section-height-default\" data-id=\"1a0fc9c4\" data-element_type=\"section\" data-e-type=\"section\">\n\t\t\t\t\t\t<div class=\"elementor-container elementor-column-gap-default\">\n\t\t\t\t\t<div class=\"elementor-column elementor-col-50 elementor-inner-column elementor-element elementor-element-40974b3e\" data-id=\"40974b3e\" data-element_type=\"column\" data-e-type=\"column\">\n\t\t\t<div class=\"elementor-widget-wrap elementor-element-populated\">\n\t\t\t\t\t\t<div class=\"elementor-element elementor-element-47d66490 ekit-equal-height-enable elementor-widget elementor-widget-elementskit-icon-box\" data-id=\"47d66490\" data-element_type=\"widget\" data-e-type=\"widget\" data-widget_type=\"elementskit-icon-box.default\">\n\t\t\t\t<div class=\"elementor-widget-container\">\n\t\t\t\t\t<div class=\"ekit-wid-con\" >        <!-- link opening -->\n                <!-- end link opening -->\n\n        <div class=\"elementskit-infobox text-left text-left icon-lef-right-aligin elementor-animation- media  \">\n                    <div class=\"elementskit-box-header elementor-animation-\">\n                <div class=\"elementskit-info-box-icon  text-center\">\n                    <i aria-hidden=\"true\" class=\"elementkit-infobox-icon icon icon-open-book1\"><\/i>\n                <\/div>\n          <\/div>\n                        <div class=\"box-body\">\n                            <h3 class=\"elementskit-info-box-title\">\n                    Vivir en la Historia                <\/h3>\n                        \t\t  \t<p>La oportunidad de residir en un castillo permite sumergirse en siglos de historia. Cada piedra cuenta una historia, y vivir en un castillo es como ser parte de un legado hist\u00f3rico.<\/p>\n                                <\/div>\n        \n        \n                <\/div>\n        <\/div>\t\t\t\t<\/div>\n\t\t\t\t<\/div>\n\t\t\t\t\t<\/div>\n\t\t<\/div>\n\t\t\t\t<div class=\"elementor-column elementor-col-50 elementor-inner-column elementor-element elementor-element-602f9558\" data-id=\"602f9558\" data-element_type=\"column\" data-e-type=\"column\">\n\t\t\t<div class=\"elementor-widget-wrap elementor-element-populated\">\n\t\t\t\t\t\t<div class=\"elementor-element elementor-element-1ef4a373 ekit-equal-height-enable elementor-widget elementor-widget-elementskit-icon-box\" data-id=\"1ef4a373\" data-element_type=\"widget\" data-e-type=\"widget\" data-widget_type=\"elementskit-icon-box.default\">\n\t\t\t\t<div class=\"elementor-widget-container\">\n\t\t\t\t\t<div class=\"ekit-wid-con\" >        <!-- link opening -->\n                <!-- end link opening -->\n\n        <div class=\"elementskit-infobox text-left text-left icon-lef-right-aligin elementor-animation- media  \">\n                    <div class=\"elementskit-box-header elementor-animation-\">\n                <div class=\"elementskit-info-box-icon  text-center\">\n                    <i aria-hidden=\"true\" class=\"elementkit-infobox-icon icon icon-building\"><\/i>\n                <\/div>\n          <\/div>\n                        <div class=\"box-body\">\n                            <h3 class=\"elementskit-info-box-title\">\n                    Intimidad y espacios amplios                <\/h3>\n                        \t\t  \t<p>Muchos castillos cuentan con extensos terrenos que ofrecen privacidad y la posibilidad de disfrutar de la naturaleza en la comodidad de tu hogar. <\/p>\n                                <\/div>\n        \n        \n                <\/div>\n        <\/div>\t\t\t\t<\/div>\n\t\t\t\t<\/div>\n\t\t\t\t\t<\/div>\n\t\t<\/div>\n\t\t\t\t\t<\/div>\n\t\t<\/section>\n\t\t\t\t\t<\/div>\n\t\t<\/div>\n\t\t\t\t\t<\/div>\n\t\t<\/section>\n\t\t\t\t<section class=\"elementor-section elementor-top-section elementor-element elementor-element-25544888 elementor-section-content-middle elementor-section-boxed elementor-section-height-default elementor-section-height-default\" data-id=\"25544888\" data-element_type=\"section\" data-e-type=\"section\" data-settings=\"{&quot;background_background&quot;:&quot;classic&quot;}\">\n\t\t\t\t\t\t<div class=\"elementor-container elementor-column-gap-default\">\n\t\t\t\t\t<div class=\"elementor-column elementor-col-50 elementor-top-column elementor-element elementor-element-1f8fdf72\" data-id=\"1f8fdf72\" data-element_type=\"column\" data-e-type=\"column\">\n\t\t\t<div class=\"elementor-widget-wrap elementor-element-populated\">\n\t\t\t\t\t\t<div class=\"elementor-element elementor-element-6a68ea75 elementor-widget elementor-widget-heading\" data-id=\"6a68ea75\" data-element_type=\"widget\" data-e-type=\"widget\" data-widget_type=\"heading.default\">\n\t\t\t\t<div class=\"elementor-widget-container\">\n\t\t\t\t\t<h2 class=\"elementor-heading-title elementor-size-default\">Compra un castillo en Espa\u00f1a como inversi\u00f3n <\/h2>\t\t\t\t<\/div>\n\t\t\t\t<\/div>\n\t\t\t\t<div class=\"elementor-element elementor-element-62ed270a elementor-widget elementor-widget-text-editor\" data-id=\"62ed270a\" data-element_type=\"widget\" data-e-type=\"widget\" data-widget_type=\"text-editor.default\">\n\t\t\t\t<div class=\"elementor-widget-container\">\n\t\t\t\t\t\t\t\t\t<p>Imagina transformar las antiguas murallas y las imponentes torres de un castillo en el escenario perfecto para bodas de ensue\u00f1o, eventos corporativos exclusivos y experiencias tur\u00edsticas inolvidables. Descubre c\u00f3mo la rica historia y arquitectura \u00fanica de estos tesoros culturales pueden convertirse en un lienzo perfecto para crear momentos inolvidables y <b>generaci\u00f3n de ingresos adicionales<\/b><span style=\"font-weight: 400;\">.<\/span><\/p><p>Explora con nosotros la versatilidad que ofrece la compra de un castillo, y c\u00f3mo esta inversi\u00f3n <b>no solo preserva la historia<\/b>, sino que tambi\u00e9n abre las puertas a <b>nuevas oportunidades de negocio<\/b> y <b>experiencias extraordinarias<\/b><span style=\"font-weight: 400;\">.<\/span><\/p>\t\t\t\t\t\t\t\t<\/div>\n\t\t\t\t<\/div>\n\t\t\t\t\t<\/div>\n\t\t<\/div>\n\t\t\t\t<div class=\"elementor-column elementor-col-50 elementor-top-column elementor-element elementor-element-5a6d1fa7\" data-id=\"5a6d1fa7\" data-element_type=\"column\" data-e-type=\"column\">\n\t\t\t<div class=\"elementor-widget-wrap elementor-element-populated\">\n\t\t\t\t\t\t<div class=\"elementor-element elementor-element-4d98391f elementor-hidden-phone elementor-widget elementor-widget-image\" data-id=\"4d98391f\" data-element_type=\"widget\" data-e-type=\"widget\" data-widget_type=\"image.default\">\n\t\t\t\t<div class=\"elementor-widget-container\">\n\t\t\t\t\t\t\t\t\t\t\t\t\t\t\t<img decoding=\"async\" width=\"1000\" height=\"563\" src=\"https:\/\/bocamspain.com\/wp-content\/uploads\/2024\/04\/Copia-de-Imagenes-web-1-1.jpg\" class=\"attachment-full size-full wp-image-93811\" alt=\"Castles for sale in spain\" srcset=\"https:\/\/bocamspain.com\/wp-content\/uploads\/2024\/04\/Copia-de-Imagenes-web-1-1.jpg 1000w, https:\/\/bocamspain.com\/wp-content\/uploads\/2024\/04\/Copia-de-Imagenes-web-1-1-300x169.jpg 300w, https:\/\/bocamspain.com\/wp-content\/uploads\/2024\/04\/Copia-de-Imagenes-web-1-1-768x432.jpg 768w\" sizes=\"(max-width: 1000px) 100vw, 1000px\" \/>\t\t\t\t\t\t\t\t\t\t\t\t\t\t\t<\/div>\n\t\t\t\t<\/div>\n\t\t\t\t<div class=\"elementor-element elementor-element-532ba017 elementor-hidden-phone elementor-widget elementor-widget-image\" data-id=\"532ba017\" data-element_type=\"widget\" data-e-type=\"widget\" data-widget_type=\"image.default\">\n\t\t\t\t<div class=\"elementor-widget-container\">\n\t\t\t\t\t\t\t\t\t\t\t\t\t\t\t<img decoding=\"async\" width=\"1000\" height=\"563\" src=\"https:\/\/bocamspain.com\/wp-content\/uploads\/2024\/04\/Copia-de-Imagenes-web-4.jpg\" class=\"attachment-full size-full wp-image-93814\" alt=\"Castles to buy in spain\" srcset=\"https:\/\/bocamspain.com\/wp-content\/uploads\/2024\/04\/Copia-de-Imagenes-web-4.jpg 1000w, https:\/\/bocamspain.com\/wp-content\/uploads\/2024\/04\/Copia-de-Imagenes-web-4-300x169.jpg 300w, https:\/\/bocamspain.com\/wp-content\/uploads\/2024\/04\/Copia-de-Imagenes-web-4-768x432.jpg 768w\" sizes=\"(max-width: 1000px) 100vw, 1000px\" \/>\t\t\t\t\t\t\t\t\t\t\t\t\t\t\t<\/div>\n\t\t\t\t<\/div>\n\t\t\t\t\t<\/div>\n\t\t<\/div>\n\t\t\t\t\t<\/div>\n\t\t<\/section>\n\t\t\t\t<section class=\"elementor-section elementor-top-section elementor-element elementor-element-62988661 elementor-section-boxed elementor-section-height-default elementor-section-height-default\" data-id=\"62988661\" data-element_type=\"section\" data-e-type=\"section\">\n\t\t\t\t\t\t<div class=\"elementor-container elementor-column-gap-default\">\n\t\t\t\t\t<div class=\"elementor-column elementor-col-50 elementor-top-column elementor-element elementor-element-1243b4a4\" data-id=\"1243b4a4\" data-element_type=\"column\" data-e-type=\"column\">\n\t\t\t<div class=\"elementor-widget-wrap elementor-element-populated\">\n\t\t\t\t\t\t<div class=\"elementor-element elementor-element-47d5cbec elementor-hidden-phone elementor-widget elementor-widget-image\" data-id=\"47d5cbec\" data-element_type=\"widget\" data-e-type=\"widget\" data-widget_type=\"image.default\">\n\t\t\t\t<div class=\"elementor-widget-container\">\n\t\t\t\t\t\t\t\t\t\t\t\t\t\t\t<img loading=\"lazy\" decoding=\"async\" width=\"1000\" height=\"563\" src=\"https:\/\/bocamspain.com\/wp-content\/uploads\/2024\/04\/Copia-de-Imagenes-web-2-1.jpg\" class=\"attachment-full size-full wp-image-93817\" alt=\"Chateau for sale in spain\" srcset=\"https:\/\/bocamspain.com\/wp-content\/uploads\/2024\/04\/Copia-de-Imagenes-web-2-1.jpg 1000w, https:\/\/bocamspain.com\/wp-content\/uploads\/2024\/04\/Copia-de-Imagenes-web-2-1-300x169.jpg 300w, https:\/\/bocamspain.com\/wp-content\/uploads\/2024\/04\/Copia-de-Imagenes-web-2-1-768x432.jpg 768w\" sizes=\"(max-width: 1000px) 100vw, 1000px\" \/>\t\t\t\t\t\t\t\t\t\t\t\t\t\t\t<\/div>\n\t\t\t\t<\/div>\n\t\t\t\t\t<\/div>\n\t\t<\/div>\n\t\t\t\t<div class=\"elementor-column elementor-col-50 elementor-top-column elementor-element elementor-element-512bdc58\" data-id=\"512bdc58\" data-element_type=\"column\" data-e-type=\"column\">\n\t\t\t<div class=\"elementor-widget-wrap elementor-element-populated\">\n\t\t\t\t\t\t<div class=\"elementor-element elementor-element-65e5b40b elementor-widget elementor-widget-heading\" data-id=\"65e5b40b\" data-element_type=\"widget\" data-e-type=\"widget\" data-widget_type=\"heading.default\">\n\t\t\t\t<div class=\"elementor-widget-container\">\n\t\t\t\t\t<h2 class=\"elementor-heading-title elementor-size-default\">\u00bfNecesitas ayuda con la compra de un castillo en Espa\u00f1a? <\/h2>\t\t\t\t<\/div>\n\t\t\t\t<\/div>\n\t\t\t\t<div class=\"elementor-element elementor-element-1e97ac1f elementor-widget elementor-widget-text-editor\" data-id=\"1e97ac1f\" data-element_type=\"widget\" data-e-type=\"widget\" data-widget_type=\"text-editor.default\">\n\t\t\t\t<div class=\"elementor-widget-container\">\n\t\t\t\t\t\t\t\t\t<p>En Bocam Spain, entendemos que la compra de un castillo va m\u00e1s all\u00e1 de una transacci\u00f3n inmobiliaria; es la entrada a una vida de elegancia, historia y oportunidades sin igual. Queremos ser tu gu\u00eda para que este proceso sea lo m\u00e1s <strong>f\u00e1cil y c\u00f3modo<\/strong> para ti.<\/p><p>Contamos con un <b>equipo de profesionales especializados<\/b> que te garantizar\u00e1 la tranquilidad a lo largo de tu viaje hacia la posesi\u00f3n de un castillo. Desde la b\u00fasqueda del castillo perfecto hasta los detalles legales y procesos de renovaci\u00f3n, te brindamos un asesoramiento integral. <\/p><p><span style=\"font-weight: 400;\">Nuestro<\/span> <b>compromiso<\/b> <span style=\"font-weight: 400;\">es hacer que su experiencia de compra sea lo<\/span> <b>m\u00e1s fluida<\/b> <span style=\"font-weight: 400;\">y<\/span> <b>satisfactoria posible.<\/b><\/p>\t\t\t\t\t\t\t\t<\/div>\n\t\t\t\t<\/div>\n\t\t\t\t\t<\/div>\n\t\t<\/div>\n\t\t\t\t\t<\/div>\n\t\t<\/section>\n\t\t\t\t<\/div>\n\t\t","protected":false},"excerpt":{"rendered":"<p>Oportunidades \u00danicas para Comprar Castillos en venta en Espa\u00f1a Comprar castillo en Espa\u00f1a: Una aut\u00e9ntica experiencia Todos hemos so\u00f1ado alguna vez con la idea de vivir en un gran castillo con sus incre\u00edbles vistas, pero \u00bfes posible comprar un castillo? En Espa\u00f1a existen gran cantidad de castillos medievales que est\u00e1n a la venta y pueden [&hellip;]<\/p>\n","protected":false},"author":4,"featured_media":0,"parent":93368,"menu_order":0,"comment_status":"closed","ping_status":"closed","template":"elementor_header_footer","meta":{"_acf_changed":false,"_joinchat":[],"footnotes":""},"class_list":["post-93830","page","type-page","status-publish","hentry"],"acf":[],"aioseo_notices":[],"_links":{"self":[{"href":"https:\/\/bocamspain.com\/es\/wp-json\/wp\/v2\/pages\/93830","targetHints":{"allow":["GET"]}}],"collection":[{"href":"https:\/\/bocamspain.com\/es\/wp-json\/wp\/v2\/pages"}],"about":[{"href":"https:\/\/bocamspain.com\/es\/wp-json\/wp\/v2\/types\/page"}],"author":[{"embeddable":true,"href":"https:\/\/bocamspain.com\/es\/wp-json\/wp\/v2\/users\/4"}],"replies":[{"embeddable":true,"href":"https:\/\/bocamspain.com\/es\/wp-json\/wp\/v2\/comments?post=93830"}],"version-history":[{"count":7,"href":"https:\/\/bocamspain.com\/es\/wp-json\/wp\/v2\/pages\/93830\/revisions"}],"predecessor-version":[{"id":630026,"href":"https:\/\/bocamspain.com\/es\/wp-json\/wp\/v2\/pages\/93830\/revisions\/630026"}],"up":[{"embeddable":true,"href":"https:\/\/bocamspain.com\/es\/wp-json\/wp\/v2\/pages\/93368"}],"wp:attachment":[{"href":"https:\/\/bocamspain.com\/es\/wp-json\/wp\/v2\/media?parent=93830"}],"curies":[{"name":"wp","href":"https:\/\/api.w.org\/{rel}","templated":true}]}}