{"id":93925,"date":"2024-04-09T07:30:23","date_gmt":"2024-04-09T07:30:23","guid":{"rendered":"https:\/\/bocamspain.com\/historias-reales\/"},"modified":"2024-08-02T11:50:09","modified_gmt":"2024-08-02T11:50:09","slug":"historias-reales","status":"publish","type":"page","link":"https:\/\/bocamspain.com\/es\/historias-reales\/","title":{"rendered":"Historias Reales"},"content":{"rendered":"\t\t<div data-elementor-type=\"wp-page\" data-elementor-id=\"93925\" class=\"elementor elementor-93925 elementor-93892\">\n\t\t\t\t\t\t<section class=\"elementor-section elementor-top-section elementor-element elementor-element-5a99149 elementor-section-content-middle elementor-section-boxed elementor-section-height-default elementor-section-height-default\" data-id=\"5a99149\" data-element_type=\"section\" data-e-type=\"section\" data-settings=\"{&quot;background_background&quot;:&quot;classic&quot;}\">\n\t\t\t\t\t\t\t<div class=\"elementor-background-overlay\"><\/div>\n\t\t\t\t\t\t\t<div class=\"elementor-container elementor-column-gap-default\">\n\t\t\t\t\t<div class=\"elementor-column elementor-col-100 elementor-top-column elementor-element elementor-element-d8211a4\" data-id=\"d8211a4\" data-element_type=\"column\" data-e-type=\"column\">\n\t\t\t<div class=\"elementor-widget-wrap elementor-element-populated\">\n\t\t\t\t\t\t<div class=\"elementor-element elementor-element-a680c84 elementor-widget elementor-widget-heading\" data-id=\"a680c84\" data-element_type=\"widget\" data-e-type=\"widget\" data-widget_type=\"heading.default\">\n\t\t\t\t<div class=\"elementor-widget-container\">\n\t\t\t\t\t<h1 class=\"elementor-heading-title elementor-size-default\">Historias reales: casos reales de expatriados que viven en Espa\u00f1a<\/h1>\t\t\t\t<\/div>\n\t\t\t\t<\/div>\n\t\t\t\t\t<\/div>\n\t\t<\/div>\n\t\t\t\t\t<\/div>\n\t\t<\/section>\n\t\t\t\t<section class=\"elementor-section elementor-top-section elementor-element elementor-element-bbb7f0a elementor-section-boxed elementor-section-height-default elementor-section-height-default\" data-id=\"bbb7f0a\" data-element_type=\"section\" data-e-type=\"section\">\n\t\t\t\t\t\t<div class=\"elementor-container elementor-column-gap-default\">\n\t\t\t\t\t<div class=\"elementor-column elementor-col-100 elementor-top-column elementor-element elementor-element-3575472\" data-id=\"3575472\" data-element_type=\"column\" data-e-type=\"column\">\n\t\t\t<div class=\"elementor-widget-wrap elementor-element-populated\">\n\t\t\t\t\t\t<div class=\"elementor-element elementor-element-0153091 elementor-grid-eael-col-3 elementor-grid-tablet-eael-col-2 elementor-grid-mobile-eael-col-1 elementor-widget elementor-widget-eael-post-grid\" data-id=\"0153091\" data-element_type=\"widget\" data-e-type=\"widget\" data-settings=\"{&quot;eael_post_grid_columns&quot;:&quot;eael-col-3&quot;,&quot;eael_post_grid_columns_tablet&quot;:&quot;eael-col-2&quot;,&quot;eael_post_grid_columns_mobile&quot;:&quot;eael-col-1&quot;}\" data-widget_type=\"eael-post-grid.default\">\n\t\t\t\t<div class=\"elementor-widget-container\">\n\t\t\t\t\t<div id=\"eael-post-grid-0153091\" class=\"eael-post-grid-container\">\n            <div class=\"eael-post-grid eael-post-appender eael-post-appender-0153091 eael-post-grid-style-one\" data-layout-mode=\"masonry\"><article class=\"eael-grid-post  eael-post-grid-column eael-pg-post-253462 category-historias-reales\" data-id=\"253462\">\n        <div class=\"eael-grid-post-holder\">\n            <div class=\"eael-grid-post-holder-inner\"><div class=\"eael-entry-media\"><div class=\"eael-entry-overlay fade-in\"><i class=\"fas fa-long-arrow-alt-right\" aria-hidden=\"true\"><\/i><a href=\"https:\/\/bocamspain.com\/es\/seguro-de-enfermedad-para-extranjeros-en-espana\/\"><\/a><\/div><div class=\"eael-entry-thumbnail \">\n                <img fetchpriority=\"high\" decoding=\"async\" width=\"800\" height=\"450\" src=\"https:\/\/bocamspain.com\/wp-content\/uploads\/2024\/05\/Diseno-sin-titulo-2-1-1-1024x576.jpg\" class=\"attachment-large size-large wp-image-253472\" alt=\"health insurance for foreigners in spain\" srcset=\"https:\/\/bocamspain.com\/wp-content\/uploads\/2024\/05\/Diseno-sin-titulo-2-1-1-1024x576.jpg 1024w, https:\/\/bocamspain.com\/wp-content\/uploads\/2024\/05\/Diseno-sin-titulo-2-1-1-300x169.jpg 300w, https:\/\/bocamspain.com\/wp-content\/uploads\/2024\/05\/Diseno-sin-titulo-2-1-1-768x432.jpg 768w, https:\/\/bocamspain.com\/wp-content\/uploads\/2024\/05\/Diseno-sin-titulo-2-1-1.jpg 1366w\" sizes=\"(max-width: 800px) 100vw, 800px\" \/>\n            <\/div>\n        <\/div><div class=\"eael-entry-wrapper\"><header class=\"eael-entry-header\"><h2 class=\"eael-entry-title\"><a class=\"eael-grid-post-link\" href=\"https:\/\/bocamspain.com\/es\/seguro-de-enfermedad-para-extranjeros-en-espana\/\" title=\"Informaci\u00f3n de seguros m\u00e9dicos para expatriados en Espa\u00f1a\">Informaci\u00f3n de seguros m\u00e9dicos para expatriados en Espa\u00f1a<\/a><\/h2><\/header><div class=\"eael-entry-content\">\n                        <div class=\"eael-grid-post-excerpt\"><p>El siguiente contenido ha sido adaptado con permiso del blog...<\/p><\/div>\n                    <\/div><div class=\"eael-entry-footer\"><div class=\"eael-entry-meta\"><span class=\"eael-posted-on\"><time datetime=\"21 de mayo de 2024\">21 de mayo de 2024<\/time><\/span><\/div><\/div><\/div><\/div>\n        <\/div>\n    <\/article><article class=\"eael-grid-post  eael-post-grid-column eael-pg-post-93954 category-historias-reales\" data-id=\"93954\">\n        <div class=\"eael-grid-post-holder\">\n            <div class=\"eael-grid-post-holder-inner\"><div class=\"eael-entry-media\"><div class=\"eael-entry-overlay fade-in\"><i class=\"fas fa-long-arrow-alt-right\" aria-hidden=\"true\"><\/i><a href=\"https:\/\/bocamspain.com\/es\/6-consejos-para-preparar-a-tus-hijos-para-mudarse-al-extranjero\/\"><\/a><\/div><div class=\"eael-entry-thumbnail \">\n                <img decoding=\"async\" width=\"800\" height=\"450\" src=\"https:\/\/bocamspain.com\/wp-content\/uploads\/2024\/04\/Diseno-sin-titulo-1-3-1024x576.jpg\" class=\"attachment-large size-large wp-image-93920\" alt=\"family moving abroad spain\" srcset=\"https:\/\/bocamspain.com\/wp-content\/uploads\/2024\/04\/Diseno-sin-titulo-1-3-1024x576.jpg 1024w, https:\/\/bocamspain.com\/wp-content\/uploads\/2024\/04\/Diseno-sin-titulo-1-3-300x169.jpg 300w, https:\/\/bocamspain.com\/wp-content\/uploads\/2024\/04\/Diseno-sin-titulo-1-3-768x432.jpg 768w, https:\/\/bocamspain.com\/wp-content\/uploads\/2024\/04\/Diseno-sin-titulo-1-3-1536x864.jpg 1536w, https:\/\/bocamspain.com\/wp-content\/uploads\/2024\/04\/Diseno-sin-titulo-1-3-2048x1152.jpg 2048w\" sizes=\"(max-width: 800px) 100vw, 800px\" \/>\n            <\/div>\n        <\/div><div class=\"eael-entry-wrapper\"><header class=\"eael-entry-header\"><h2 class=\"eael-entry-title\"><a class=\"eael-grid-post-link\" href=\"https:\/\/bocamspain.com\/es\/6-consejos-para-preparar-a-tus-hijos-para-mudarse-al-extranjero\/\" title=\"Consejos para preparar a los ni\u00f1os para mudarse al extranjero\">Consejos para preparar a los ni\u00f1os para mudarse al extranjero<\/a><\/h2><\/header><div class=\"eael-entry-content\">\n                        <div class=\"eael-grid-post-excerpt\"><p>El siguiente contenido ha sido adaptado con permiso del blog...<\/p><\/div>\n                    <\/div><div class=\"eael-entry-footer\"><div class=\"eael-entry-meta\"><span class=\"eael-posted-on\"><time datetime=\"9 de abril de 2024\">9 de abril de 2024<\/time><\/span><\/div><\/div><\/div><\/div>\n        <\/div>\n    <\/article><\/div>\n            <div class=\"clearfix\"><\/div>\n        <\/div>\t\t\t\t<\/div>\n\t\t\t\t<\/div>\n\t\t\t\t\t<\/div>\n\t\t<\/div>\n\t\t\t\t\t<\/div>\n\t\t<\/section>\n\t\t\t\t<\/div>\n\t\t","protected":false},"excerpt":{"rendered":"<p>Historias reales: casos reales de expatriados que viven en Espa\u00f1a Comprehensive Health Insurance Choices for Expats Living in Spain The following content is adapted with permission from the &#8220;Coming&#8230; May 21, 2024 Discover Essential Tips: Preparing Kids for Moving Abroad The following content is adapted with permission from Lauren&#8217;s blog,&#8230; April 9, 2024<\/p>\n","protected":false},"author":1,"featured_media":0,"parent":0,"menu_order":0,"comment_status":"closed","ping_status":"closed","template":"elementor_header_footer","meta":{"_acf_changed":false,"_joinchat":[],"footnotes":""},"class_list":["post-93925","page","type-page","status-publish","hentry"],"acf":[],"aioseo_notices":[],"_links":{"self":[{"href":"https:\/\/bocamspain.com\/es\/wp-json\/wp\/v2\/pages\/93925","targetHints":{"allow":["GET"]}}],"collection":[{"href":"https:\/\/bocamspain.com\/es\/wp-json\/wp\/v2\/pages"}],"about":[{"href":"https:\/\/bocamspain.com\/es\/wp-json\/wp\/v2\/types\/page"}],"author":[{"embeddable":true,"href":"https:\/\/bocamspain.com\/es\/wp-json\/wp\/v2\/users\/1"}],"replies":[{"embeddable":true,"href":"https:\/\/bocamspain.com\/es\/wp-json\/wp\/v2\/comments?post=93925"}],"version-history":[{"count":2,"href":"https:\/\/bocamspain.com\/es\/wp-json\/wp\/v2\/pages\/93925\/revisions"}],"predecessor-version":[{"id":618133,"href":"https:\/\/bocamspain.com\/es\/wp-json\/wp\/v2\/pages\/93925\/revisions\/618133"}],"wp:attachment":[{"href":"https:\/\/bocamspain.com\/es\/wp-json\/wp\/v2\/media?parent=93925"}],"curies":[{"name":"wp","href":"https:\/\/api.w.org\/{rel}","templated":true}]}}